{"id":12234,"date":"2025-02-11T18:00:48","date_gmt":"2025-02-11T18:00:48","guid":{"rendered":"https:\/\/edimeinter.com\/libreria\/?post_type=product&#038;p=12234"},"modified":"2025-05-08T18:10:34","modified_gmt":"2025-05-08T18:10:34","slug":"introduccion-a-la-estadistica-en-ciencias-de-la-salud-incluye-version-digital-3a-edicion","status":"publish","type":"product","link":"https:\/\/edimeinter.com\/libreria\/product\/introduccion-a-la-estadistica-en-ciencias-de-la-salud-incluye-version-digital-3a-edicion\/","title":{"rendered":"Introducci\u00f3n a la Estad\u00edstica en Ciencias de la Salud (incluye versi\u00f3n digital). 3\u00aa Edici\u00f3n"},"content":{"rendered":"\t\t<div data-elementor-type=\"wp-post\" data-elementor-id=\"12234\" class=\"elementor elementor-12234\">\n\t\t\t\t<div class=\"elementor-element elementor-element-2612b12 e-flex e-con-boxed e-con e-parent\" data-id=\"2612b12\" data-element_type=\"container\" data-e-type=\"container\">\n\t\t\t\t\t<div class=\"e-con-inner\">\n\t\t\n\t\t<div class=\"elementor-element elementor-element-498707ae elementor-widget elementor-widget-text-editor\" data-id=\"498707ae\" data-element_type=\"widget\" data-e-type=\"widget\" data-widget_type=\"text-editor.default\">\n\t\t\t\t<div class=\"elementor-widget-container\">\n\t\t\t\t\t\t\t\t\t<div role=\"tabpanel\" aria-labelledby=\"ui-id-2\" aria-hidden=\"false\"><div data-style=\"accordion-style\" data-initialindex=\"0\"><p>Una dificultad frecuente para quienes se forman y trabajan en las ciencias de la salud es entender y analizar los resultados estad\u00edsticos de los documentos cient\u00edficos y otros escritos con informaci\u00f3n general. Esta tercera edici\u00f3n de Introducci\u00f3n a la Estad\u00edstica en Ciencias de la Salud, un texto pr\u00e1ctico y sencillo, permitir\u00e1 alcanzar la capacitaci\u00f3n inicial para superar esa dificultad. A partir de su lectura, las secciones de los trabajos que requieran una interpretaci\u00f3n y valoraci\u00f3n de datos num\u00e9ricos comenzar\u00e1n a dejar de ser p\u00e1ginas que solo puede entender un experto en estad\u00edstica para transformarse en un material pleno de significados comprensibles que el lector podr\u00e1 incorporar a su caudal de conocimientos.<\/p><p>La experiencia recogida por el autor en el desarrollo de actividades docentes en carreras de grado y posgrado le ha permitido realizar algunos cambios e incorporar conceptos que complementan los incluidos en las ediciones anteriores, aunque manteniendo el formato y criterio originales.<\/p><\/div><\/div>\t\t\t\t\t\t\t\t<\/div>\n\t\t\t\t<\/div>\n\t\t\t\t\t<\/div>\n\t\t\t\t<\/div>\n\t\t\t\t<\/div>\n\t\t","protected":false},"excerpt":{"rendered":"<p><strong>Autores:<\/strong>\u00a0Ricardo Luis Macchi<br \/>\n<strong>ISBN:<\/strong>\u00a09789500696357<br \/>\n<strong>Editorial:<\/strong>\u00a0Panamericana<br \/>\n<strong>Edici\u00f3n:<\/strong>\u00a03\u00aa<br \/>\n<strong>Especialidad<\/strong>: Epidemiolog\u00eda<br \/>\n<strong>P\u00e1ginas:\u00a0<\/strong>132<br \/>\n\u00a9 2020<\/p>\n","protected":false},"featured_media":12235,"comment_status":"open","ping_status":"closed","template":"","meta":{"_joinchat":[]},"product_cat":[225],"product_tag":[226,70],"class_list":{"0":"post-12234","1":"product","2":"type-product","3":"status-publish","4":"has-post-thumbnail","6":"product_cat-epidemiologia","7":"product_tag-epidemiologia","8":"product_tag-panamericana","10":"first","11":"instock","12":"featured","13":"taxable","14":"shipping-taxable","15":"purchasable","16":"product-type-simple"},"_links":{"self":[{"href":"https:\/\/edimeinter.com\/libreria\/wp-json\/wp\/v2\/product\/12234","targetHints":{"allow":["GET"]}}],"collection":[{"href":"https:\/\/edimeinter.com\/libreria\/wp-json\/wp\/v2\/product"}],"about":[{"href":"https:\/\/edimeinter.com\/libreria\/wp-json\/wp\/v2\/types\/product"}],"replies":[{"embeddable":true,"href":"https:\/\/edimeinter.com\/libreria\/wp-json\/wp\/v2\/comments?post=12234"}],"version-history":[{"count":2,"href":"https:\/\/edimeinter.com\/libreria\/wp-json\/wp\/v2\/product\/12234\/revisions"}],"predecessor-version":[{"id":16501,"href":"https:\/\/edimeinter.com\/libreria\/wp-json\/wp\/v2\/product\/12234\/revisions\/16501"}],"wp:featuredmedia":[{"embeddable":true,"href":"https:\/\/edimeinter.com\/libreria\/wp-json\/wp\/v2\/media\/12235"}],"wp:attachment":[{"href":"https:\/\/edimeinter.com\/libreria\/wp-json\/wp\/v2\/media?parent=12234"}],"wp:term":[{"taxonomy":"product_cat","embeddable":true,"href":"https:\/\/edimeinter.com\/libreria\/wp-json\/wp\/v2\/product_cat?post=12234"},{"taxonomy":"product_tag","embeddable":true,"href":"https:\/\/edimeinter.com\/libreria\/wp-json\/wp\/v2\/product_tag?post=12234"}],"curies":[{"name":"wp","href":"https:\/\/api.w.org\/{rel}","templated":true}]}}