{"id":12240,"date":"2025-02-11T18:04:47","date_gmt":"2025-02-11T18:04:47","guid":{"rendered":"https:\/\/edimeinter.com\/libreria\/?post_type=product&#038;p=12240"},"modified":"2026-02-19T18:10:07","modified_gmt":"2026-02-19T18:10:07","slug":"oncologia-integrativa-incluye-version-digital-manual-basico-y-clinico-1a-edicion","status":"publish","type":"product","link":"https:\/\/edimeinter.com\/libreria\/product\/oncologia-integrativa-incluye-version-digital-manual-basico-y-clinico-1a-edicion\/","title":{"rendered":"Oncolog\u00eda Integrativa (incluye versi\u00f3n digital) Manual b\u00e1sico y cl\u00ednico. 1\u00aa Edici\u00f3n"},"content":{"rendered":"\t\t<div data-elementor-type=\"wp-post\" data-elementor-id=\"12240\" class=\"elementor elementor-12240\">\n\t\t\t\t<div class=\"elementor-element elementor-element-2612b12 e-flex e-con-boxed e-con e-parent\" data-id=\"2612b12\" data-element_type=\"container\" data-e-type=\"container\">\n\t\t\t\t\t<div class=\"e-con-inner\">\n\t\t\n\t\t<div class=\"elementor-element elementor-element-498707ae elementor-widget elementor-widget-text-editor\" data-id=\"498707ae\" data-element_type=\"widget\" data-e-type=\"widget\" data-widget_type=\"text-editor.default\">\n\t\t\t\t<div class=\"elementor-widget-container\">\n\t\t\t\t\t\t\t\t\t<div role=\"tabpanel\" aria-labelledby=\"ui-id-2\" aria-hidden=\"false\"><div data-style=\"accordion-style\" data-initialindex=\"0\"><p>La necesidad de cuidados y no s\u00f3lo de medicamentos es la idea sobre la que se sustentan los principios de la Medicina Integrativa, un nuevo paradigma m\u00e9dico forjado en la \u00faltima d\u00e9cada del siglo pasado que pretende dar respuestas a un hecho contrastado: existe un alto porcentaje de pacientes que, tras su paso por la consulta m\u00e9dica, solicitaban ayuda a profesionales de las denominadas \u201cmedicinas alternativas\u201d.<\/p><p>Esta obra es la expresi\u00f3n de un movimiento a favor de la aceptaci\u00f3n \u2013y no persecuci\u00f3n- de aquellos que ponen la primera piedra de la Oncolog\u00eda Integrativa en Espa\u00f1a de manera humilde y silenciosa, trabajando como m\u00e9dicos y agentes de salud en sus consultas extrahospitalarias o colaborando en otros lugares por afinidad o inquietud por ayudar a las personas que padecen c\u00e1ncer.<\/p><p>Es una muestra de la realidad singular y diversa de un colectivo profesional, incluido en el entorno del cuidado de la salud, que pulsa por practicar una medicina que aporta matices que se salen del marco de lo convencional.<\/p><p>Si algo caracteriza a la Medicina y la Oncolog\u00eda Integrativa es que, adem\u00e1s de ciencia, incorpora elementos antropol\u00f3gicos muy valiosos para la salud y el bienestar del ser humano; que contribuyen a mejorar su enfermedad y a reestructurar el sentido del c\u00e1ncer dentro de su vida.<\/p><p>Este libro se define por la transversalidad del conocimiento y su diversidad en las trayectorias profesionales, mentalidades y experiencias de los autores. Participan m\u00faltiples expertos consolidados en este campo y en otros de la medicina convencional, m\u00e9dicos, fisioterapeutas, psic\u00f3logos, agentes de salud, abogados, veterinarios y otros. Encontraremos cap\u00edtulos que son revisiones cient\u00edficas dignas de cualquier tratado de Oncolog\u00eda convencional y otros que nos hablan de aspectos de la salud de las personas desde perspectivas m\u00e1s humanistas.<\/p><\/div><\/div>\t\t\t\t\t\t\t\t<\/div>\n\t\t\t\t<\/div>\n\t\t\t\t\t<\/div>\n\t\t\t\t<\/div>\n\t\t\t\t<\/div>\n\t\t","protected":false},"excerpt":{"rendered":"<p><strong>Autores:<\/strong>\u00a0SESMI \u2013 Sociedad Espa\u00f1ola de Salud y Medicina Integrativa,Natalia Eres Charles,Juan Serrano Gand\u00eda,Alejandra Menassa de Luc\u00eda,Sergio Mej\u00eda Viana<br \/>\n<strong>ISBN:<\/strong>\u00a09788491106357<br \/>\n<strong>Editorial:<\/strong>\u00a0Panamericana<br \/>\n<strong>Edici\u00f3n:<\/strong>\u00a01\u00aa<br \/>\n<strong>Especialidad<\/strong>:\u00a0Oncolog\u00eda<br \/>\n<strong>P\u00e1ginas:\u00a0<\/strong>524<br \/>\n\u00a9 2020<\/p>\n","protected":false},"featured_media":12241,"comment_status":"open","ping_status":"closed","template":"","meta":{"_joinchat":[]},"product_cat":[77],"product_tag":[78,70],"class_list":{"0":"post-12240","1":"product","2":"type-product","3":"status-publish","4":"has-post-thumbnail","6":"product_cat-oncologia","7":"product_tag-oncologia","8":"product_tag-panamericana","10":"first","11":"outofstock","12":"featured","13":"taxable","14":"shipping-taxable","15":"purchasable","16":"product-type-simple"},"_links":{"self":[{"href":"https:\/\/edimeinter.com\/libreria\/wp-json\/wp\/v2\/product\/12240","targetHints":{"allow":["GET"]}}],"collection":[{"href":"https:\/\/edimeinter.com\/libreria\/wp-json\/wp\/v2\/product"}],"about":[{"href":"https:\/\/edimeinter.com\/libreria\/wp-json\/wp\/v2\/types\/product"}],"replies":[{"embeddable":true,"href":"https:\/\/edimeinter.com\/libreria\/wp-json\/wp\/v2\/comments?post=12240"}],"version-history":[{"count":2,"href":"https:\/\/edimeinter.com\/libreria\/wp-json\/wp\/v2\/product\/12240\/revisions"}],"predecessor-version":[{"id":15373,"href":"https:\/\/edimeinter.com\/libreria\/wp-json\/wp\/v2\/product\/12240\/revisions\/15373"}],"wp:featuredmedia":[{"embeddable":true,"href":"https:\/\/edimeinter.com\/libreria\/wp-json\/wp\/v2\/media\/12241"}],"wp:attachment":[{"href":"https:\/\/edimeinter.com\/libreria\/wp-json\/wp\/v2\/media?parent=12240"}],"wp:term":[{"taxonomy":"product_cat","embeddable":true,"href":"https:\/\/edimeinter.com\/libreria\/wp-json\/wp\/v2\/product_cat?post=12240"},{"taxonomy":"product_tag","embeddable":true,"href":"https:\/\/edimeinter.com\/libreria\/wp-json\/wp\/v2\/product_tag?post=12240"}],"curies":[{"name":"wp","href":"https:\/\/api.w.org\/{rel}","templated":true}]}}