{"id":12249,"date":"2025-02-11T18:07:54","date_gmt":"2025-02-11T18:07:54","guid":{"rendered":"https:\/\/edimeinter.com\/libreria\/?post_type=product&#038;p=12249"},"modified":"2025-12-22T20:30:33","modified_gmt":"2025-12-22T20:30:33","slug":"el-abc-en-medicina-paliativa-incluye-version-digital-2a-edicion","status":"publish","type":"product","link":"https:\/\/edimeinter.com\/libreria\/product\/el-abc-en-medicina-paliativa-incluye-version-digital-2a-edicion\/","title":{"rendered":"El ABC en Medicina Paliativa (incluye versi\u00f3n digital). 2\u00aa Edici\u00f3n"},"content":{"rendered":"\t\t<div data-elementor-type=\"wp-post\" data-elementor-id=\"12249\" class=\"elementor elementor-12249\">\n\t\t\t\t<div class=\"elementor-element elementor-element-2612b12 e-flex e-con-boxed e-con e-parent\" data-id=\"2612b12\" data-element_type=\"container\" data-e-type=\"container\">\n\t\t\t\t\t<div class=\"e-con-inner\">\n\t\t\n\t\t<div class=\"elementor-element elementor-element-498707ae elementor-widget elementor-widget-text-editor\" data-id=\"498707ae\" data-element_type=\"widget\" data-e-type=\"widget\" data-widget_type=\"text-editor.default\">\n\t\t\t\t<div class=\"elementor-widget-container\">\n\t\t\t\t\t\t\t\t\t<div role=\"tabpanel\" aria-labelledby=\"ui-id-2\" aria-hidden=\"false\"><div data-style=\"accordion-style\" data-initialindex=\"0\"><p>El ABC en Medicina Paliativa tiene como objetivo primordial presentar una visi\u00f3n de los cuidados paliativos con la finalidad de formar a los m\u00e9dicos y profesionales de la salud en los diferentes niveles de atenci\u00f3n, a trav\u00e9s de un enfoque integral y actualizado, incorporando la filosof\u00eda del cuidado en los pacientes con enfermedades cr\u00f3nicas en etapas avanzadas.<\/p><p>En esta nueva edici\u00f3n se destacan las siguientes caracter\u00edsticas:<\/p><ul><li>Abordaje pr\u00e1ctico para enfrentar los diferentes temas en cuidados paliativos, considerando los avances recientes y la experiencia cl\u00ednica de los autores.<\/li><li>Revisi\u00f3n de temas relevantes en el contexto nacional como la contrarreferencia de pacientes al primer nivel de atenci\u00f3n, el papel del cuidador informal en los cuidados paliativos, aspectos bio\u00e9ticos y el importante papel que el m\u00e9dico del primer nivel de atenci\u00f3n tiene en el cuidado de pacientes con patolog\u00edas incurables.<\/li><li>Inclusi\u00f3n de conceptos b\u00e1sicos e intermedios de cuidados paliativos con la finalidad de orientar a los tomadores de decisi\u00f3n.<\/li><li>Un sitio web complementario que incluye: casos cl\u00ednicos y dilemas bio\u00e9ticos que hace que el alumno pueda dimensionar la complejidad de la integraci\u00f3n f\u00edsica, psicol\u00f3gica, social y espiritual de los s\u00edntomas al final de la vida bajo la visi\u00f3n preventiva y rehabilitadora de equipos multidisciplinarios; escalas de medici\u00f3n, principalmente utilizadas en cuidados paliativos y; bibliograf\u00eda de consulta para ampliar los temas de sus 20 cap\u00edtulos.<\/li><\/ul><p>La segunda edici\u00f3n de El ABC en Medicina Paliativa es una obra pensada para el m\u00e9dico generalista con pr\u00e1ctica cl\u00ednica, m\u00e9dico de familia, geriatra y pediatra, como tambi\u00e9n para los profesionales y estudiantes de distintas licenciaturas en ciencias de la salud, tanto de M\u00e9xico como de otros pa\u00edses de la regi\u00f3n, que est\u00e9n interesados en aprender un manejo hol\u00edstico de los cuidados paliativos centrados en la persona, en la cercan\u00eda de su domicilio y basados en evidencias cient\u00edficas.<\/p><\/div><\/div>\t\t\t\t\t\t\t\t<\/div>\n\t\t\t\t<\/div>\n\t\t\t\t\t<\/div>\n\t\t\t\t<\/div>\n\t\t\t\t<\/div>\n\t\t","protected":false},"excerpt":{"rendered":"<p><strong>Autores:<\/strong>\u00a0Silvia R. Allende P\u00e9rez,Emma L. Ver\u00e1stegui Avil\u00e9s<br \/>\n<strong>ISBN:<\/strong>\u00a09786078546312<br \/>\n<strong>Editorial:<\/strong>\u00a0Panamericana<br \/>\n<strong>Edici\u00f3n:<\/strong>\u00a02\u00aa<br \/>\n<strong>Especialidad<\/strong>:\u00a0Oncolog\u00eda<br \/>\n<strong>P\u00e1ginas:\u00a0<\/strong>428<br \/>\n\u00a9 2020<\/p>\n","protected":false},"featured_media":12254,"comment_status":"open","ping_status":"closed","template":"","meta":{"_joinchat":[]},"product_cat":[77],"product_tag":[78,70],"class_list":{"0":"post-12249","1":"product","2":"type-product","3":"status-publish","4":"has-post-thumbnail","6":"product_cat-oncologia","7":"product_tag-oncologia","8":"product_tag-panamericana","10":"first","11":"outofstock","12":"featured","13":"taxable","14":"shipping-taxable","15":"purchasable","16":"product-type-simple"},"_links":{"self":[{"href":"https:\/\/edimeinter.com\/libreria\/wp-json\/wp\/v2\/product\/12249","targetHints":{"allow":["GET"]}}],"collection":[{"href":"https:\/\/edimeinter.com\/libreria\/wp-json\/wp\/v2\/product"}],"about":[{"href":"https:\/\/edimeinter.com\/libreria\/wp-json\/wp\/v2\/types\/product"}],"replies":[{"embeddable":true,"href":"https:\/\/edimeinter.com\/libreria\/wp-json\/wp\/v2\/comments?post=12249"}],"version-history":[{"count":1,"href":"https:\/\/edimeinter.com\/libreria\/wp-json\/wp\/v2\/product\/12249\/revisions"}],"predecessor-version":[{"id":15374,"href":"https:\/\/edimeinter.com\/libreria\/wp-json\/wp\/v2\/product\/12249\/revisions\/15374"}],"wp:featuredmedia":[{"embeddable":true,"href":"https:\/\/edimeinter.com\/libreria\/wp-json\/wp\/v2\/media\/12254"}],"wp:attachment":[{"href":"https:\/\/edimeinter.com\/libreria\/wp-json\/wp\/v2\/media?parent=12249"}],"wp:term":[{"taxonomy":"product_cat","embeddable":true,"href":"https:\/\/edimeinter.com\/libreria\/wp-json\/wp\/v2\/product_cat?post=12249"},{"taxonomy":"product_tag","embeddable":true,"href":"https:\/\/edimeinter.com\/libreria\/wp-json\/wp\/v2\/product_tag?post=12249"}],"curies":[{"name":"wp","href":"https:\/\/api.w.org\/{rel}","templated":true}]}}