{"id":12256,"date":"2025-02-11T18:12:48","date_gmt":"2025-02-11T18:12:48","guid":{"rendered":"https:\/\/edimeinter.com\/libreria\/?post_type=product&#038;p=12256"},"modified":"2025-03-04T17:38:32","modified_gmt":"2025-03-04T17:38:32","slug":"urgencias-pediatricas-incluye-version-digital-guia-de-actuacion-2a-edicion","status":"publish","type":"product","link":"https:\/\/edimeinter.com\/libreria\/product\/urgencias-pediatricas-incluye-version-digital-guia-de-actuacion-2a-edicion\/","title":{"rendered":"Urgencias Pedi\u00e1tricas (incluye versi\u00f3n digital). Gu\u00eda de actuaci\u00f3n. 2\u00aa edici\u00f3n"},"content":{"rendered":"\t\t<div data-elementor-type=\"wp-post\" data-elementor-id=\"12256\" class=\"elementor elementor-12256\">\n\t\t\t\t<div class=\"elementor-element elementor-element-2612b12 e-flex e-con-boxed e-con e-parent\" data-id=\"2612b12\" data-element_type=\"container\" data-e-type=\"container\">\n\t\t\t\t\t<div class=\"e-con-inner\">\n\t\t\n\t\t<div class=\"elementor-element elementor-element-498707ae elementor-widget elementor-widget-text-editor\" data-id=\"498707ae\" data-element_type=\"widget\" data-e-type=\"widget\" data-widget_type=\"text-editor.default\">\n\t\t\t\t<div class=\"elementor-widget-container\">\n\t\t\t\t\t\t\t\t\t<p>El conocimiento de las enfermedades del h\u00edgado en el ni\u00f1o ha experimentado un enorme progreso en las \u00faltimas d\u00e9cadas como consecuencia de los avances cient\u00edficos y tecnol\u00f3gicos de las ciencias b\u00e1sicas (biolog\u00eda molecular y celular, qu\u00edmica, virolog\u00eda, farmacolog\u00eda, inmunolog\u00eda, gen\u00e9tica) y del uso de t\u00e9cnicas modernas como la prote\u00f3mica, la metabol\u00f3mica y los estudios por im\u00e1genes. Este gran caudal de informaci\u00f3n actualizada se presenta de manera concisa y amena, pero con rigor cient\u00edfico, en Hepatolog\u00eda para Pediatras. Gu\u00eda pr\u00e1ctica para el manejo cl\u00ednico, una obra que cumple con el objetivo de sus directores de sistematizar los conocimientos b\u00e1sicos de la hepatolog\u00eda para trabajar, de manera interdisciplinaria, con los pediatras generales, los pediatras internistas y los neonat\u00f3logos en el mejor cuidado del ni\u00f1o con afecciones hep\u00e1ticas.<\/p>\t\t\t\t\t\t\t\t<\/div>\n\t\t\t\t<\/div>\n\t\t\t\t\t<\/div>\n\t\t\t\t<\/div>\n\t\t\t\t<\/div>\n\t\t","protected":false},"excerpt":{"rendered":"<p><strong>Autores:<\/strong>\u00a0Javier Benito Fern\u00e1ndez,Santiago Mintegi Raso<br \/>\n<strong>ISBN:<\/strong>\u00a09788491102601<br \/>\n<strong>Editorial:<\/strong>\u00a0Panamericana<br \/>\n<strong>Edici\u00f3n:<\/strong>\u00a02\u00aa<br \/>\n<strong>Especialidad<\/strong>:\u00a0Pediatr\u00eda<br \/>\n<strong>P\u00e1ginas:\u00a0<\/strong>950<br \/>\n\u00a9 2019<\/p>\n","protected":false},"featured_media":12257,"comment_status":"open","ping_status":"open","template":"","meta":{"_joinchat":[]},"product_cat":[130],"product_tag":[174,70,131],"class_list":{"0":"post-12256","1":"product","2":"type-product","3":"status-publish","4":"has-post-thumbnail","6":"product_cat-pediatria-y-neonatologia","7":"product_tag-outlet","8":"product_tag-panamericana","9":"product_tag-pediatria-y-neonatologia","11":"first","12":"instock","13":"sale","14":"featured","15":"taxable","16":"shipping-taxable","17":"purchasable","18":"product-type-simple"},"_links":{"self":[{"href":"https:\/\/edimeinter.com\/libreria\/wp-json\/wp\/v2\/product\/12256","targetHints":{"allow":["GET"]}}],"collection":[{"href":"https:\/\/edimeinter.com\/libreria\/wp-json\/wp\/v2\/product"}],"about":[{"href":"https:\/\/edimeinter.com\/libreria\/wp-json\/wp\/v2\/types\/product"}],"replies":[{"embeddable":true,"href":"https:\/\/edimeinter.com\/libreria\/wp-json\/wp\/v2\/comments?post=12256"}],"version-history":[{"count":1,"href":"https:\/\/edimeinter.com\/libreria\/wp-json\/wp\/v2\/product\/12256\/revisions"}],"predecessor-version":[{"id":15375,"href":"https:\/\/edimeinter.com\/libreria\/wp-json\/wp\/v2\/product\/12256\/revisions\/15375"}],"wp:featuredmedia":[{"embeddable":true,"href":"https:\/\/edimeinter.com\/libreria\/wp-json\/wp\/v2\/media\/12257"}],"wp:attachment":[{"href":"https:\/\/edimeinter.com\/libreria\/wp-json\/wp\/v2\/media?parent=12256"}],"wp:term":[{"taxonomy":"product_cat","embeddable":true,"href":"https:\/\/edimeinter.com\/libreria\/wp-json\/wp\/v2\/product_cat?post=12256"},{"taxonomy":"product_tag","embeddable":true,"href":"https:\/\/edimeinter.com\/libreria\/wp-json\/wp\/v2\/product_tag?post=12256"}],"curies":[{"name":"wp","href":"https:\/\/api.w.org\/{rel}","templated":true}]}}