{"id":12262,"date":"2025-02-11T18:15:52","date_gmt":"2025-02-11T18:15:52","guid":{"rendered":"https:\/\/edimeinter.com\/libreria\/?post_type=product&#038;p=12262"},"modified":"2026-04-23T15:27:58","modified_gmt":"2026-04-23T15:27:58","slug":"principios-de-anatomia-y-fisiologia-incluye-sitio-web-15a-edicion","status":"publish","type":"product","link":"https:\/\/edimeinter.com\/libreria\/product\/principios-de-anatomia-y-fisiologia-incluye-sitio-web-15a-edicion\/","title":{"rendered":"Principios de Anatom\u00eda y Fisiolog\u00eda. Incluye sitio web. 15\u00aa Edici\u00f3n"},"content":{"rendered":"\t\t<div data-elementor-type=\"wp-post\" data-elementor-id=\"12262\" class=\"elementor elementor-12262\">\n\t\t\t\t<div class=\"elementor-element elementor-element-2612b12 e-flex e-con-boxed e-con e-parent\" data-id=\"2612b12\" data-element_type=\"container\" data-e-type=\"container\">\n\t\t\t\t\t<div class=\"e-con-inner\">\n\t\t\n\t\t<div class=\"elementor-element elementor-element-498707ae elementor-widget elementor-widget-text-editor\" data-id=\"498707ae\" data-element_type=\"widget\" data-e-type=\"widget\" data-widget_type=\"text-editor.default\">\n\t\t\t\t<div class=\"elementor-widget-container\">\n\t\t\t\t\t\t\t\t\t<p>Ya convertida en una obra de referencia de la especialidad, Principios de Anatom\u00eda y Fisiolog\u00eda 15.\u00aa edici\u00f3n ofrece todos los contenidos y las herramientas necesarios para navegar con \u00e9xito a trav\u00e9s de una enorme variedad de t\u00f3picos complejos, siempre con el foco centrado en la homeostasis, un tema fundamental y unificador.<\/p><p>Igual que en las ediciones anteriores, su objetivo principal es ofrecer una presentaci\u00f3n precisa, escrita de manera clara e ilustrada en forma experta, en la que se analizan la estructura y la funci\u00f3n del cuerpo humano y se investigan las aplicaciones pr\u00e1cticas de ese conocimiento en la vida cotidiana y el desarrollo profesional. Esta edici\u00f3n se destaca, adem\u00e1s, por las ilustraciones actualizadas y nuevas y los mejores recursos digitales de aprendizaje en l\u00ednea. Entre sus caracter\u00edsticas se encuentran:<\/p><ul><li>La utilizaci\u00f3n de recuadros: Enfoque en la homeostasis, que relaciona el tema principal del cap\u00edtulo con el mantenimiento y los desequilibrios de la homeostasis en los dem\u00e1s sistemas corporales; Correlaci\u00f3n cl\u00ednica, que analiza los aspectos cl\u00ednicos vinculados a los temas anat\u00f3micos y fisiol\u00f3gicos; y terminolog\u00eda m\u00e9dica, con un glosario de los principales t\u00e9rminos utilizados.<\/li><li>La definici\u00f3n de objetivos y el uso de preguntas de revisi\u00f3n al comienzo y al final de cada secci\u00f3n para comprobar la comprensi\u00f3n del material le\u00eddo.<\/li><li>La inclusi\u00f3n de conceptos clave y preguntas en las figuras, que facilitan la interpretaci\u00f3n de los conceptos ilustrados en las im\u00e1genes.<\/li><li>El cierre de los cap\u00edtulos con trastornos: desequilibrios homeost\u00e1ticos, que describe una gran variedad de alteraciones de la homeostasis relacionadas con el tema central; una revisi\u00f3n del cap\u00edtulo, que rese\u00f1a los temas desarrollados, y preguntas de razonamiento, con tres situaciones pr\u00e1cticas que promueven el an\u00e1lisis m\u00e1s profundo de los conceptos anat\u00f3micos y fisiol\u00f3gicos explicados a trav\u00e9s de su integraci\u00f3n en un contexto pr\u00e1ctico.<\/li><li>El sitio web complementario con valiosos materiales para su estudio y que permiten la revisi\u00f3n exhaustiva de los conceptos anat\u00f3micos y fisiol\u00f3gicos y otros recursos interactivos para que los docentes utilicen en sus clases.<\/li><\/ul><p>Su amplia trayectoria, su dise\u00f1o a todo color, su excelente enfoque pedag\u00f3gico y los recursos did\u00e1cticos cuidadosamente seleccionados han convertido a Principios de Anatom\u00eda y Fisiolog\u00eda en una herramienta fundamental para el estudio de la anatom\u00eda y la fisiolog\u00eda en todas las carreras de las ciencias de la salud. Esta nueva edici\u00f3n, actualizada y enriquecida, le permitir\u00e1 al lector resolver los grandes desaf\u00edos que enfrentan los estudiantes deseosos de alcanzar el nivel cient\u00edfico exigido por los avances en el siglo XXI.<\/p>\t\t\t\t\t\t\t\t<\/div>\n\t\t\t\t<\/div>\n\t\t\t\t\t<\/div>\n\t\t\t\t<\/div>\n\t\t\t\t<\/div>\n\t\t","protected":false},"excerpt":{"rendered":"<p><strong>Autores:<\/strong>\u00a0Gerard J. Tortora,Bryan Derrickson<br \/>\n<strong>ISBN:<\/strong> 9786078546114<br \/>\n<strong>Editorial:<\/strong>\u00a0Panamericana<br \/>\n<strong>Edici\u00f3n:<\/strong>\u00a015\u00aa<br \/>\n<strong>Especialidad<\/strong>:\u00a0Anatom\u00eda<br \/>\n<strong>P\u00e1ginas:\u00a0<\/strong>1236<br \/>\n\u00a9 2018<\/p>\n","protected":false},"featured_media":12858,"comment_status":"open","ping_status":"closed","template":"","meta":{"_joinchat":[]},"product_cat":[100],"product_tag":[101,70],"class_list":{"0":"post-12262","1":"product","2":"type-product","3":"status-publish","4":"has-post-thumbnail","6":"product_cat-anatomia","7":"product_tag-anatomia","8":"product_tag-panamericana","10":"first","11":"outofstock","12":"featured","13":"taxable","14":"shipping-taxable","15":"purchasable","16":"product-type-simple"},"_links":{"self":[{"href":"https:\/\/edimeinter.com\/libreria\/wp-json\/wp\/v2\/product\/12262","targetHints":{"allow":["GET"]}}],"collection":[{"href":"https:\/\/edimeinter.com\/libreria\/wp-json\/wp\/v2\/product"}],"about":[{"href":"https:\/\/edimeinter.com\/libreria\/wp-json\/wp\/v2\/types\/product"}],"replies":[{"embeddable":true,"href":"https:\/\/edimeinter.com\/libreria\/wp-json\/wp\/v2\/comments?post=12262"}],"version-history":[{"count":1,"href":"https:\/\/edimeinter.com\/libreria\/wp-json\/wp\/v2\/product\/12262\/revisions"}],"predecessor-version":[{"id":15376,"href":"https:\/\/edimeinter.com\/libreria\/wp-json\/wp\/v2\/product\/12262\/revisions\/15376"}],"wp:featuredmedia":[{"embeddable":true,"href":"https:\/\/edimeinter.com\/libreria\/wp-json\/wp\/v2\/media\/12858"}],"wp:attachment":[{"href":"https:\/\/edimeinter.com\/libreria\/wp-json\/wp\/v2\/media?parent=12262"}],"wp:term":[{"taxonomy":"product_cat","embeddable":true,"href":"https:\/\/edimeinter.com\/libreria\/wp-json\/wp\/v2\/product_cat?post=12262"},{"taxonomy":"product_tag","embeddable":true,"href":"https:\/\/edimeinter.com\/libreria\/wp-json\/wp\/v2\/product_tag?post=12262"}],"curies":[{"name":"wp","href":"https:\/\/api.w.org\/{rel}","templated":true}]}}