{"id":12268,"date":"2025-02-11T18:19:31","date_gmt":"2025-02-11T18:19:31","guid":{"rendered":"https:\/\/edimeinter.com\/libreria\/?post_type=product&#038;p=12268"},"modified":"2025-07-03T20:21:12","modified_gmt":"2025-07-03T20:21:12","slug":"anatomia-humana-incluye-version-digital-2a-edicion","status":"publish","type":"product","link":"https:\/\/edimeinter.com\/libreria\/product\/anatomia-humana-incluye-version-digital-2a-edicion\/","title":{"rendered":"Anatom\u00eda Humana (incluye versi\u00f3n digital). 2\u00aa Edici\u00f3n"},"content":{"rendered":"\t\t<div data-elementor-type=\"wp-post\" data-elementor-id=\"12268\" class=\"elementor elementor-12268\">\n\t\t\t\t<div class=\"elementor-element elementor-element-2612b12 e-flex e-con-boxed e-con e-parent\" data-id=\"2612b12\" data-element_type=\"container\" data-e-type=\"container\">\n\t\t\t\t\t<div class=\"e-con-inner\">\n\t\t\n\t\t<div class=\"elementor-element elementor-element-498707ae elementor-widget elementor-widget-text-editor\" data-id=\"498707ae\" data-element_type=\"widget\" data-e-type=\"widget\" data-widget_type=\"text-editor.default\">\n\t\t\t\t<div class=\"elementor-widget-container\">\n\t\t\t\t\t\t\t\t\t<p>Esta segunda edici\u00f3n de la obra Anatom\u00eda Humana expone de forma completa, sencilla y renovada la morfolog\u00eda del cuerpo humano.<\/p><p>La primera secci\u00f3n del texto, dividida en 20 cap\u00edtulos, est\u00e1 dedicada a la descripci\u00f3n sistem\u00e1tica y funcional de los aparatos y sistemas constituyentes del cuerpo humano desde una perspectiva morfol\u00f3gica con criterios funcionales y de aplicaci\u00f3n cl\u00ednica. La segunda parte, formada por 4 cap\u00edtulos, es una aproximaci\u00f3n topogr\u00e1fica de todas las regiones del cuerpo humano, realzando la importancia de las relaciones espaciales de las estructuras anat\u00f3micas y su repercusi\u00f3n cl\u00ednico-quir\u00fargica.<\/p><p>Atendiendo a los comentarios recibidos sobre la edici\u00f3n anterior se ha introducido iconograf\u00eda para simplificar la comprensi\u00f3n anat\u00f3mica y se han a\u00f1adido casos cl\u00ednicos acompa\u00f1ados de im\u00e1genes para comparar la anatom\u00eda normal de la alterada por lesi\u00f3n o enfermedad.<\/p>\t\t\t\t\t\t\t\t<\/div>\n\t\t\t\t<\/div>\n\t\t\t\t\t<\/div>\n\t\t\t\t<\/div>\n\t\t\t\t<\/div>\n\t\t","protected":false},"excerpt":{"rendered":"<p><strong>Autores:<\/strong>\u00a0Juan Antonio Garc\u00eda-Porrero P\u00e9rez,Juan Mario Hurl\u00e9 Gonz\u00e1lez<br \/>\n<strong>ISBN:<\/strong>\u00a09788491102106<br \/>\n<strong>Editorial:<\/strong>\u00a0Panamericana<br \/>\n<strong>Edici\u00f3n:<\/strong>\u00a02\u00aa<br \/>\n<strong>Especialidad<\/strong>:\u00a0Anatom\u00eda<br \/>\n<strong>P\u00e1ginas:\u00a0<\/strong>882<br \/>\n\u00a9 2020<\/p>\n","protected":false},"featured_media":12269,"comment_status":"open","ping_status":"closed","template":"","meta":{"_joinchat":[]},"product_cat":[100],"product_tag":[101,70],"class_list":{"0":"post-12268","1":"product","2":"type-product","3":"status-publish","4":"has-post-thumbnail","6":"product_cat-anatomia","7":"product_tag-anatomia","8":"product_tag-panamericana","10":"first","11":"instock","12":"featured","13":"taxable","14":"shipping-taxable","15":"purchasable","16":"product-type-simple"},"_links":{"self":[{"href":"https:\/\/edimeinter.com\/libreria\/wp-json\/wp\/v2\/product\/12268","targetHints":{"allow":["GET"]}}],"collection":[{"href":"https:\/\/edimeinter.com\/libreria\/wp-json\/wp\/v2\/product"}],"about":[{"href":"https:\/\/edimeinter.com\/libreria\/wp-json\/wp\/v2\/types\/product"}],"replies":[{"embeddable":true,"href":"https:\/\/edimeinter.com\/libreria\/wp-json\/wp\/v2\/comments?post=12268"}],"version-history":[{"count":1,"href":"https:\/\/edimeinter.com\/libreria\/wp-json\/wp\/v2\/product\/12268\/revisions"}],"predecessor-version":[{"id":15377,"href":"https:\/\/edimeinter.com\/libreria\/wp-json\/wp\/v2\/product\/12268\/revisions\/15377"}],"wp:featuredmedia":[{"embeddable":true,"href":"https:\/\/edimeinter.com\/libreria\/wp-json\/wp\/v2\/media\/12269"}],"wp:attachment":[{"href":"https:\/\/edimeinter.com\/libreria\/wp-json\/wp\/v2\/media?parent=12268"}],"wp:term":[{"taxonomy":"product_cat","embeddable":true,"href":"https:\/\/edimeinter.com\/libreria\/wp-json\/wp\/v2\/product_cat?post=12268"},{"taxonomy":"product_tag","embeddable":true,"href":"https:\/\/edimeinter.com\/libreria\/wp-json\/wp\/v2\/product_tag?post=12268"}],"curies":[{"name":"wp","href":"https:\/\/api.w.org\/{rel}","templated":true}]}}