{"id":12281,"date":"2025-02-11T18:28:07","date_gmt":"2025-02-11T18:28:07","guid":{"rendered":"https:\/\/edimeinter.com\/libreria\/?post_type=product&#038;p=12281"},"modified":"2026-02-04T16:21:39","modified_gmt":"2026-02-04T16:21:39","slug":"guia-esencial-de-ecocardiografia-incluye-version-digital-2a-edicion","status":"publish","type":"product","link":"https:\/\/edimeinter.com\/libreria\/product\/guia-esencial-de-ecocardiografia-incluye-version-digital-2a-edicion\/","title":{"rendered":"Gu\u00eda Esencial de Ecocardiograf\u00eda (incluye versi\u00f3n digital). 2\u00aa Edici\u00f3n"},"content":{"rendered":"\t\t<div data-elementor-type=\"wp-post\" data-elementor-id=\"12281\" class=\"elementor elementor-12281\">\n\t\t\t\t<div class=\"elementor-element elementor-element-2612b12 e-flex e-con-boxed e-con e-parent\" data-id=\"2612b12\" data-element_type=\"container\" data-e-type=\"container\">\n\t\t\t\t\t<div class=\"e-con-inner\">\n\t\t\n\t\t<div class=\"elementor-element elementor-element-498707ae elementor-widget elementor-widget-text-editor\" data-id=\"498707ae\" data-element_type=\"widget\" data-e-type=\"widget\" data-widget_type=\"text-editor.default\">\n\t\t\t\t<div class=\"elementor-widget-container\">\n\t\t\t\t\t\t\t\t\t<p>Este manual, dise\u00f1ado para ser consultado en la pr\u00e1ctica m\u00e9dica diaria, naci\u00f3 de <strong>Ecocardiograf\u00eda<\/strong>, una publicaci\u00f3n de referencia en castellano de la ecocardiograf\u00eda actual. Ambas obras contribuyen a la mejora continua del conocimiento y el tratamiento de las enfermedades cardiovasculares.<\/p><p>Integra los fundamentos y las aplicaciones de la ecocardiograf\u00eda en un formato de f\u00e1cil consulta y \u00fatil para facultativos en formaci\u00f3n o que en su pr\u00e1ctica m\u00e9dica han de usar esta prueba de imagen e interpretar sus hallazgos.<\/p><p>La principal singularidad sigue siendo la publicaci\u00f3n de un texto de \u00abbolsillo\u00bb sobre ecocardiograf\u00eda originalmente escrito en castellano, de gran inter\u00e9s para diversas especialidades m\u00e9dicas, lo que ha ampliado la comunidad cient\u00edfica a la que puede interesar esta obra actualizada.<\/p><p>Con esta estructura se ha conseguido una obra muy completa como manual de consulta, que contiene cap\u00edtulos cl\u00e1sicos actualizados, de importancia b\u00e1sica, complementados con otros que, bien por ser habitualmente de inter\u00e9s para determinados grupos de profesionales, bien por tratarse de temas de reciente desarrollo, lo diferencian de otras obras publicadas.<\/p>\t\t\t\t\t\t\t\t<\/div>\n\t\t\t\t<\/div>\n\t\t\t\t\t<\/div>\n\t\t\t\t<\/div>\n\t\t\t\t<\/div>\n\t\t","protected":false},"excerpt":{"rendered":"<p><strong>Autores:<\/strong>\u00a0Fernando Cabrera Bueno<br \/>\n<strong>ISBN:<\/strong>\u00a09788491103578<br \/>\n<strong>Editorial:<\/strong>\u00a0Panamericana<br \/>\n<strong>Edici\u00f3n:<\/strong>\u00a02\u00aa<br \/>\n<strong>Especialidad<\/strong>:\u00a0Cardiolog\u00eda<br \/>\n<strong>P\u00e1ginas:\u00a0<\/strong>470<br \/>\n\u00a9 2020<\/p>\n","protected":false},"featured_media":12282,"comment_status":"open","ping_status":"closed","template":"","meta":{"_joinchat":[]},"product_cat":[181],"product_tag":[119,70],"class_list":{"0":"post-12281","1":"product","2":"type-product","3":"status-publish","4":"has-post-thumbnail","6":"product_cat-cardiologia-y-cirugia-vascular","7":"product_tag-cardiologia","8":"product_tag-panamericana","10":"first","11":"outofstock","12":"featured","13":"taxable","14":"shipping-taxable","15":"purchasable","16":"product-type-simple"},"_links":{"self":[{"href":"https:\/\/edimeinter.com\/libreria\/wp-json\/wp\/v2\/product\/12281","targetHints":{"allow":["GET"]}}],"collection":[{"href":"https:\/\/edimeinter.com\/libreria\/wp-json\/wp\/v2\/product"}],"about":[{"href":"https:\/\/edimeinter.com\/libreria\/wp-json\/wp\/v2\/types\/product"}],"replies":[{"embeddable":true,"href":"https:\/\/edimeinter.com\/libreria\/wp-json\/wp\/v2\/comments?post=12281"}],"version-history":[{"count":2,"href":"https:\/\/edimeinter.com\/libreria\/wp-json\/wp\/v2\/product\/12281\/revisions"}],"predecessor-version":[{"id":15380,"href":"https:\/\/edimeinter.com\/libreria\/wp-json\/wp\/v2\/product\/12281\/revisions\/15380"}],"wp:featuredmedia":[{"embeddable":true,"href":"https:\/\/edimeinter.com\/libreria\/wp-json\/wp\/v2\/media\/12282"}],"wp:attachment":[{"href":"https:\/\/edimeinter.com\/libreria\/wp-json\/wp\/v2\/media?parent=12281"}],"wp:term":[{"taxonomy":"product_cat","embeddable":true,"href":"https:\/\/edimeinter.com\/libreria\/wp-json\/wp\/v2\/product_cat?post=12281"},{"taxonomy":"product_tag","embeddable":true,"href":"https:\/\/edimeinter.com\/libreria\/wp-json\/wp\/v2\/product_tag?post=12281"}],"curies":[{"name":"wp","href":"https:\/\/api.w.org\/{rel}","templated":true}]}}