{"id":12294,"date":"2025-02-11T18:33:41","date_gmt":"2025-02-11T18:33:41","guid":{"rendered":"https:\/\/edimeinter.com\/libreria\/?post_type=product&#038;p=12294"},"modified":"2025-03-04T17:51:38","modified_gmt":"2025-03-04T17:51:38","slug":"manual-de-cuidados-intensivos-para-enfermeria-incluye-version-digital-1a-edicion","status":"publish","type":"product","link":"https:\/\/edimeinter.com\/libreria\/product\/manual-de-cuidados-intensivos-para-enfermeria-incluye-version-digital-1a-edicion\/","title":{"rendered":"Manual de Cuidados Intensivos para Enfermer\u00eda (incluye versi\u00f3n digital). 1\u00aa Edici\u00f3n"},"content":{"rendered":"\t\t<div data-elementor-type=\"wp-post\" data-elementor-id=\"12294\" class=\"elementor elementor-12294\">\n\t\t\t\t<div class=\"elementor-element elementor-element-2612b12 e-flex e-con-boxed e-con e-parent\" data-id=\"2612b12\" data-element_type=\"container\" data-e-type=\"container\">\n\t\t\t\t\t<div class=\"e-con-inner\">\n\t\t\n\t\t<div class=\"elementor-element elementor-element-498707ae elementor-widget elementor-widget-text-editor\" data-id=\"498707ae\" data-element_type=\"widget\" data-e-type=\"widget\" data-widget_type=\"text-editor.default\">\n\t\t\t\t<div class=\"elementor-widget-container\">\n\t\t\t\t\t\t\t\t\t<p>Este libro aporta extensos conocimientos te\u00f3ricos y ejemplos pr\u00e1cticos de las t\u00e9cnicas m\u00e1s complejas de la UCI, de los protocolos de UCI, manejo del material, tratamientos de soporte vital, f\u00e1rmacos espec\u00edficos de UCI, control de infecciones, medidas de seguridad, complicaciones que puede haber, los trucos, los detalles que seg\u00fan la experiencia de la Directora, son esenciales para el trabajo en la UCI con los enfermos.<\/p><p>Se incluye tambi\u00e9n una secci\u00f3n de humanizaci\u00f3n, emociones y trabajo en equipo que describe muy bien el genuino mundo de la UCI.<\/p>\t\t\t\t\t\t\t\t<\/div>\n\t\t\t\t<\/div>\n\t\t\t\t\t<\/div>\n\t\t\t\t<\/div>\n\t\t\t\t<\/div>\n\t\t","protected":false},"excerpt":{"rendered":"<p><strong>Autores:<\/strong>\u00a0Roc\u00edo Aragon\u00e9s Manzanares,Mar\u00eda Dolores Rinc\u00f3n Ferrari<br \/>\n<strong>ISBN:<\/strong>\u00a09788491103509<br \/>\n<strong>Editorial:<\/strong>\u00a0Panamericana<br \/>\n<strong>Edici\u00f3n:<\/strong>\u00a01\u00aa<br \/>\n<strong>Especialidad<\/strong>:\u00a0Enfermer\u00eda<br \/>\n<strong>P\u00e1ginas:\u00a0<\/strong>560<br \/>\n\u00a9 2020<\/p>\n","protected":false},"featured_media":12295,"comment_status":"open","ping_status":"open","template":"","meta":{"_joinchat":[]},"product_cat":[115],"product_tag":[82,70],"class_list":{"0":"post-12294","1":"product","2":"type-product","3":"status-publish","4":"has-post-thumbnail","6":"product_cat-enfermeria","7":"product_tag-enfermeria","8":"product_tag-panamericana","10":"first","11":"instock","12":"featured","13":"taxable","14":"shipping-taxable","15":"purchasable","16":"product-type-simple"},"_links":{"self":[{"href":"https:\/\/edimeinter.com\/libreria\/wp-json\/wp\/v2\/product\/12294","targetHints":{"allow":["GET"]}}],"collection":[{"href":"https:\/\/edimeinter.com\/libreria\/wp-json\/wp\/v2\/product"}],"about":[{"href":"https:\/\/edimeinter.com\/libreria\/wp-json\/wp\/v2\/types\/product"}],"replies":[{"embeddable":true,"href":"https:\/\/edimeinter.com\/libreria\/wp-json\/wp\/v2\/comments?post=12294"}],"version-history":[{"count":1,"href":"https:\/\/edimeinter.com\/libreria\/wp-json\/wp\/v2\/product\/12294\/revisions"}],"predecessor-version":[{"id":15382,"href":"https:\/\/edimeinter.com\/libreria\/wp-json\/wp\/v2\/product\/12294\/revisions\/15382"}],"wp:featuredmedia":[{"embeddable":true,"href":"https:\/\/edimeinter.com\/libreria\/wp-json\/wp\/v2\/media\/12295"}],"wp:attachment":[{"href":"https:\/\/edimeinter.com\/libreria\/wp-json\/wp\/v2\/media?parent=12294"}],"wp:term":[{"taxonomy":"product_cat","embeddable":true,"href":"https:\/\/edimeinter.com\/libreria\/wp-json\/wp\/v2\/product_cat?post=12294"},{"taxonomy":"product_tag","embeddable":true,"href":"https:\/\/edimeinter.com\/libreria\/wp-json\/wp\/v2\/product_tag?post=12294"}],"curies":[{"name":"wp","href":"https:\/\/api.w.org\/{rel}","templated":true}]}}