{"id":12306,"date":"2025-02-11T19:19:17","date_gmt":"2025-02-11T19:19:17","guid":{"rendered":"https:\/\/edimeinter.com\/libreria\/?post_type=product&#038;p=12306"},"modified":"2025-03-04T17:54:07","modified_gmt":"2025-03-04T17:54:07","slug":"enfermeria-en-reproduccion-asistida-incluye-version-digital-1a-edicion","status":"publish","type":"product","link":"https:\/\/edimeinter.com\/libreria\/product\/enfermeria-en-reproduccion-asistida-incluye-version-digital-1a-edicion\/","title":{"rendered":"Enfermer\u00eda en Reproducci\u00f3n Asistida (incluye versi\u00f3n digital). 1\u00aa Edici\u00f3n"},"content":{"rendered":"\t\t<div data-elementor-type=\"wp-post\" data-elementor-id=\"12306\" class=\"elementor elementor-12306\">\n\t\t\t\t<div class=\"elementor-element elementor-element-2612b12 e-flex e-con-boxed e-con e-parent\" data-id=\"2612b12\" data-element_type=\"container\" data-e-type=\"container\">\n\t\t\t\t\t<div class=\"e-con-inner\">\n\t\t\n\t\t<div class=\"elementor-element elementor-element-498707ae elementor-widget elementor-widget-text-editor\" data-id=\"498707ae\" data-element_type=\"widget\" data-e-type=\"widget\" data-widget_type=\"text-editor.default\">\n\t\t\t\t<div class=\"elementor-widget-container\">\n\t\t\t\t\t\t\t\t\t<p>Las t\u00e9cnicas de reproducci\u00f3n asistida han experimentado un avance espectacular en los \u00faltimos a\u00f1os en muchos pa\u00edses y, sobre todo, en Espa\u00f1a. Podemos afirmar, sin duda, que la medicina reproductiva en nuestro pa\u00eds es de las mejores del mundo.<\/p><p>Este avance ha sido propiciado por el esfuerzo de todos los profesionales integrados en las unidades de reproducci\u00f3n de cl\u00ednicas y hospitales, entre los cuales se encuentran los profesionales de enfermer\u00eda, a quienes va dirigido el presente manual. En \u00e9l, adem\u00e1s de la puesta al d\u00eda en los procedimientos y t\u00e9cnicas empleados para el tratamiento de los pacientes, se han incluido otros aspectos en los que enfermer\u00eda desempe\u00f1a una labor fundamental, como proyectos de investigaci\u00f3n y docencia. En la elaboraci\u00f3n de este texto, adem\u00e1s de los profesionales de enfermer\u00eda, han colaborado ginec\u00f3logos, embri\u00f3logos, genetistas, abogados y psic\u00f3logos, con lo cual, pese al formato sencillo y pr\u00e1ctico, se cubren con rigor las \u00e1reas de conocimiento revisadas por reputados profesionales de la medicina reproductiva.<\/p>\t\t\t\t\t\t\t\t<\/div>\n\t\t\t\t<\/div>\n\t\t\t\t\t<\/div>\n\t\t\t\t<\/div>\n\t\t\t\t<\/div>\n\t\t","protected":false},"excerpt":{"rendered":"<p><strong>Autores:<\/strong>\u00a0Manuel Mu\u00f1oz Cantero,Ana Bel\u00e9n Ballester Torregrosa,Jos\u00e9 Remoh\u00ed Gim\u00e9nez<br \/>\n<strong>ISBN:<\/strong>\u00a09788491106067<br \/>\n<strong>Editorial:<\/strong>\u00a0Panamericana<br \/>\n<strong>Edici\u00f3n:<\/strong>\u00a01\u00aa<br \/>\n<strong>Especialidad<\/strong>:\u00a0Enfermer\u00eda<br \/>\n<strong>P\u00e1ginas:\u00a0<\/strong>429<br \/>\n\u00a9 2020<\/p>\n","protected":false},"featured_media":12307,"comment_status":"open","ping_status":"open","template":"","meta":{"_joinchat":[]},"product_cat":[115],"product_tag":[82,70],"class_list":{"0":"post-12306","1":"product","2":"type-product","3":"status-publish","4":"has-post-thumbnail","6":"product_cat-enfermeria","7":"product_tag-enfermeria","8":"product_tag-panamericana","10":"first","11":"instock","12":"featured","13":"taxable","14":"shipping-taxable","15":"purchasable","16":"product-type-simple"},"_links":{"self":[{"href":"https:\/\/edimeinter.com\/libreria\/wp-json\/wp\/v2\/product\/12306","targetHints":{"allow":["GET"]}}],"collection":[{"href":"https:\/\/edimeinter.com\/libreria\/wp-json\/wp\/v2\/product"}],"about":[{"href":"https:\/\/edimeinter.com\/libreria\/wp-json\/wp\/v2\/types\/product"}],"replies":[{"embeddable":true,"href":"https:\/\/edimeinter.com\/libreria\/wp-json\/wp\/v2\/comments?post=12306"}],"version-history":[{"count":1,"href":"https:\/\/edimeinter.com\/libreria\/wp-json\/wp\/v2\/product\/12306\/revisions"}],"predecessor-version":[{"id":15384,"href":"https:\/\/edimeinter.com\/libreria\/wp-json\/wp\/v2\/product\/12306\/revisions\/15384"}],"wp:featuredmedia":[{"embeddable":true,"href":"https:\/\/edimeinter.com\/libreria\/wp-json\/wp\/v2\/media\/12307"}],"wp:attachment":[{"href":"https:\/\/edimeinter.com\/libreria\/wp-json\/wp\/v2\/media?parent=12306"}],"wp:term":[{"taxonomy":"product_cat","embeddable":true,"href":"https:\/\/edimeinter.com\/libreria\/wp-json\/wp\/v2\/product_cat?post=12306"},{"taxonomy":"product_tag","embeddable":true,"href":"https:\/\/edimeinter.com\/libreria\/wp-json\/wp\/v2\/product_tag?post=12306"}],"curies":[{"name":"wp","href":"https:\/\/api.w.org\/{rel}","templated":true}]}}