{"id":12318,"date":"2025-02-11T19:27:46","date_gmt":"2025-02-11T19:27:46","guid":{"rendered":"https:\/\/edimeinter.com\/libreria\/?post_type=product&#038;p=12318"},"modified":"2025-03-04T17:59:58","modified_gmt":"2025-03-04T17:59:58","slug":"trastornos-de-la-articulacion-temporomandibular-incluye-version-digital-2a-edicion","status":"publish","type":"product","link":"https:\/\/edimeinter.com\/libreria\/product\/trastornos-de-la-articulacion-temporomandibular-incluye-version-digital-2a-edicion\/","title":{"rendered":"Trastornos de la Articulaci\u00f3n Temporomandibular (incluye versi\u00f3n digital). 2\u00aa Edici\u00f3n"},"content":{"rendered":"\t\t<div data-elementor-type=\"wp-post\" data-elementor-id=\"12318\" class=\"elementor elementor-12318\">\n\t\t\t\t<div class=\"elementor-element elementor-element-2612b12 e-flex e-con-boxed e-con e-parent\" data-id=\"2612b12\" data-element_type=\"container\" data-e-type=\"container\">\n\t\t\t\t\t<div class=\"e-con-inner\">\n\t\t\n\t\t<div class=\"elementor-element elementor-element-498707ae elementor-widget elementor-widget-text-editor\" data-id=\"498707ae\" data-element_type=\"widget\" data-e-type=\"widget\" data-widget_type=\"text-editor.default\">\n\t\t\t\t<div class=\"elementor-widget-container\">\n\t\t\t\t\t\t\t\t\t<p><em>Trastornos de la articulaci\u00f3n temporomandibular. Terapia manual, ejercicio y t\u00e9cnicas invasivas presenta una descripci\u00f3n acreditada y completa de la evaluaci\u00f3n y el manejo conservador de los trastornos temporomandibulares.<\/em><\/p><p>En los \u00faltimos tiempos ha adquirido gran relevancia la \u00abpr\u00e1ctica basada en la evidencia\u00bb a expensas de la evaluaci\u00f3n de la situaci\u00f3n cl\u00ednica, que tambi\u00e9n debe tener en cuenta la experiencia del profesional y las preferencias del paciente. Pero no siempre disponemos de una base cient\u00edfica concluyente. En este libro se aborda la realidad cl\u00ednica de tener que tomar decisiones atendiendo a otras fuentes de conocimiento en ausencia de un fundamento cient\u00edfico contundente. Se promueve la pr\u00e1ctica informada en la evidencia y la situaci\u00f3n cl\u00ednica, un m\u00e9todo que reconoce el valor de la experiencia y la capacidad del profesional tanto como el de los hallazgos de la investigaci\u00f3n.<\/p><p>Los trastornos de la articulaci\u00f3n temporomandibular son muy frecuentes, pero pueden manifestarse de varios modos y tener numerosas causas, lo que a veces complica su diagn\u00f3stico. Los pacientes que los padecen muchas veces han de consultar a distintos profesionales y someterse a tratamientos muy variados. Como el t\u00edtulo de este libro sugiere, los fisioterapeutas podr\u00e1n aplicar t\u00e9cnicas de terapia manual, ejercicio y t\u00e9cnicas invasivas de forma eficiente, as\u00ed como los odont\u00f3logos y los m\u00e9dicos, podr\u00edan enfrentarse al problema de tener que seleccionar el mejor tratamiento para un paciente con s\u00edntomas procedentes de un trastorno de esta complicada articulaci\u00f3n. En esta situaci\u00f3n, deber\u00e1n considerar las siguientes preguntas:<\/p><p>\u00bfIndican los s\u00edntomas de presentaci\u00f3n la existencia de un trastorno de la articulaci\u00f3n temporomandibular?<\/p><p>\u00bfCu\u00e1l es probablemente el tratamiento m\u00e1s apropiado y eficaz?<\/p><p>\u00bfQu\u00e9 profesional ser\u00eda el m\u00e1s adecuado para tratarlo? \u00bfNecesita el paciente un abordaje en equipo (por ejemplo, un odont\u00f3logo para corregir los defectos de la alineaci\u00f3n, al que se sumar\u00edan otros profesionales que efectuaran ejercicios o manipulaci\u00f3n para restablecer el movimiento y la funci\u00f3n normal, adem\u00e1s de acupuntura o punci\u00f3n seca para aliviar el dolor)?<\/p>\t\t\t\t\t\t\t\t<\/div>\n\t\t\t\t<\/div>\n\t\t\t\t\t<\/div>\n\t\t\t\t<\/div>\n\t\t\t\t<\/div>\n\t\t","protected":false},"excerpt":{"rendered":"<p><strong>Autores:<\/strong>\u00a0C\u00e9sar Fern\u00e1ndez-de-las-Pe\u00f1as,Juan Mesa-Jim\u00e9nez<br \/>\n<strong>ISBN:<\/strong>\u00a09788491105442<br \/>\n<strong>Editorial:<\/strong>\u00a0Panamericana<br \/>\n<strong>Edici\u00f3n:<\/strong>\u00a02\u00aa<br \/>\n<strong>Especialidad<\/strong>:\u00a0Fisioterapia<br \/>\n<strong>P\u00e1ginas:\u00a0<\/strong>324<br \/>\n\u00a9 2020<\/p>\n","protected":false},"featured_media":12319,"comment_status":"open","ping_status":"open","template":"","meta":{"_joinchat":[]},"product_cat":[111],"product_tag":[112,70],"class_list":{"0":"post-12318","1":"product","2":"type-product","3":"status-publish","4":"has-post-thumbnail","6":"product_cat-fisioterapia","7":"product_tag-fisioterapia","8":"product_tag-panamericana","10":"first","11":"instock","12":"featured","13":"taxable","14":"shipping-taxable","15":"purchasable","16":"product-type-simple"},"_links":{"self":[{"href":"https:\/\/edimeinter.com\/libreria\/wp-json\/wp\/v2\/product\/12318","targetHints":{"allow":["GET"]}}],"collection":[{"href":"https:\/\/edimeinter.com\/libreria\/wp-json\/wp\/v2\/product"}],"about":[{"href":"https:\/\/edimeinter.com\/libreria\/wp-json\/wp\/v2\/types\/product"}],"replies":[{"embeddable":true,"href":"https:\/\/edimeinter.com\/libreria\/wp-json\/wp\/v2\/comments?post=12318"}],"version-history":[{"count":2,"href":"https:\/\/edimeinter.com\/libreria\/wp-json\/wp\/v2\/product\/12318\/revisions"}],"predecessor-version":[{"id":15387,"href":"https:\/\/edimeinter.com\/libreria\/wp-json\/wp\/v2\/product\/12318\/revisions\/15387"}],"wp:featuredmedia":[{"embeddable":true,"href":"https:\/\/edimeinter.com\/libreria\/wp-json\/wp\/v2\/media\/12319"}],"wp:attachment":[{"href":"https:\/\/edimeinter.com\/libreria\/wp-json\/wp\/v2\/media?parent=12318"}],"wp:term":[{"taxonomy":"product_cat","embeddable":true,"href":"https:\/\/edimeinter.com\/libreria\/wp-json\/wp\/v2\/product_cat?post=12318"},{"taxonomy":"product_tag","embeddable":true,"href":"https:\/\/edimeinter.com\/libreria\/wp-json\/wp\/v2\/product_tag?post=12318"}],"curies":[{"name":"wp","href":"https:\/\/api.w.org\/{rel}","templated":true}]}}