{"id":12325,"date":"2025-02-11T19:31:23","date_gmt":"2025-02-11T19:31:23","guid":{"rendered":"https:\/\/edimeinter.com\/libreria\/?post_type=product&#038;p=12325"},"modified":"2025-03-04T18:00:57","modified_gmt":"2025-03-04T18:00:57","slug":"readaptacion-tras-las-lesiones-deportivas-incluye-version-digital-1a-edicion","status":"publish","type":"product","link":"https:\/\/edimeinter.com\/libreria\/product\/readaptacion-tras-las-lesiones-deportivas-incluye-version-digital-1a-edicion\/","title":{"rendered":"Readaptaci\u00f3n tras las Lesiones Deportivas (incluye versi\u00f3n digital). 1\u00aa Edici\u00f3n"},"content":{"rendered":"\t\t<div data-elementor-type=\"wp-post\" data-elementor-id=\"12325\" class=\"elementor elementor-12325\">\n\t\t\t\t<div class=\"elementor-element elementor-element-2612b12 e-flex e-con-boxed e-con e-parent\" data-id=\"2612b12\" data-element_type=\"container\" data-e-type=\"container\">\n\t\t\t\t\t<div class=\"e-con-inner\">\n\t\t\n\t\t<div class=\"elementor-element elementor-element-498707ae elementor-widget elementor-widget-text-editor\" data-id=\"498707ae\" data-element_type=\"widget\" data-e-type=\"widget\" data-widget_type=\"text-editor.default\">\n\t\t\t\t<div class=\"elementor-widget-container\">\n\t\t\t\t\t\t\t\t\t<p>Las lesiones son parte del deporte ya que en el alto rendimiento estas aparecen todos los d\u00edas y pueden ser consideradas como adaptaciones al entrenamiento. La prevenci\u00f3n reduce el factor de riesgo y es clave para mejorar el rendimiento.<\/p><p><i>Readaptaci\u00f3n tras las Lesiones Deportivas<\/i>\u00a0describe el orden normal de los procesos que se dan en una lesi\u00f3n divididos en cuatro secciones tem\u00e1ticas:<\/p><p>En la primera se destacan las lesiones de partes blandas y su diagn\u00f3stico por imagen, haciendo hincapi\u00e9 en el proceso de recuperaci\u00f3n de la lesi\u00f3n.<\/p><p>La segunda secci\u00f3n est\u00e1 enfocada al campo de la fisioterapia y en ella se reflejan las tem\u00e1ticas m\u00e1s estudiadas y con mayor impacto cient\u00edfico de la fisioterapia deportiva.<\/p><p>En la tercera se unifica la parte m\u00e1s activa de la readaptaci\u00f3n y el ejercicio enfocado a la recuperaci\u00f3n.<\/p><p>La \u00faltima secci\u00f3n demuestra como la psicolog\u00eda, la nutrici\u00f3n o la podolog\u00eda deben ser parte activa del proceso.<\/p><p>La estructura de cada cap\u00edtulo comienza con una peque\u00f1a introducci\u00f3n que acerca al lector al objetivo de la tem\u00e1tica expuesta seguido de un bloque m\u00e1s preciso para profundizar en la materia.<\/p><p>Se trata de la primera obra escrita en espa\u00f1ol que aborda la tem\u00e1tica desde un car\u00e1cter multidisciplinar y que se convertir\u00e1 en el texto de referencia para estudiantes de grado y postgrado y para profesionales dedicados a tratar a deportistas de forma regular.<\/p>\t\t\t\t\t\t\t\t<\/div>\n\t\t\t\t<\/div>\n\t\t\t\t\t<\/div>\n\t\t\t\t<\/div>\n\t\t\t\t<\/div>\n\t\t","protected":false},"excerpt":{"rendered":"<p><strong>Autores:<\/strong>\u00a0Jaime Salom Moreno<br \/>\n<strong>ISBN:<\/strong>\u00a09788491103967<br \/>\n<strong>Editorial:<\/strong>\u00a0Panamericana<br \/>\n<strong>Edici\u00f3n:<\/strong>\u00a01\u00aa<br \/>\n<strong>Especialidad<\/strong>:\u00a0Fisioterapia<br \/>\n<strong>P\u00e1ginas:\u00a0<\/strong>216<br \/>\n\u00a9 2020<\/p>\n","protected":false},"featured_media":12326,"comment_status":"open","ping_status":"open","template":"","meta":{"_joinchat":[]},"product_cat":[111],"product_tag":[112,70],"class_list":{"0":"post-12325","1":"product","2":"type-product","3":"status-publish","4":"has-post-thumbnail","6":"product_cat-fisioterapia","7":"product_tag-fisioterapia","8":"product_tag-panamericana","10":"first","11":"instock","12":"featured","13":"taxable","14":"shipping-taxable","15":"purchasable","16":"product-type-simple"},"_links":{"self":[{"href":"https:\/\/edimeinter.com\/libreria\/wp-json\/wp\/v2\/product\/12325","targetHints":{"allow":["GET"]}}],"collection":[{"href":"https:\/\/edimeinter.com\/libreria\/wp-json\/wp\/v2\/product"}],"about":[{"href":"https:\/\/edimeinter.com\/libreria\/wp-json\/wp\/v2\/types\/product"}],"replies":[{"embeddable":true,"href":"https:\/\/edimeinter.com\/libreria\/wp-json\/wp\/v2\/comments?post=12325"}],"version-history":[{"count":1,"href":"https:\/\/edimeinter.com\/libreria\/wp-json\/wp\/v2\/product\/12325\/revisions"}],"predecessor-version":[{"id":15388,"href":"https:\/\/edimeinter.com\/libreria\/wp-json\/wp\/v2\/product\/12325\/revisions\/15388"}],"wp:featuredmedia":[{"embeddable":true,"href":"https:\/\/edimeinter.com\/libreria\/wp-json\/wp\/v2\/media\/12326"}],"wp:attachment":[{"href":"https:\/\/edimeinter.com\/libreria\/wp-json\/wp\/v2\/media?parent=12325"}],"wp:term":[{"taxonomy":"product_cat","embeddable":true,"href":"https:\/\/edimeinter.com\/libreria\/wp-json\/wp\/v2\/product_cat?post=12325"},{"taxonomy":"product_tag","embeddable":true,"href":"https:\/\/edimeinter.com\/libreria\/wp-json\/wp\/v2\/product_tag?post=12325"}],"curies":[{"name":"wp","href":"https:\/\/api.w.org\/{rel}","templated":true}]}}