{"id":12331,"date":"2025-02-11T19:34:22","date_gmt":"2025-02-11T19:34:22","guid":{"rendered":"https:\/\/edimeinter.com\/libreria\/?post_type=product&#038;p=12331"},"modified":"2025-03-04T18:02:42","modified_gmt":"2025-03-04T18:02:42","slug":"fisiologia-del-deporte-y-el-ejercicio-incluye-version-digital-2a-edicion","status":"publish","type":"product","link":"https:\/\/edimeinter.com\/libreria\/product\/fisiologia-del-deporte-y-el-ejercicio-incluye-version-digital-2a-edicion\/","title":{"rendered":"Fisiolog\u00eda del Deporte y el Ejercicio (incluye versi\u00f3n digital). 2\u00aa Edici\u00f3n"},"content":{"rendered":"\t\t<div data-elementor-type=\"wp-post\" data-elementor-id=\"12331\" class=\"elementor elementor-12331\">\n\t\t\t\t<div class=\"elementor-element elementor-element-2612b12 e-flex e-con-boxed e-con e-parent\" data-id=\"2612b12\" data-element_type=\"container\" data-e-type=\"container\">\n\t\t\t\t\t<div class=\"e-con-inner\">\n\t\t\n\t\t<div class=\"elementor-element elementor-element-498707ae elementor-widget elementor-widget-text-editor\" data-id=\"498707ae\" data-element_type=\"widget\" data-e-type=\"widget\" data-widget_type=\"text-editor.default\">\n\t\t\t\t<div class=\"elementor-widget-container\">\n\t\t\t\t\t\t\t\t\t<p>Esta obra presenta treinta y cinco experiencias pr\u00e1cticas de sus autores en las que describen, paso a paso, los procedimientos para la recogida de datos, gr\u00e1ficas y preguntas de autoevaluaci\u00f3n. Est\u00e1 estructurada en cinco secciones y 35 cap\u00edtulos en los que se trata de dar respuesta a preguntas como cu\u00e1l es el mejor m\u00e9todo para medir la frecuencia card\u00edaca o la presi\u00f3n arterial durante el ejercicio, cu\u00e1nta grasa y carbohidratos se pierde durante la actividad f\u00edsica o cu\u00e1l es el efecto de un ambiente caluroso en el sistema cardiovascular en un entrenamiento.<\/p>\t\t\t\t\t\t\t\t<\/div>\n\t\t\t\t<\/div>\n\t\t\t\t\t<\/div>\n\t\t\t\t<\/div>\n\t\t\t\t<\/div>\n\t\t","protected":false},"excerpt":{"rendered":"<p><strong>Autores:<\/strong>\u00a0Ricardo Mora Rodr\u00edguez,Jes\u00fas Garc\u00eda Pallar\u00e9s,Juan Fernando Ortega Fonseca<br \/>\n<strong>ISBN:<\/strong>\u00a09788491103530<br \/>\n<strong>Editorial:<\/strong>\u00a0Panamericana<br \/>\n<strong>Edici\u00f3n:<\/strong>\u00a02\u00aa<br \/>\n<strong>Especialidad<\/strong>:\u00a0Fisioterapia<br \/>\n<strong>P\u00e1ginas:\u00a0<\/strong>272<br \/>\n\u00a9 2019<\/p>\n","protected":false},"featured_media":12332,"comment_status":"open","ping_status":"open","template":"","meta":{"_joinchat":[]},"product_cat":[111],"product_tag":[112,70],"class_list":{"0":"post-12331","1":"product","2":"type-product","3":"status-publish","4":"has-post-thumbnail","6":"product_cat-fisioterapia","7":"product_tag-fisioterapia","8":"product_tag-panamericana","10":"first","11":"instock","12":"featured","13":"taxable","14":"shipping-taxable","15":"purchasable","16":"product-type-simple"},"_links":{"self":[{"href":"https:\/\/edimeinter.com\/libreria\/wp-json\/wp\/v2\/product\/12331","targetHints":{"allow":["GET"]}}],"collection":[{"href":"https:\/\/edimeinter.com\/libreria\/wp-json\/wp\/v2\/product"}],"about":[{"href":"https:\/\/edimeinter.com\/libreria\/wp-json\/wp\/v2\/types\/product"}],"replies":[{"embeddable":true,"href":"https:\/\/edimeinter.com\/libreria\/wp-json\/wp\/v2\/comments?post=12331"}],"version-history":[{"count":1,"href":"https:\/\/edimeinter.com\/libreria\/wp-json\/wp\/v2\/product\/12331\/revisions"}],"predecessor-version":[{"id":15389,"href":"https:\/\/edimeinter.com\/libreria\/wp-json\/wp\/v2\/product\/12331\/revisions\/15389"}],"wp:featuredmedia":[{"embeddable":true,"href":"https:\/\/edimeinter.com\/libreria\/wp-json\/wp\/v2\/media\/12332"}],"wp:attachment":[{"href":"https:\/\/edimeinter.com\/libreria\/wp-json\/wp\/v2\/media?parent=12331"}],"wp:term":[{"taxonomy":"product_cat","embeddable":true,"href":"https:\/\/edimeinter.com\/libreria\/wp-json\/wp\/v2\/product_cat?post=12331"},{"taxonomy":"product_tag","embeddable":true,"href":"https:\/\/edimeinter.com\/libreria\/wp-json\/wp\/v2\/product_tag?post=12331"}],"curies":[{"name":"wp","href":"https:\/\/api.w.org\/{rel}","templated":true}]}}