{"id":12344,"date":"2025-02-11T19:55:09","date_gmt":"2025-02-11T19:55:09","guid":{"rendered":"https:\/\/edimeinter.com\/libreria\/?post_type=product&#038;p=12344"},"modified":"2025-03-04T18:04:21","modified_gmt":"2025-03-04T18:04:21","slug":"la-marcha-humana-incluye-version-digital-1a-edicion","status":"publish","type":"product","link":"https:\/\/edimeinter.com\/libreria\/product\/la-marcha-humana-incluye-version-digital-1a-edicion\/","title":{"rendered":"La Marcha Humana (incluye versi\u00f3n digital). 1\u00aa Edici\u00f3n"},"content":{"rendered":"\t\t<div data-elementor-type=\"wp-post\" data-elementor-id=\"12344\" class=\"elementor elementor-12344\">\n\t\t\t\t<div class=\"elementor-element elementor-element-2612b12 e-flex e-con-boxed e-con e-parent\" data-id=\"2612b12\" data-element_type=\"container\" data-e-type=\"container\">\n\t\t\t\t\t<div class=\"e-con-inner\">\n\t\t\n\t\t<div class=\"elementor-element elementor-element-498707ae elementor-widget elementor-widget-text-editor\" data-id=\"498707ae\" data-element_type=\"widget\" data-e-type=\"widget\" data-widget_type=\"text-editor.default\">\n\t\t\t\t<div class=\"elementor-widget-container\">\n\t\t\t\t\t\t\t\t\t<p>Por primera vez, un manual editado en espa\u00f1ol compila aspectos espec\u00edficos sobre la marcha humana normal y patol\u00f3gica acordes con la medicina basada en la evidencia y desde una perspectiva te\u00f3rico-pr\u00e1ctica. Esta obra trata de integrar conceptos biomec\u00e1nicos con evidencia cient\u00edfica y aspectos pr\u00e1cticos esenciales para los profesionales sanitarios.<\/p><p>El movimiento representa un elemento intr\u00ednseco de la vida cotidiana que impregna cualquier actividad desempe\u00f1ada a diario y que resulta esencial para la interrelaci\u00f3n de las personas. Una caracter\u00edstica importante de nuestra independencia como seres humanos es la marcha b\u00edpeda, la cual nos permite trasladarnos seguros e independientes de un lugar a otro. Una zancada constituye un comportamiento extraordinariamente complejo en el que participan distintos actores, como el sistema nervioso central, el aparato locomotor o el sistema cardiovascular. Por ello, alteraciones sutiles en el funcionamiento de estos aparatos y sistemas influyen en el patr\u00f3n de marcha y condicionan la participaci\u00f3n de las personas en su entorno.<\/p>\t\t\t\t\t\t\t\t<\/div>\n\t\t\t\t<\/div>\n\t\t\t\t\t<\/div>\n\t\t\t\t<\/div>\n\t\t\t\t<\/div>\n\t\t","protected":false},"excerpt":{"rendered":"<p><strong>Autores:<\/strong>\u00a0Francisco Molina Rueda,Mar\u00eda Carratal\u00e1 Tejada<br \/>\n<strong>ISBN:<\/strong>\u00a09788491104056<br \/>\n<strong>Editorial:<\/strong>\u00a0Panamericana<br \/>\n<strong>Edici\u00f3n:<\/strong>\u00a01\u00aa<br \/>\n<strong>Especialidad<\/strong>:\u00a0Fisioterapia<br \/>\n<strong>P\u00e1ginas:\u00a0<\/strong>268<br \/>\n\u00a9 2020<\/p>\n","protected":false},"featured_media":12345,"comment_status":"open","ping_status":"open","template":"","meta":{"_joinchat":[]},"product_cat":[111],"product_tag":[112,70],"class_list":{"0":"post-12344","1":"product","2":"type-product","3":"status-publish","4":"has-post-thumbnail","6":"product_cat-fisioterapia","7":"product_tag-fisioterapia","8":"product_tag-panamericana","10":"first","11":"instock","12":"featured","13":"taxable","14":"shipping-taxable","15":"purchasable","16":"product-type-simple"},"_links":{"self":[{"href":"https:\/\/edimeinter.com\/libreria\/wp-json\/wp\/v2\/product\/12344","targetHints":{"allow":["GET"]}}],"collection":[{"href":"https:\/\/edimeinter.com\/libreria\/wp-json\/wp\/v2\/product"}],"about":[{"href":"https:\/\/edimeinter.com\/libreria\/wp-json\/wp\/v2\/types\/product"}],"replies":[{"embeddable":true,"href":"https:\/\/edimeinter.com\/libreria\/wp-json\/wp\/v2\/comments?post=12344"}],"version-history":[{"count":1,"href":"https:\/\/edimeinter.com\/libreria\/wp-json\/wp\/v2\/product\/12344\/revisions"}],"predecessor-version":[{"id":15391,"href":"https:\/\/edimeinter.com\/libreria\/wp-json\/wp\/v2\/product\/12344\/revisions\/15391"}],"wp:featuredmedia":[{"embeddable":true,"href":"https:\/\/edimeinter.com\/libreria\/wp-json\/wp\/v2\/media\/12345"}],"wp:attachment":[{"href":"https:\/\/edimeinter.com\/libreria\/wp-json\/wp\/v2\/media?parent=12344"}],"wp:term":[{"taxonomy":"product_cat","embeddable":true,"href":"https:\/\/edimeinter.com\/libreria\/wp-json\/wp\/v2\/product_cat?post=12344"},{"taxonomy":"product_tag","embeddable":true,"href":"https:\/\/edimeinter.com\/libreria\/wp-json\/wp\/v2\/product_tag?post=12344"}],"curies":[{"name":"wp","href":"https:\/\/api.w.org\/{rel}","templated":true}]}}