{"id":12357,"date":"2025-02-11T20:12:11","date_gmt":"2025-02-11T20:12:11","guid":{"rendered":"https:\/\/edimeinter.com\/libreria\/?post_type=product&#038;p=12357"},"modified":"2025-03-04T18:07:03","modified_gmt":"2025-03-04T18:07:03","slug":"propedeutica-semiologia-y-terapeutica-en-urgencias-incluye-version-digital-1a-edicion","status":"publish","type":"product","link":"https:\/\/edimeinter.com\/libreria\/product\/propedeutica-semiologia-y-terapeutica-en-urgencias-incluye-version-digital-1a-edicion\/","title":{"rendered":"Proped\u00e9utica, Semiolog\u00eda y Terap\u00e9utica en Urgencias (incluye versi\u00f3n digital). 1\u00aa Edici\u00f3n"},"content":{"rendered":"\t\t<div data-elementor-type=\"wp-post\" data-elementor-id=\"12357\" class=\"elementor elementor-12357\">\n\t\t\t\t<div class=\"elementor-element elementor-element-2612b12 e-flex e-con-boxed e-con e-parent\" data-id=\"2612b12\" data-element_type=\"container\" data-e-type=\"container\">\n\t\t\t\t\t<div class=\"e-con-inner\">\n\t\t\n\t\t<div class=\"elementor-element elementor-element-498707ae elementor-widget elementor-widget-text-editor\" data-id=\"498707ae\" data-element_type=\"widget\" data-e-type=\"widget\" data-widget_type=\"text-editor.default\">\n\t\t\t\t<div class=\"elementor-widget-container\">\n\t\t\t\t\t\t\t\t\t<p>Esta obra se centra en el an\u00e1lisis de las urgencias m\u00e9dicas, cuyo pilar fundamental es el diagn\u00f3stico de cualquier patolog\u00eda para su posterior tratamiento.<\/p><p>Proped\u00e9utica, Semiolog\u00eda y Terap\u00e9utica en Urgencias se estructura en siete secciones. En la introducci\u00f3n cobra protagonismo el informe cl\u00ednico, y en las secciones de exploraci\u00f3n f\u00edsica, electrocardiograf\u00eda, radiolog\u00eda y an\u00e1lisis cl\u00ednicos se aporta la base te\u00f3rica que sustenta a la\u00a0<strong>proped\u00e9utica<\/strong>\u00a0o conocimientos previos que se deben tener antes de enfrentarse al diagn\u00f3stico. La secci\u00f3n de\u00a0<strong>semiolog\u00eda<\/strong>\u00a0describe los s\u00edntomas y signos cl\u00ednicos m\u00e1s prevalentes en urgencias, desarrollados a trav\u00e9s de su definici\u00f3n, la fisiopatolog\u00eda, los signos de alarma y causas, y las exploraciones complementarias que precisan. La integraci\u00f3n de estos s\u00edntomas y signos cl\u00ednicos con la proped\u00e9utica permiten la obtenci\u00f3n del diagn\u00f3stico. Finalmente, en la secci\u00f3n de\u00a0<strong>terap\u00e9utica<\/strong>\u00a0se desarrollan las medidas generales, el tratamiento espec\u00edfico y los criterios de ingreso de las patolog\u00edas m\u00e1s frecuentes en urgencias.<\/p><p>Cada secci\u00f3n constituye un aut\u00e9ntico manual que contiene los conocimientos necesarios y suficientes para el dominio de cada una de estas materias.<\/p>\t\t\t\t\t\t\t\t<\/div>\n\t\t\t\t<\/div>\n\t\t\t\t\t<\/div>\n\t\t\t\t<\/div>\n\t\t\t\t<\/div>\n\t\t","protected":false},"excerpt":{"rendered":"<p><strong>Autores:<\/strong>\u00a0Jos\u00e9 Javier Cota Medina<br \/>\n<strong>ISBN:<\/strong>\u00a09788491105848<br \/>\n<strong>Editorial:<\/strong>\u00a0Panamericana<br \/>\n<strong>Edici\u00f3n:<\/strong>\u00a01\u00aa<br \/>\n<strong>Especialidad<\/strong>: Medicina de Urgencias y Emergencias<br \/>\n<strong>P\u00e1ginas:\u00a0<\/strong>884<br \/>\n\u00a9 2020<\/p>\n","protected":false},"featured_media":12358,"comment_status":"open","ping_status":"open","template":"","meta":{"_joinchat":[]},"product_cat":[83],"product_tag":[84,70],"class_list":{"0":"post-12357","1":"product","2":"type-product","3":"status-publish","4":"has-post-thumbnail","6":"product_cat-medicina-de-urgencias-y-emergencias","7":"product_tag-medicina-de-urgencias-y-emergencias","8":"product_tag-panamericana","10":"first","11":"instock","12":"featured","13":"taxable","14":"shipping-taxable","15":"purchasable","16":"product-type-simple"},"_links":{"self":[{"href":"https:\/\/edimeinter.com\/libreria\/wp-json\/wp\/v2\/product\/12357","targetHints":{"allow":["GET"]}}],"collection":[{"href":"https:\/\/edimeinter.com\/libreria\/wp-json\/wp\/v2\/product"}],"about":[{"href":"https:\/\/edimeinter.com\/libreria\/wp-json\/wp\/v2\/types\/product"}],"replies":[{"embeddable":true,"href":"https:\/\/edimeinter.com\/libreria\/wp-json\/wp\/v2\/comments?post=12357"}],"version-history":[{"count":1,"href":"https:\/\/edimeinter.com\/libreria\/wp-json\/wp\/v2\/product\/12357\/revisions"}],"predecessor-version":[{"id":15394,"href":"https:\/\/edimeinter.com\/libreria\/wp-json\/wp\/v2\/product\/12357\/revisions\/15394"}],"wp:featuredmedia":[{"embeddable":true,"href":"https:\/\/edimeinter.com\/libreria\/wp-json\/wp\/v2\/media\/12358"}],"wp:attachment":[{"href":"https:\/\/edimeinter.com\/libreria\/wp-json\/wp\/v2\/media?parent=12357"}],"wp:term":[{"taxonomy":"product_cat","embeddable":true,"href":"https:\/\/edimeinter.com\/libreria\/wp-json\/wp\/v2\/product_cat?post=12357"},{"taxonomy":"product_tag","embeddable":true,"href":"https:\/\/edimeinter.com\/libreria\/wp-json\/wp\/v2\/product_tag?post=12357"}],"curies":[{"name":"wp","href":"https:\/\/api.w.org\/{rel}","templated":true}]}}