{"id":12369,"date":"2025-02-11T21:06:06","date_gmt":"2025-02-11T21:06:06","guid":{"rendered":"https:\/\/edimeinter.com\/libreria\/?post_type=product&#038;p=12369"},"modified":"2025-03-04T18:08:49","modified_gmt":"2025-03-04T18:08:49","slug":"histeroscopia-diagnostica-y-terapeutica-incluye-version-digital-indicaciones-y-estrategias-1a-edicion","status":"publish","type":"product","link":"https:\/\/edimeinter.com\/libreria\/product\/histeroscopia-diagnostica-y-terapeutica-incluye-version-digital-indicaciones-y-estrategias-1a-edicion\/","title":{"rendered":"Histeroscopia diagn\u00f3stica y terap\u00e9utica (incluye versi\u00f3n digital). Indicaciones y estrategias. 1\u00aa Edici\u00f3n"},"content":{"rendered":"\t\t<div data-elementor-type=\"wp-post\" data-elementor-id=\"12369\" class=\"elementor elementor-12369\">\n\t\t\t\t<div class=\"elementor-element elementor-element-2612b12 e-flex e-con-boxed e-con e-parent\" data-id=\"2612b12\" data-element_type=\"container\" data-e-type=\"container\">\n\t\t\t\t\t<div class=\"e-con-inner\">\n\t\t\n\t\t<div class=\"elementor-element elementor-element-498707ae elementor-widget elementor-widget-text-editor\" data-id=\"498707ae\" data-element_type=\"widget\" data-e-type=\"widget\" data-widget_type=\"text-editor.default\">\n\t\t\t\t<div class=\"elementor-widget-container\">\n\t\t\t\t\t\t\t\t\t<p>La histeroscopia moderna es un recurso valioso para todos los ginec\u00f3logos y el m\u00e9todo de referencia para visualizar la cavidad uterina y tratar numerosos trastornos sin necesidad de efectuar una histerectom\u00eda. Este procedimiento inicia su desarrollo en la d\u00e9cada de 1970 y progresa hasta su complejidad actual gracias a los grandes avances de la tecnolog\u00eda endosc\u00f3pica y al impulso sistem\u00e1tico de estudiosos como Jacques Hamou y sus seguidores internacionales, entre ellos, Jorge Dotto, su primer disc\u00edpulo latinoamericano, quien public\u00f3 m\u00e1s tarde con su equipo una completa y precisa clasificaci\u00f3n de las im\u00e1genes microhisterosc\u00f3picas y su correlaci\u00f3n con los diagn\u00f3sticos histol\u00f3gicos. Histeroscopia diagn\u00f3stica y terap\u00e9utica. Indicaciones y estrategias combina los aspectos te\u00f3ricos con un enfoque pr\u00e1ctico y ofrece as\u00ed un contenido ordenado y did\u00e1ctico de lo que se debe saber de esta t\u00e9cnica seg\u00fan la visi\u00f3n y la experiencia de destacados especialistas de todo el mundo.<\/p>\t\t\t\t\t\t\t\t<\/div>\n\t\t\t\t<\/div>\n\t\t\t\t\t<\/div>\n\t\t\t\t<\/div>\n\t\t\t\t<\/div>\n\t\t","protected":false},"excerpt":{"rendered":"<p><strong>Autores:<\/strong>\u00a0Jorge E. Dotto \/ Miguel \u00c1ngel Bigozzi<br \/>\n<strong>ISBN:<\/strong>\u00a09789500696104<br \/>\n<strong>Editorial:<\/strong>\u00a0Panamericana<br \/>\n<strong>Edici\u00f3n:<\/strong>\u00a01\u00aa<br \/>\n<strong>Especialidad<\/strong>: Ginecolog\u00eda y Obstetricia<br \/>\n<strong>P\u00e1ginas:\u00a0<\/strong>392<br \/>\n\u00a9 2019<\/p>\n","protected":false},"featured_media":12370,"comment_status":"open","ping_status":"open","template":"","meta":{"_joinchat":[]},"product_cat":[104],"product_tag":[105,70],"class_list":{"0":"post-12369","1":"product","2":"type-product","3":"status-publish","4":"has-post-thumbnail","6":"product_cat-ginecologia-y-obstetricia","7":"product_tag-ginecologia-y-obstetricia","8":"product_tag-panamericana","10":"first","11":"instock","12":"featured","13":"taxable","14":"shipping-taxable","15":"purchasable","16":"product-type-simple"},"_links":{"self":[{"href":"https:\/\/edimeinter.com\/libreria\/wp-json\/wp\/v2\/product\/12369","targetHints":{"allow":["GET"]}}],"collection":[{"href":"https:\/\/edimeinter.com\/libreria\/wp-json\/wp\/v2\/product"}],"about":[{"href":"https:\/\/edimeinter.com\/libreria\/wp-json\/wp\/v2\/types\/product"}],"replies":[{"embeddable":true,"href":"https:\/\/edimeinter.com\/libreria\/wp-json\/wp\/v2\/comments?post=12369"}],"version-history":[{"count":1,"href":"https:\/\/edimeinter.com\/libreria\/wp-json\/wp\/v2\/product\/12369\/revisions"}],"predecessor-version":[{"id":15397,"href":"https:\/\/edimeinter.com\/libreria\/wp-json\/wp\/v2\/product\/12369\/revisions\/15397"}],"wp:featuredmedia":[{"embeddable":true,"href":"https:\/\/edimeinter.com\/libreria\/wp-json\/wp\/v2\/media\/12370"}],"wp:attachment":[{"href":"https:\/\/edimeinter.com\/libreria\/wp-json\/wp\/v2\/media?parent=12369"}],"wp:term":[{"taxonomy":"product_cat","embeddable":true,"href":"https:\/\/edimeinter.com\/libreria\/wp-json\/wp\/v2\/product_cat?post=12369"},{"taxonomy":"product_tag","embeddable":true,"href":"https:\/\/edimeinter.com\/libreria\/wp-json\/wp\/v2\/product_tag?post=12369"}],"curies":[{"name":"wp","href":"https:\/\/api.w.org\/{rel}","templated":true}]}}