{"id":12375,"date":"2025-02-11T21:08:34","date_gmt":"2025-02-11T21:08:34","guid":{"rendered":"https:\/\/edimeinter.com\/libreria\/?post_type=product&#038;p=12375"},"modified":"2025-03-04T18:09:49","modified_gmt":"2025-03-04T18:09:49","slug":"metodo-pilates-durante-el-embarazo-el-parto-y-el-posparto-incluye-version-digital-1a-edicion-copia","status":"publish","type":"product","link":"https:\/\/edimeinter.com\/libreria\/product\/metodo-pilates-durante-el-embarazo-el-parto-y-el-posparto-incluye-version-digital-1a-edicion-copia\/","title":{"rendered":"M\u00e9todo Pilates Durante el Embarazo, el Parto y el Posparto (incluye versi\u00f3n digital). 1\u00aa Edici\u00f3n"},"content":{"rendered":"\t\t<div data-elementor-type=\"wp-post\" data-elementor-id=\"12375\" class=\"elementor elementor-12375\">\n\t\t\t\t<div class=\"elementor-element elementor-element-2612b12 e-flex e-con-boxed e-con e-parent\" data-id=\"2612b12\" data-element_type=\"container\" data-e-type=\"container\">\n\t\t\t\t\t<div class=\"e-con-inner\">\n\t\t\n\t\t<div class=\"elementor-element elementor-element-498707ae elementor-widget elementor-widget-text-editor\" data-id=\"498707ae\" data-element_type=\"widget\" data-e-type=\"widget\" data-widget_type=\"text-editor.default\">\n\t\t\t\t<div class=\"elementor-widget-container\">\n\t\t\t\t\t\t\t\t\t<p>M\u00e9todo Pilates durante el embarazo, el parto y el posparto. Una gu\u00eda Metodol\u00f3gica es una obra basada en la amplia experiencia de sus autores, los cuales se encargaron de introducir el m\u00e9todo Pilates en Espa\u00f1a en el a\u00f1o 1993. Esta publicaci\u00f3n pretende aportar, de forma sencilla y eficaz, patrones de trabajo postural extra\u00eddos del m\u00e9todo Pilates con el fin de dar respuesta y reducir las incomodidades que se producen durante todo el embarazo.<\/p>\t\t\t\t\t\t\t\t<\/div>\n\t\t\t\t<\/div>\n\t\t\t\t\t<\/div>\n\t\t\t\t<\/div>\n\t\t\t\t<\/div>\n\t\t","protected":false},"excerpt":{"rendered":"<p><strong>Autores:<\/strong>\u00a0Juan Bosco Calvo \/ Laura Cabral<br \/>\n<strong>ISBN:<\/strong>\u00a09788491103738<br \/>\n<strong>Editorial:<\/strong>\u00a0Panamericana<br \/>\n<strong>Edici\u00f3n:<\/strong>\u00a01\u00aa<br \/>\n<strong>Especialidad<\/strong>: Fisioterapia<br \/>\n<strong>P\u00e1ginas:\u00a0<\/strong>200<br \/>\n\u00a9 2019<\/p>\n","protected":false},"featured_media":12376,"comment_status":"open","ping_status":"open","template":"","meta":{"_joinchat":[]},"product_cat":[111],"product_tag":[112,70],"class_list":{"0":"post-12375","1":"product","2":"type-product","3":"status-publish","4":"has-post-thumbnail","6":"product_cat-fisioterapia","7":"product_tag-fisioterapia","8":"product_tag-panamericana","10":"first","11":"instock","12":"featured","13":"taxable","14":"shipping-taxable","15":"purchasable","16":"product-type-simple"},"_links":{"self":[{"href":"https:\/\/edimeinter.com\/libreria\/wp-json\/wp\/v2\/product\/12375","targetHints":{"allow":["GET"]}}],"collection":[{"href":"https:\/\/edimeinter.com\/libreria\/wp-json\/wp\/v2\/product"}],"about":[{"href":"https:\/\/edimeinter.com\/libreria\/wp-json\/wp\/v2\/types\/product"}],"replies":[{"embeddable":true,"href":"https:\/\/edimeinter.com\/libreria\/wp-json\/wp\/v2\/comments?post=12375"}],"version-history":[{"count":1,"href":"https:\/\/edimeinter.com\/libreria\/wp-json\/wp\/v2\/product\/12375\/revisions"}],"predecessor-version":[{"id":15398,"href":"https:\/\/edimeinter.com\/libreria\/wp-json\/wp\/v2\/product\/12375\/revisions\/15398"}],"wp:featuredmedia":[{"embeddable":true,"href":"https:\/\/edimeinter.com\/libreria\/wp-json\/wp\/v2\/media\/12376"}],"wp:attachment":[{"href":"https:\/\/edimeinter.com\/libreria\/wp-json\/wp\/v2\/media?parent=12375"}],"wp:term":[{"taxonomy":"product_cat","embeddable":true,"href":"https:\/\/edimeinter.com\/libreria\/wp-json\/wp\/v2\/product_cat?post=12375"},{"taxonomy":"product_tag","embeddable":true,"href":"https:\/\/edimeinter.com\/libreria\/wp-json\/wp\/v2\/product_tag?post=12375"}],"curies":[{"name":"wp","href":"https:\/\/api.w.org\/{rel}","templated":true}]}}