{"id":12381,"date":"2025-02-11T21:19:38","date_gmt":"2025-02-11T21:19:38","guid":{"rendered":"https:\/\/edimeinter.com\/libreria\/?post_type=product&#038;p=12381"},"modified":"2025-03-04T18:10:40","modified_gmt":"2025-03-04T18:10:40","slug":"ecografia-transvaginal-en-la-evaluacion-de-los-tumores-de-ovario-incluye-version-digital-1a-edicion","status":"publish","type":"product","link":"https:\/\/edimeinter.com\/libreria\/product\/ecografia-transvaginal-en-la-evaluacion-de-los-tumores-de-ovario-incluye-version-digital-1a-edicion\/","title":{"rendered":"Ecograf\u00eda Transvaginal en la Evaluaci\u00f3n de los Tumores de Ovario (incluye versi\u00f3n digital). 1\u00aa Edici\u00f3n"},"content":{"rendered":"\t\t<div data-elementor-type=\"wp-post\" data-elementor-id=\"12381\" class=\"elementor elementor-12381\">\n\t\t\t\t<div class=\"elementor-element elementor-element-2612b12 e-flex e-con-boxed e-con e-parent\" data-id=\"2612b12\" data-element_type=\"container\" data-e-type=\"container\">\n\t\t\t\t\t<div class=\"e-con-inner\">\n\t\t\n\t\t<div class=\"elementor-element elementor-element-498707ae elementor-widget elementor-widget-text-editor\" data-id=\"498707ae\" data-element_type=\"widget\" data-e-type=\"widget\" data-widget_type=\"text-editor.default\">\n\t\t\t\t<div class=\"elementor-widget-container\">\n\t\t\t\t\t\t\t\t\t<p>La ecograf\u00eda transvaginal es una de las pruebas de diagn\u00f3stico por imagen m\u00e1s importantes para el ginec\u00f3logo a la hora de discriminar las lesiones benignas de las malignas que surgen en los anejos uterinos (ovario y trompas de Falopio). Aunque se trata de una t\u00e9cnica de imagen utilizada en este escenario cl\u00ednico desde hace m\u00e1s de tres d\u00e9cadas su evoluci\u00f3n permite, en la actualidad, una evaluaci\u00f3n estandarizada, el desarrollo de modelos matem\u00e1ticos predictivos y la incorporaci\u00f3n de avances tecnol\u00f3gicos, como la ecograf\u00eda 3D\/4D.<\/p>\t\t\t\t\t\t\t\t<\/div>\n\t\t\t\t<\/div>\n\t\t\t\t\t<\/div>\n\t\t\t\t<\/div>\n\t\t\t\t<\/div>\n\t\t","protected":false},"excerpt":{"rendered":"<p><strong>Autores:<\/strong>\u00a0Juan Luis Alc\u00e1zar Zambrano<br \/>\n<strong>ISBN:<\/strong>\u00a09788491104971<br \/>\n<strong>Editorial:<\/strong>\u00a0Panamericana<br \/>\n<strong>Edici\u00f3n:<\/strong>\u00a01\u00aa<br \/>\n<strong>Especialidad<\/strong>: Ginecolog\u00eda y Obstetricia<br \/>\n<strong>P\u00e1ginas:\u00a0<\/strong>128<br \/>\n\u00a9 2019<\/p>\n","protected":false},"featured_media":12383,"comment_status":"open","ping_status":"open","template":"","meta":{"_joinchat":[]},"product_cat":[104],"product_tag":[105,70],"class_list":{"0":"post-12381","1":"product","2":"type-product","3":"status-publish","4":"has-post-thumbnail","6":"product_cat-ginecologia-y-obstetricia","7":"product_tag-ginecologia-y-obstetricia","8":"product_tag-panamericana","10":"first","11":"instock","12":"featured","13":"taxable","14":"shipping-taxable","15":"purchasable","16":"product-type-simple"},"_links":{"self":[{"href":"https:\/\/edimeinter.com\/libreria\/wp-json\/wp\/v2\/product\/12381","targetHints":{"allow":["GET"]}}],"collection":[{"href":"https:\/\/edimeinter.com\/libreria\/wp-json\/wp\/v2\/product"}],"about":[{"href":"https:\/\/edimeinter.com\/libreria\/wp-json\/wp\/v2\/types\/product"}],"replies":[{"embeddable":true,"href":"https:\/\/edimeinter.com\/libreria\/wp-json\/wp\/v2\/comments?post=12381"}],"version-history":[{"count":1,"href":"https:\/\/edimeinter.com\/libreria\/wp-json\/wp\/v2\/product\/12381\/revisions"}],"predecessor-version":[{"id":15399,"href":"https:\/\/edimeinter.com\/libreria\/wp-json\/wp\/v2\/product\/12381\/revisions\/15399"}],"wp:featuredmedia":[{"embeddable":true,"href":"https:\/\/edimeinter.com\/libreria\/wp-json\/wp\/v2\/media\/12383"}],"wp:attachment":[{"href":"https:\/\/edimeinter.com\/libreria\/wp-json\/wp\/v2\/media?parent=12381"}],"wp:term":[{"taxonomy":"product_cat","embeddable":true,"href":"https:\/\/edimeinter.com\/libreria\/wp-json\/wp\/v2\/product_cat?post=12381"},{"taxonomy":"product_tag","embeddable":true,"href":"https:\/\/edimeinter.com\/libreria\/wp-json\/wp\/v2\/product_tag?post=12381"}],"curies":[{"name":"wp","href":"https:\/\/api.w.org\/{rel}","templated":true}]}}