{"id":12388,"date":"2025-02-11T21:27:07","date_gmt":"2025-02-11T21:27:07","guid":{"rendered":"https:\/\/edimeinter.com\/libreria\/?post_type=product&#038;p=12388"},"modified":"2025-07-23T20:09:28","modified_gmt":"2025-07-23T20:09:28","slug":"salud-publica-incluye-version-digital-conceptos-aplicaciones-y-desafios-3a-edicion","status":"publish","type":"product","link":"https:\/\/edimeinter.com\/libreria\/product\/salud-publica-incluye-version-digital-conceptos-aplicaciones-y-desafios-3a-edicion\/","title":{"rendered":"Salud P\u00fablica (Incluye versi\u00f3n digital) Conceptos, aplicaciones y desaf\u00edos. 3\u00aa Edici\u00f3n"},"content":{"rendered":"\t\t<div data-elementor-type=\"wp-post\" data-elementor-id=\"12388\" class=\"elementor elementor-12388\">\n\t\t\t\t<div class=\"elementor-element elementor-element-2612b12 e-flex e-con-boxed e-con e-parent\" data-id=\"2612b12\" data-element_type=\"container\" data-e-type=\"container\">\n\t\t\t\t\t<div class=\"e-con-inner\">\n\t\t\n\t\t<div class=\"elementor-element elementor-element-498707ae elementor-widget elementor-widget-text-editor\" data-id=\"498707ae\" data-element_type=\"widget\" data-e-type=\"widget\" data-widget_type=\"text-editor.default\">\n\t\t\t\t<div class=\"elementor-widget-container\">\n\t\t\t\t\t\t\t\t\t<p>Esta nueva edici\u00f3n de SALUD P\u00daBLICA ofrece nueva informaci\u00f3n sobre aspectos y reflexiones surgidas en los \u00faltimos tiempos desarrollando los temas en tres secciones: Conceptos y modelos, M\u00e9todos y aplicaciones pr\u00e1cticas y Desaf\u00edos actuales y futuros.<\/p><p>Sus autores jerarquizan el estudio de los factores ambientales que contribuyen a la determinaci\u00f3n de la salud y la enfermedad y el impacto en la calidad de vida de las comunidades y los individuos, y desarrollan aspectos relacionados con la econom\u00eda en salud, los costos crecientes de la atenci\u00f3n y la necesidad de cambios en los sistemas de salud.<\/p><p>Presenta adem\u00e1s m\u00e9todos para el diagn\u00f3stico y manejo de los patrones de morbilidad y mortalidad, las tecnolog\u00edas de la informaci\u00f3n y las comunicaciones. Ofrece tambi\u00e9n estrategias para la gesti\u00f3n del riesgo en salud enfocada en los riesgos ambientales, las enfermedades cr\u00f3nicas no trasmisibles, las enfermedades trasmitidas por vectores y la medicina de estilo de vida.<\/p><p>En resumen esta tercera edici\u00f3n ofrece una revisi\u00f3n exhaustiva de los desaf\u00edos actuales y futuros que tiene la salud p\u00fablica y por lo tanto es de indiscutible inter\u00e9s para estudiantes de: Medicina, Enfermer\u00eda, Odontolog\u00eda, Salud P\u00fablica, Administraci\u00f3n en Salud, Gerencia de Servicios de Salud, Epidemiolog\u00eda y todos aquellas personas relacionadas con el tema.<\/p>\t\t\t\t\t\t\t\t<\/div>\n\t\t\t\t<\/div>\n\t\t\t\t\t<\/div>\n\t\t\t\t<\/div>\n\t\t\t\t<\/div>\n\t\t","protected":false},"excerpt":{"rendered":"<p><strong>Autores:<\/strong>\u00a0Gustavo Malag\u00f3n-Londo\u00f1o \/ Jairo Reynales Londo\u00f1o<br \/>\n<strong>ISBN:<\/strong>\u00a09789588443805<br \/>\n<strong>Editorial:<\/strong>\u00a0Panamericana<br \/>\n<strong>Edici\u00f3n:<\/strong>\u00a03\u00aa<br \/>\n<strong>Especialidad<\/strong>: Salud P\u00fablica<br \/>\n<strong>P\u00e1ginas:\u00a0<\/strong>848<br \/>\n\u00a9 2020<\/p>\n","protected":false},"featured_media":12389,"comment_status":"open","ping_status":"closed","template":"","meta":{"_joinchat":[]},"product_cat":[193],"product_tag":[70,194],"class_list":{"0":"post-12388","1":"product","2":"type-product","3":"status-publish","4":"has-post-thumbnail","6":"product_cat-salud-publica","7":"product_tag-panamericana","8":"product_tag-salud-publica","10":"first","11":"instock","12":"featured","13":"taxable","14":"shipping-taxable","15":"purchasable","16":"product-type-simple"},"_links":{"self":[{"href":"https:\/\/edimeinter.com\/libreria\/wp-json\/wp\/v2\/product\/12388","targetHints":{"allow":["GET"]}}],"collection":[{"href":"https:\/\/edimeinter.com\/libreria\/wp-json\/wp\/v2\/product"}],"about":[{"href":"https:\/\/edimeinter.com\/libreria\/wp-json\/wp\/v2\/types\/product"}],"replies":[{"embeddable":true,"href":"https:\/\/edimeinter.com\/libreria\/wp-json\/wp\/v2\/comments?post=12388"}],"version-history":[{"count":1,"href":"https:\/\/edimeinter.com\/libreria\/wp-json\/wp\/v2\/product\/12388\/revisions"}],"predecessor-version":[{"id":15400,"href":"https:\/\/edimeinter.com\/libreria\/wp-json\/wp\/v2\/product\/12388\/revisions\/15400"}],"wp:featuredmedia":[{"embeddable":true,"href":"https:\/\/edimeinter.com\/libreria\/wp-json\/wp\/v2\/media\/12389"}],"wp:attachment":[{"href":"https:\/\/edimeinter.com\/libreria\/wp-json\/wp\/v2\/media?parent=12388"}],"wp:term":[{"taxonomy":"product_cat","embeddable":true,"href":"https:\/\/edimeinter.com\/libreria\/wp-json\/wp\/v2\/product_cat?post=12388"},{"taxonomy":"product_tag","embeddable":true,"href":"https:\/\/edimeinter.com\/libreria\/wp-json\/wp\/v2\/product_tag?post=12388"}],"curies":[{"name":"wp","href":"https:\/\/api.w.org\/{rel}","templated":true}]}}