{"id":12394,"date":"2025-02-11T21:29:44","date_gmt":"2025-02-11T21:29:44","guid":{"rendered":"https:\/\/edimeinter.com\/libreria\/?post_type=product&#038;p=12394"},"modified":"2025-03-04T18:13:48","modified_gmt":"2025-03-04T18:13:48","slug":"tecnicas-y-procedimientos-para-enfermeria-en-urgencias-pediatricas-incluye-version-digital-1a-edicion","status":"publish","type":"product","link":"https:\/\/edimeinter.com\/libreria\/product\/tecnicas-y-procedimientos-para-enfermeria-en-urgencias-pediatricas-incluye-version-digital-1a-edicion\/","title":{"rendered":"T\u00e9cnicas y Procedimientos para Enfermer\u00eda en Urgencias Pedi\u00e1tricas (incluye versi\u00f3n digital). 1\u00aa Edici\u00f3n"},"content":{"rendered":"\t\t<div data-elementor-type=\"wp-post\" data-elementor-id=\"12394\" class=\"elementor elementor-12394\">\n\t\t\t\t<div class=\"elementor-element elementor-element-2612b12 e-flex e-con-boxed e-con e-parent\" data-id=\"2612b12\" data-element_type=\"container\" data-e-type=\"container\">\n\t\t\t\t\t<div class=\"e-con-inner\">\n\t\t\n\t\t<div class=\"elementor-element elementor-element-498707ae elementor-widget elementor-widget-text-editor\" data-id=\"498707ae\" data-element_type=\"widget\" data-e-type=\"widget\" data-widget_type=\"text-editor.default\">\n\t\t\t\t<div class=\"elementor-widget-container\">\n\t\t\t\t\t\t\t\t\t<p>T\u00e9cnicas y Procedimientos para Enfermer\u00eda en Urgencias Pedi\u00e1tricas refleja la filosof\u00eda del trabajo de Enfermer\u00eda en el Servicio de Urgencias de Pediatr\u00eda.<\/p><p>Esta obra, fruto de la experiencia adquirida durante a\u00f1os atendiendo a miles de ni\u00f1os de manera protocolizada, contribuye a proporcionar una atenci\u00f3n de calidad a ni\u00f1os, adolescentes y a sus familias o acompa\u00f1antes en Urgencias.<\/p>\t\t\t\t\t\t\t\t<\/div>\n\t\t\t\t<\/div>\n\t\t\t\t\t<\/div>\n\t\t\t\t<\/div>\n\t\t\t\t<\/div>\n\t\t","protected":false},"excerpt":{"rendered":"<p><strong>Autores:<\/strong>\u00a0Mar\u00eda Isabel Ares Ares \/ Francisco Javier Benito Fern\u00e1ndez \/ Santiago Mintegi Raso \/ Mar\u00eda Jes\u00fas Yag\u00fce Rodr\u00edguez<br \/>\n<strong>ISBN:<\/strong>\u00a09788491103011<br \/>\n<strong>Editorial:<\/strong>\u00a0Panamericana<br \/>\n<strong>Edici\u00f3n:<\/strong>\u00a01\u00aa<br \/>\n<strong>Especialidad<\/strong>: Enfermer\u00eda<br \/>\n<strong>P\u00e1ginas:\u00a0<\/strong>420<br \/>\n\u00a9 2019<\/p>\n","protected":false},"featured_media":12395,"comment_status":"open","ping_status":"open","template":"","meta":{"_joinchat":[]},"product_cat":[115],"product_tag":[82,70],"class_list":{"0":"post-12394","1":"product","2":"type-product","3":"status-publish","4":"has-post-thumbnail","6":"product_cat-enfermeria","7":"product_tag-enfermeria","8":"product_tag-panamericana","10":"first","11":"outofstock","12":"featured","13":"taxable","14":"shipping-taxable","15":"purchasable","16":"product-type-simple"},"_links":{"self":[{"href":"https:\/\/edimeinter.com\/libreria\/wp-json\/wp\/v2\/product\/12394","targetHints":{"allow":["GET"]}}],"collection":[{"href":"https:\/\/edimeinter.com\/libreria\/wp-json\/wp\/v2\/product"}],"about":[{"href":"https:\/\/edimeinter.com\/libreria\/wp-json\/wp\/v2\/types\/product"}],"replies":[{"embeddable":true,"href":"https:\/\/edimeinter.com\/libreria\/wp-json\/wp\/v2\/comments?post=12394"}],"version-history":[{"count":1,"href":"https:\/\/edimeinter.com\/libreria\/wp-json\/wp\/v2\/product\/12394\/revisions"}],"predecessor-version":[{"id":15401,"href":"https:\/\/edimeinter.com\/libreria\/wp-json\/wp\/v2\/product\/12394\/revisions\/15401"}],"wp:featuredmedia":[{"embeddable":true,"href":"https:\/\/edimeinter.com\/libreria\/wp-json\/wp\/v2\/media\/12395"}],"wp:attachment":[{"href":"https:\/\/edimeinter.com\/libreria\/wp-json\/wp\/v2\/media?parent=12394"}],"wp:term":[{"taxonomy":"product_cat","embeddable":true,"href":"https:\/\/edimeinter.com\/libreria\/wp-json\/wp\/v2\/product_cat?post=12394"},{"taxonomy":"product_tag","embeddable":true,"href":"https:\/\/edimeinter.com\/libreria\/wp-json\/wp\/v2\/product_tag?post=12394"}],"curies":[{"name":"wp","href":"https:\/\/api.w.org\/{rel}","templated":true}]}}