{"id":12400,"date":"2025-02-11T21:34:49","date_gmt":"2025-02-11T21:34:49","guid":{"rendered":"https:\/\/edimeinter.com\/libreria\/?post_type=product&#038;p=12400"},"modified":"2025-03-04T18:14:41","modified_gmt":"2025-03-04T18:14:41","slug":"neurologia-incluye-version-digital-3a-edicion","status":"publish","type":"product","link":"https:\/\/edimeinter.com\/libreria\/product\/neurologia-incluye-version-digital-3a-edicion\/","title":{"rendered":"Neurolog\u00eda (incluye versi\u00f3n digital). 3\u00aa Edici\u00f3n"},"content":{"rendered":"\t\t<div data-elementor-type=\"wp-post\" data-elementor-id=\"12400\" class=\"elementor elementor-12400\">\n\t\t\t\t<div class=\"elementor-element elementor-element-2612b12 e-flex e-con-boxed e-con e-parent\" data-id=\"2612b12\" data-element_type=\"container\" data-e-type=\"container\">\n\t\t\t\t\t<div class=\"e-con-inner\">\n\t\t\n\t\t<div class=\"elementor-element elementor-element-498707ae elementor-widget elementor-widget-text-editor\" data-id=\"498707ae\" data-element_type=\"widget\" data-e-type=\"widget\" data-widget_type=\"text-editor.default\">\n\t\t\t\t<div class=\"elementor-widget-container\">\n\t\t\t\t\t\t\t\t\t<p>Ya en su tercera edici\u00f3n, y cerca de cumplir dos d\u00e9cadas en el mercado, la Neurolog\u00eda de los profesores Federico Micheli y Manuel M. Fern\u00e1ndez Pardal suma los avances m\u00e1s recientes a la exposici\u00f3n de los temas cl\u00e1sicos de la Neurolog\u00eda y, como novedad, incluye un sitio web con material complementario. Refleja los cambios de esta especialidad con un desarrollo vertiginoso y destaca la importancia de su estudio en un contexto de vidas cada vez m\u00e1s prolongadas y el consecuente incremento de las enfermedades del sistema nervioso, tanto las relacionadas con la cognici\u00f3n o las enfermedades neurodegenerativas, como las consecutivas al compromiso de la vascularizaci\u00f3n encef\u00e1lica.<\/p>\t\t\t\t\t\t\t\t<\/div>\n\t\t\t\t<\/div>\n\t\t\t\t\t<\/div>\n\t\t\t\t<\/div>\n\t\t\t\t<\/div>\n\t\t","protected":false},"excerpt":{"rendered":"<p><strong>Autores:<\/strong>\u00a0Federico E. Micheli \/ Manuel M. Fern\u00e1ndez Pardal<br \/>\n<strong>ISBN:<\/strong>\u00a09789500696067<br \/>\n<strong>Editorial:<\/strong>\u00a0Panamericana<br \/>\n<strong>Edici\u00f3n:<\/strong>\u00a03\u00aa<br \/>\n<strong>Especialidad<\/strong>: Neurolog\u00eda y Neurocirug\u00eda<br \/>\n<strong>P\u00e1ginas:\u00a0<\/strong>736<br \/>\n\u00a9 2019<\/p>\n","protected":false},"featured_media":12401,"comment_status":"open","ping_status":"open","template":"","meta":{"_joinchat":[]},"product_cat":[166],"product_tag":[167,70],"class_list":{"0":"post-12400","1":"product","2":"type-product","3":"status-publish","4":"has-post-thumbnail","6":"product_cat-neurologia-y-neurocirugia","7":"product_tag-neurologia-y-neurocirugia","8":"product_tag-panamericana","10":"first","11":"outofstock","12":"featured","13":"taxable","14":"shipping-taxable","15":"purchasable","16":"product-type-simple"},"_links":{"self":[{"href":"https:\/\/edimeinter.com\/libreria\/wp-json\/wp\/v2\/product\/12400","targetHints":{"allow":["GET"]}}],"collection":[{"href":"https:\/\/edimeinter.com\/libreria\/wp-json\/wp\/v2\/product"}],"about":[{"href":"https:\/\/edimeinter.com\/libreria\/wp-json\/wp\/v2\/types\/product"}],"replies":[{"embeddable":true,"href":"https:\/\/edimeinter.com\/libreria\/wp-json\/wp\/v2\/comments?post=12400"}],"version-history":[{"count":1,"href":"https:\/\/edimeinter.com\/libreria\/wp-json\/wp\/v2\/product\/12400\/revisions"}],"predecessor-version":[{"id":15402,"href":"https:\/\/edimeinter.com\/libreria\/wp-json\/wp\/v2\/product\/12400\/revisions\/15402"}],"wp:featuredmedia":[{"embeddable":true,"href":"https:\/\/edimeinter.com\/libreria\/wp-json\/wp\/v2\/media\/12401"}],"wp:attachment":[{"href":"https:\/\/edimeinter.com\/libreria\/wp-json\/wp\/v2\/media?parent=12400"}],"wp:term":[{"taxonomy":"product_cat","embeddable":true,"href":"https:\/\/edimeinter.com\/libreria\/wp-json\/wp\/v2\/product_cat?post=12400"},{"taxonomy":"product_tag","embeddable":true,"href":"https:\/\/edimeinter.com\/libreria\/wp-json\/wp\/v2\/product_tag?post=12400"}],"curies":[{"name":"wp","href":"https:\/\/api.w.org\/{rel}","templated":true}]}}