{"id":12406,"date":"2025-02-11T21:47:39","date_gmt":"2025-02-11T21:47:39","guid":{"rendered":"https:\/\/edimeinter.com\/libreria\/?post_type=product&#038;p=12406"},"modified":"2025-03-04T18:17:26","modified_gmt":"2025-03-04T18:17:26","slug":"histologia-embriologia-e-ingenieria-tisular-bucodental-incluye-version-digital-4a-edicion","status":"publish","type":"product","link":"https:\/\/edimeinter.com\/libreria\/product\/histologia-embriologia-e-ingenieria-tisular-bucodental-incluye-version-digital-4a-edicion\/","title":{"rendered":"Histolog\u00eda, Embriolog\u00eda e Ingenier\u00eda Tisular Bucodental (incluye versi\u00f3n digital). 4\u00aa Edici\u00f3n"},"content":{"rendered":"\t\t<div data-elementor-type=\"wp-post\" data-elementor-id=\"12406\" class=\"elementor elementor-12406\">\n\t\t\t\t<div class=\"elementor-element elementor-element-2612b12 e-flex e-con-boxed e-con e-parent\" data-id=\"2612b12\" data-element_type=\"container\" data-e-type=\"container\">\n\t\t\t\t\t<div class=\"e-con-inner\">\n\t\t\n\t\t<div class=\"elementor-element elementor-element-498707ae elementor-widget elementor-widget-text-editor\" data-id=\"498707ae\" data-element_type=\"widget\" data-e-type=\"widget\" data-widget_type=\"text-editor.default\">\n\t\t\t\t<div class=\"elementor-widget-container\">\n\t\t\t\t\t\t\t\t\t<p>El conocimiento de las bases histol\u00f3gicas y embriol\u00f3gicas de las unidades estructurales que componen la cavidad bucal es fundamental en el proceso formativo del odont\u00f3logo, ya que le permitir\u00e1 asentar estructuralmente las lesiones y fundamentar, a nivel celular y tisular, la etiopatogenia, la prevenci\u00f3n y la terap\u00e9utica de las mismas.<\/p><p>La generaci\u00f3n de nuevos tejidos artificiales (ingenier\u00eda tisular) constituye asimismo un nuevo objetivo a desarrollar en la formaci\u00f3n del odont\u00f3logo ya que, tras la reciente incorporaci\u00f3n de estos tejidos a la terap\u00e9utica, son considerados en la actualidad medicamentos de terapias avanzadas.<\/p><p>El libro Histolog\u00eda, Embriolog\u00eda e Ingenier\u00eda Bucodental, de Mar\u00eda Elsa Ferraris y Antonio Campos, actualiza e integra las nuevas aportaciones existentes en estas \u00e1reas vinculando la investigaci\u00f3n b\u00e1sica y aplicada con la patolog\u00eda bucodental y la pr\u00e1ctica cl\u00ednica de la odontolog\u00eda. En esta cuarta edici\u00f3n se incluyen nuevos esquemas y microfotograf\u00edas as\u00ed como material complementario en la web, con casos cl\u00ednicos y cuestionarios tem\u00e1ticos, destinados a facilitar el aprendizaje, te\u00f3rico y pr\u00e1ctico, de las materias contenidas en el mismo y su relaci\u00f3n con las distintas lesiones odontol\u00f3gicas.<\/p><p>Se trata en suma de una obra did\u00e1ctica y excelentemente ilustrada que puede ser de gran utilidad para aquellos profesionales e investigadores que quieran conocer y ejercer la odontolog\u00eda cient\u00edfica de nuestro tiempo.<\/p>\t\t\t\t\t\t\t\t<\/div>\n\t\t\t\t<\/div>\n\t\t\t\t\t<\/div>\n\t\t\t\t<\/div>\n\t\t\t\t<\/div>\n\t\t","protected":false},"excerpt":{"rendered":"<p><strong>Autores:<\/strong>\u00a0Mar\u00eda Elsa G\u00f3mez de Ferraris \/ Antonio Campos Mu\u00f1oz<br \/>\n<strong>ISBN:<\/strong>\u00a09786078546244<br \/>\n<strong>Editorial:<\/strong>\u00a0Panamericana<br \/>\n<strong>Edici\u00f3n:<\/strong>\u00a04\u00aa<br \/>\n<strong>Especialidad<\/strong>: Odontolog\u00eda y Ortodoncia<br \/>\n<strong>P\u00e1ginas:\u00a0<\/strong>464<br \/>\n\u00a9 2019<\/p>\n","protected":false},"featured_media":12407,"comment_status":"open","ping_status":"open","template":"","meta":{"_joinchat":[]},"product_cat":[140],"product_tag":[141,70],"class_list":{"0":"post-12406","1":"product","2":"type-product","3":"status-publish","4":"has-post-thumbnail","6":"product_cat-odontologia-y-ortodoncia","7":"product_tag-odontologia-y-ortodoncia","8":"product_tag-panamericana","10":"first","11":"instock","12":"sale","13":"featured","14":"taxable","15":"shipping-taxable","16":"purchasable","17":"product-type-simple"},"_links":{"self":[{"href":"https:\/\/edimeinter.com\/libreria\/wp-json\/wp\/v2\/product\/12406","targetHints":{"allow":["GET"]}}],"collection":[{"href":"https:\/\/edimeinter.com\/libreria\/wp-json\/wp\/v2\/product"}],"about":[{"href":"https:\/\/edimeinter.com\/libreria\/wp-json\/wp\/v2\/types\/product"}],"replies":[{"embeddable":true,"href":"https:\/\/edimeinter.com\/libreria\/wp-json\/wp\/v2\/comments?post=12406"}],"version-history":[{"count":1,"href":"https:\/\/edimeinter.com\/libreria\/wp-json\/wp\/v2\/product\/12406\/revisions"}],"predecessor-version":[{"id":15403,"href":"https:\/\/edimeinter.com\/libreria\/wp-json\/wp\/v2\/product\/12406\/revisions\/15403"}],"wp:featuredmedia":[{"embeddable":true,"href":"https:\/\/edimeinter.com\/libreria\/wp-json\/wp\/v2\/media\/12407"}],"wp:attachment":[{"href":"https:\/\/edimeinter.com\/libreria\/wp-json\/wp\/v2\/media?parent=12406"}],"wp:term":[{"taxonomy":"product_cat","embeddable":true,"href":"https:\/\/edimeinter.com\/libreria\/wp-json\/wp\/v2\/product_cat?post=12406"},{"taxonomy":"product_tag","embeddable":true,"href":"https:\/\/edimeinter.com\/libreria\/wp-json\/wp\/v2\/product_tag?post=12406"}],"curies":[{"name":"wp","href":"https:\/\/api.w.org\/{rel}","templated":true}]}}