{"id":12418,"date":"2025-02-11T21:55:06","date_gmt":"2025-02-11T21:55:06","guid":{"rendered":"https:\/\/edimeinter.com\/libreria\/?post_type=product&#038;p=12418"},"modified":"2026-01-19T22:00:49","modified_gmt":"2026-01-19T22:00:49","slug":"red-book-enfermedades-infecciosas-en-pediatria-incluye-version-digital-31a-edicion","status":"publish","type":"product","link":"https:\/\/edimeinter.com\/libreria\/product\/red-book-enfermedades-infecciosas-en-pediatria-incluye-version-digital-31a-edicion\/","title":{"rendered":"Red Book: Enfermedades Infecciosas en Pediatr\u00eda (incluye versi\u00f3n digital). 31\u00aa Edici\u00f3n"},"content":{"rendered":"\t\t<div data-elementor-type=\"wp-post\" data-elementor-id=\"12418\" class=\"elementor elementor-12418\">\n\t\t\t\t\n<div class=\"elementor-element elementor-element-2612b12 e-flex e-con-boxed e-con e-parent\" data-id=\"2612b12\" data-element_type=\"container\" data-e-type=\"container\">\n\t\t\t\t\t<div class=\"e-con-inner\">\n\t\t\t\t<div class=\"elementor-element elementor-element-498707ae elementor-widget elementor-widget-text-editor\" data-id=\"498707ae\" data-element_type=\"widget\" data-e-type=\"widget\" data-widget_type=\"text-editor.default\">\n\t\t\t\t<div class=\"elementor-widget-container\">\n\t\t\t\t\t\t\t\t\t<p>En el siglo XXI, con una pr\u00e1ctica de las enfermedades infecciosas que cambia con gran celeridad y el limitado tiempo disponible del m\u00e9dico, el Red Book\u00ae \u2013ahora en su 31.a edici\u00f3n y con una tradici\u00f3n de excelencia de ocho d\u00e9cadas\u2013 sigue siendo un recurso esencial para obtener r\u00e1pidamente informaci\u00f3n actualizada, exacta y accesible sobre las vacunas y sus recomendaciones, las enfermedades infecciosas emergentes, las modalidades diagn\u00f3sticas y las recomendaciones terap\u00e9uticas. Esta valiosa obra, elaborada por el Comit\u00e9 de Enfermedades Infecciosas de la Academia Americana de Pediatr\u00eda (AAP), contiene un resumen completo de las recomendaciones vigentes y basadas en evidencias sobre las enfermedades infecciosas y la inmunizaci\u00f3n en lactantes, ni\u00f1os y adolescentes. Representa un consenso de opiniones elaborado por miembros del Comit\u00e9, junto con representantes de los Centros de Control y Prevenci\u00f3n de Enfermedades (CDC), la Administraci\u00f3n de Alimentos y F\u00e1rmacos (FDA), los Institutos Nacionales de Salud (NIH), la Academia Americana de M\u00e9dicos de Familia, el Programa Oficial Nacional de Vacunaci\u00f3n, la Sociedad Latinoamericana de Infectolog\u00eda Pedi\u00e1trica, la Organizaci\u00f3n Mundial de la Salud y m\u00e1s de 1000 colaboradores. Como siempre, se ha hecho una extensa revisi\u00f3n de los contenidos y se ha incluido una cantidad considerable de informaci\u00f3n reciente. Algunos ejemplos son:<\/p><div class=\"accordionContent pulir\"><ul><li>Se agregaron tres cap\u00edtulos sobre chikungunya, infecciones por estafilococos coagulasa-negativos y zika.<\/li><\/ul><ul><li>Se actualizaron y agregaron fuentes de informaci\u00f3n sobre inmunizaci\u00f3n y un cap\u00edtulo sobre \u201cAbordaje de las vacunas con los pacientes y con los padres\u201d.<\/li><\/ul><ul><li>Se incluyeron las nuevas recomendaciones para el uso de doxiciclina, mebendazol e inmunoglobulinas subcut\u00e1neas e intravenosas.<\/li><\/ul><ul><li>Se modificaron las pruebas diagn\u00f3sticas y las opciones terap\u00e9uticas contra la hepatitis C para compatibilizarlas con este campo cambiante.<\/li><\/ul><ul><li>Se actualiz\u00f3 el calendario y uso de la vacuna contra el papilomavirus humano y las vacunas para viajes internacionales.<\/li><\/ul><ul><li>Se modific\u00f3 el cuadro \u201cLesiones por vacunas\u201d para incluir el informe VAERS y se estandariz\u00f3 la terminolog\u00eda utilizada en el cuadro \u201cGu\u00eda de contraindicaciones y precauciones de las inmunizaciones\u201d.<\/li><\/ul><ul><li>Se actualizaron los datos sobre la ocurrencia end\u00e9mica de la tripanosomiasis americana (enfermedad de Chagas) y se introdujeron las nuevas opciones para el diagn\u00f3stico y el tratamiento de la tuberculosis.<\/li><\/ul><p>El Red Book\u00ae, considerado \u201cun cl\u00e1sico\u201d, seguir\u00e1 siendo una fuente de referencia invalorable para pediatras, neonat\u00f3logos, infect\u00f3logos, m\u00e9dicos de familia y generalistas, a quienes facilitar\u00e1 una correcta toma de decisiones para la prevenci\u00f3n y el manejo de las enfermedades infecciosas en pediatr\u00eda.<\/p><\/div>\t\t\t\t\t\t\t\t<\/div>\n\t\t\t\t<\/div>\n\t\t\t\t\t<\/div>\n\t\t\t\t<\/div>\n\t\t\t\t<\/div>\n\t\t","protected":false},"excerpt":{"rendered":"<p><strong>Autores:<\/strong>\u00a0AAP American Academy of Pediatrics<br \/>\n<strong>ISBN:<\/strong>\u00a09786078546183<br \/>\n<strong>Editorial:<\/strong>\u00a0Panamericana<br \/>\n<strong>Edici\u00f3n:<\/strong>\u00a031\u00aa<br \/>\n<strong>Especialidad<\/strong>: Pediatr\u00eda y Neonatolog\u00eda<br \/>\n<strong>P\u00e1ginas:\u00a0<\/strong>1244<br \/>\n\u00a9 2019<\/p>\n","protected":false},"featured_media":12419,"comment_status":"open","ping_status":"closed","template":"","meta":{"_joinchat":[]},"product_cat":[130],"product_tag":[70,131],"class_list":{"0":"post-12418","1":"product","2":"type-product","3":"status-publish","4":"has-post-thumbnail","6":"product_cat-pediatria-y-neonatologia","7":"product_tag-panamericana","8":"product_tag-pediatria-y-neonatologia","10":"first","11":"instock","12":"featured","13":"taxable","14":"shipping-taxable","15":"purchasable","16":"product-type-simple"},"_links":{"self":[{"href":"https:\/\/edimeinter.com\/libreria\/wp-json\/wp\/v2\/product\/12418","targetHints":{"allow":["GET"]}}],"collection":[{"href":"https:\/\/edimeinter.com\/libreria\/wp-json\/wp\/v2\/product"}],"about":[{"href":"https:\/\/edimeinter.com\/libreria\/wp-json\/wp\/v2\/types\/product"}],"replies":[{"embeddable":true,"href":"https:\/\/edimeinter.com\/libreria\/wp-json\/wp\/v2\/comments?post=12418"}],"version-history":[{"count":1,"href":"https:\/\/edimeinter.com\/libreria\/wp-json\/wp\/v2\/product\/12418\/revisions"}],"predecessor-version":[{"id":15405,"href":"https:\/\/edimeinter.com\/libreria\/wp-json\/wp\/v2\/product\/12418\/revisions\/15405"}],"wp:featuredmedia":[{"embeddable":true,"href":"https:\/\/edimeinter.com\/libreria\/wp-json\/wp\/v2\/media\/12419"}],"wp:attachment":[{"href":"https:\/\/edimeinter.com\/libreria\/wp-json\/wp\/v2\/media?parent=12418"}],"wp:term":[{"taxonomy":"product_cat","embeddable":true,"href":"https:\/\/edimeinter.com\/libreria\/wp-json\/wp\/v2\/product_cat?post=12418"},{"taxonomy":"product_tag","embeddable":true,"href":"https:\/\/edimeinter.com\/libreria\/wp-json\/wp\/v2\/product_tag?post=12418"}],"curies":[{"name":"wp","href":"https:\/\/api.w.org\/{rel}","templated":true}]}}