{"id":12425,"date":"2025-02-11T22:38:15","date_gmt":"2025-02-11T22:38:15","guid":{"rendered":"https:\/\/edimeinter.com\/libreria\/?post_type=product&#038;p=12425"},"modified":"2025-03-04T18:26:01","modified_gmt":"2025-03-04T18:26:01","slug":"dermatoscopia-pediatrica-1a-edicion","status":"publish","type":"product","link":"https:\/\/edimeinter.com\/libreria\/product\/dermatoscopia-pediatrica-1a-edicion\/","title":{"rendered":"Dermatoscopia Pedi\u00e1trica. 1\u00aa Edici\u00f3n"},"content":{"rendered":"\t\t<div data-elementor-type=\"wp-post\" data-elementor-id=\"12425\" class=\"elementor elementor-12425\">\n\t\t\t\t<div class=\"elementor-element elementor-element-2612b12 e-flex e-con-boxed e-con e-parent\" data-id=\"2612b12\" data-element_type=\"container\" data-e-type=\"container\">\n\t\t\t\t\t<div class=\"e-con-inner\">\n\t\t\n\t\t<div class=\"elementor-element elementor-element-498707ae elementor-widget elementor-widget-text-editor\" data-id=\"498707ae\" data-element_type=\"widget\" data-e-type=\"widget\" data-widget_type=\"text-editor.default\">\n\t\t\t\t<div class=\"elementor-widget-container\">\n\t\t\t\t\t\t\t\t\t<p>Dermatoscopia pedi\u00e1trica aborda el uso cl\u00e1sico de la dermatoscopia en lesiones melanoc\u00edticas y no melanoc\u00edticas, en enfermedades inflamatorias y de las u\u00f1as, alteraciones del pelo y el fol\u00edculo piloso, infestaciones e infecciones cut\u00e1neas, alteraciones vasculares, y otras patolog\u00edas de presentaci\u00f3n menos frecuente en pacientes pedi\u00e1tricos.<\/p>\t\t\t\t\t\t\t\t<\/div>\n\t\t\t\t<\/div>\n\t\t\t\t\t<\/div>\n\t\t\t\t<\/div>\n\t\t\t\t<\/div>\n\t\t","protected":false},"excerpt":{"rendered":"<p><strong>Autores:<\/strong>\u00a0Cabo, Horacio Larralde, Margarita<br \/>\n<strong>ISBN:<\/strong>\u00a09789878452012<br \/>\n<strong>Editorial:<\/strong>\u00a0Ediciones Journal<br \/>\n<strong>Edici\u00f3n:<\/strong>\u00a01\u00aa<br \/>\n<strong>Especialidad<\/strong>:\u00a0Dermatolog\u00eda<br \/>\n<strong>P\u00e1ginas<\/strong>: 190<br \/>\n\u00a9 2021<\/p>\n","protected":false},"featured_media":12426,"comment_status":"open","ping_status":"open","template":"","meta":{"_joinchat":[]},"product_cat":[108],"product_tag":[109,110],"class_list":{"0":"post-12425","1":"product","2":"type-product","3":"status-publish","4":"has-post-thumbnail","6":"product_cat-dermatologia","7":"product_tag-dermatologia","8":"product_tag-ediciones-journal","10":"first","11":"instock","12":"featured","13":"taxable","14":"shipping-taxable","15":"purchasable","16":"product-type-simple"},"_links":{"self":[{"href":"https:\/\/edimeinter.com\/libreria\/wp-json\/wp\/v2\/product\/12425","targetHints":{"allow":["GET"]}}],"collection":[{"href":"https:\/\/edimeinter.com\/libreria\/wp-json\/wp\/v2\/product"}],"about":[{"href":"https:\/\/edimeinter.com\/libreria\/wp-json\/wp\/v2\/types\/product"}],"replies":[{"embeddable":true,"href":"https:\/\/edimeinter.com\/libreria\/wp-json\/wp\/v2\/comments?post=12425"}],"version-history":[{"count":1,"href":"https:\/\/edimeinter.com\/libreria\/wp-json\/wp\/v2\/product\/12425\/revisions"}],"predecessor-version":[{"id":15406,"href":"https:\/\/edimeinter.com\/libreria\/wp-json\/wp\/v2\/product\/12425\/revisions\/15406"}],"wp:featuredmedia":[{"embeddable":true,"href":"https:\/\/edimeinter.com\/libreria\/wp-json\/wp\/v2\/media\/12426"}],"wp:attachment":[{"href":"https:\/\/edimeinter.com\/libreria\/wp-json\/wp\/v2\/media?parent=12425"}],"wp:term":[{"taxonomy":"product_cat","embeddable":true,"href":"https:\/\/edimeinter.com\/libreria\/wp-json\/wp\/v2\/product_cat?post=12425"},{"taxonomy":"product_tag","embeddable":true,"href":"https:\/\/edimeinter.com\/libreria\/wp-json\/wp\/v2\/product_tag?post=12425"}],"curies":[{"name":"wp","href":"https:\/\/api.w.org\/{rel}","templated":true}]}}