{"id":12437,"date":"2025-02-11T22:47:06","date_gmt":"2025-02-11T22:47:06","guid":{"rendered":"https:\/\/edimeinter.com\/libreria\/?post_type=product&#038;p=12437"},"modified":"2025-03-04T18:36:09","modified_gmt":"2025-03-04T18:36:09","slug":"manual-de-endocrinologia-ginecologica-y-reproductiva-1a-edicion","status":"publish","type":"product","link":"https:\/\/edimeinter.com\/libreria\/product\/manual-de-endocrinologia-ginecologica-y-reproductiva-1a-edicion\/","title":{"rendered":"Manual de endocrinolog\u00eda ginecol\u00f3gica y reproductiva. 1\u00aa Edici\u00f3n"},"content":{"rendered":"\t\t<div data-elementor-type=\"wp-post\" data-elementor-id=\"12437\" class=\"elementor elementor-12437\">\n\t\t\t\t<div class=\"elementor-element elementor-element-2612b12 e-flex e-con-boxed e-con e-parent\" data-id=\"2612b12\" data-element_type=\"container\" data-e-type=\"container\">\n\t\t\t\t\t<div class=\"e-con-inner\">\n\t\t\n\t\t<div class=\"elementor-element elementor-element-498707ae elementor-widget elementor-widget-text-editor\" data-id=\"498707ae\" data-element_type=\"widget\" data-e-type=\"widget\" data-widget_type=\"text-editor.default\">\n\t\t\t\t<div class=\"elementor-widget-container\">\n\t\t\t\t\t\t\t\t\t<p>El Manual cl\u00ednico de endocrinolog\u00eda ginecol\u00f3gica y reproductiva de la Sociedad Argentina de Endocrinolog\u00eda Ginecol\u00f3gica y Reproductiva<br \/>(SAEGRE) es una puesta al d\u00eda en la informaci\u00f3n, enfoque y tratamiento de todas las \u00e1reas de la especialidad: ginecolog\u00eda pedi\u00e1trica, adolescencia y sexualidad, anticoncepci\u00f3n, menopausia, enfermedades endocrinas, s\u00edndrome metab\u00f3lico e infertilidad.<\/p><p>El contenido, elaborado por profesionales especializados e id\u00f3neos en cada tema, es presentado de manera \u00e1gil y did\u00e1ctica mediante cuadros, gr\u00e1ficos, algoritmos y una lista de puntos relevantes al final de cada cap\u00edtulo. Manual cl\u00ednico de endocrinolog\u00eda ginecol\u00f3gica y reproductiva es una obra esencial para endocrin\u00f3logos, ginec\u00f3logos y especialistas en reproducci\u00f3n.<\/p><p>Esta edici\u00f3n incluye eBook. Disponible tambi\u00e9n en versi\u00f3n solo eBook.<\/p><p>Este manual es el esfuerzo conjunto de algunos de los m\u00e9dicos cl\u00ednicos m\u00e1s importantes en el campo de la endocrinolog\u00eda ginecol\u00f3gica y reproductiva, y da cuenta del gran esfuerzo realizado en los \u00faltimos 20 a\u00f1os por la Sociedad Argentina de Endocrinolog\u00eda Ginecol\u00f3gica y Reproductiva (SAEGRE) para promover el conocimiento cient\u00edfico y la educaci\u00f3n en esta \u00e1rea.<\/p>\t\t\t\t\t\t\t\t<\/div>\n\t\t\t\t<\/div>\n\t\t\t\t\t<\/div>\n\t\t\t\t<\/div>\n\t\t\t\t<\/div>\n\t\t","protected":false},"excerpt":{"rendered":"<p><strong>Autores:<\/strong>\u00a0SAEGRE (Soc Arg de Endocrinolo.<br \/>\n<strong>ISBN:<\/strong>\u00a0<span id=\"ContentPlaceHolderContenido_rptFichaContenidoCentral_prop_ISBN_0\">9789874922731<\/span><br \/>\n<strong>Editorial:<\/strong>\u00a0Ediciones Journal<br \/>\n<strong>Edici\u00f3n:<\/strong>\u00a01\u00aa<br \/>\n<strong>Especialidad<\/strong>: Ginecolog\u00eda<br \/>\n\u00a9 2020<\/p>\n","protected":false},"featured_media":12438,"comment_status":"open","ping_status":"open","template":"","meta":{"_joinchat":[]},"product_cat":[183],"product_tag":[110,184],"class_list":{"0":"post-12437","1":"product","2":"type-product","3":"status-publish","4":"has-post-thumbnail","6":"product_cat-ginecologia","7":"product_tag-ediciones-journal","8":"product_tag-ginecologia","10":"first","11":"instock","12":"featured","13":"taxable","14":"shipping-taxable","15":"purchasable","16":"product-type-simple"},"_links":{"self":[{"href":"https:\/\/edimeinter.com\/libreria\/wp-json\/wp\/v2\/product\/12437","targetHints":{"allow":["GET"]}}],"collection":[{"href":"https:\/\/edimeinter.com\/libreria\/wp-json\/wp\/v2\/product"}],"about":[{"href":"https:\/\/edimeinter.com\/libreria\/wp-json\/wp\/v2\/types\/product"}],"replies":[{"embeddable":true,"href":"https:\/\/edimeinter.com\/libreria\/wp-json\/wp\/v2\/comments?post=12437"}],"version-history":[{"count":2,"href":"https:\/\/edimeinter.com\/libreria\/wp-json\/wp\/v2\/product\/12437\/revisions"}],"predecessor-version":[{"id":15409,"href":"https:\/\/edimeinter.com\/libreria\/wp-json\/wp\/v2\/product\/12437\/revisions\/15409"}],"wp:featuredmedia":[{"embeddable":true,"href":"https:\/\/edimeinter.com\/libreria\/wp-json\/wp\/v2\/media\/12438"}],"wp:attachment":[{"href":"https:\/\/edimeinter.com\/libreria\/wp-json\/wp\/v2\/media?parent=12437"}],"wp:term":[{"taxonomy":"product_cat","embeddable":true,"href":"https:\/\/edimeinter.com\/libreria\/wp-json\/wp\/v2\/product_cat?post=12437"},{"taxonomy":"product_tag","embeddable":true,"href":"https:\/\/edimeinter.com\/libreria\/wp-json\/wp\/v2\/product_tag?post=12437"}],"curies":[{"name":"wp","href":"https:\/\/api.w.org\/{rel}","templated":true}]}}