{"id":12443,"date":"2025-02-11T22:49:53","date_gmt":"2025-02-11T22:49:53","guid":{"rendered":"https:\/\/edimeinter.com\/libreria\/?post_type=product&#038;p=12443"},"modified":"2025-03-04T18:38:42","modified_gmt":"2025-03-04T18:38:42","slug":"atlas-ilustrado-de-hilos-faciales-y-corporales-1a-edicion","status":"publish","type":"product","link":"https:\/\/edimeinter.com\/libreria\/product\/atlas-ilustrado-de-hilos-faciales-y-corporales-1a-edicion\/","title":{"rendered":"Atlas ilustrado de Hilos faciales y corporales. 1\u00aa Edici\u00f3n"},"content":{"rendered":"\t\t<div data-elementor-type=\"wp-post\" data-elementor-id=\"12443\" class=\"elementor elementor-12443\">\n\t\t\t\t<div class=\"elementor-element elementor-element-2612b12 e-flex e-con-boxed e-con e-parent\" data-id=\"2612b12\" data-element_type=\"container\" data-e-type=\"container\">\n\t\t\t\t\t<div class=\"e-con-inner\">\n\t\t\n\t\t<div class=\"elementor-element elementor-element-498707ae elementor-widget elementor-widget-text-editor\" data-id=\"498707ae\" data-element_type=\"widget\" data-e-type=\"widget\" data-widget_type=\"text-editor.default\">\n\t\t\t\t<div class=\"elementor-widget-container\">\n\t\t\t\t\t\t\t\t\t<p>El Atlas ilustrado de hilos faciales y corporales es una obra f\u00e1cil de comprender en la que se expresan con claridad los pasos a seguir desde la consulta del paciente hasta la aplicaci\u00f3n de los hilos en el rostro, el cuello, el abdomen, los gl\u00fateos, etc. Explica c\u00f3mo son los hilos, cu\u00e1les son sus caracter\u00edsticas, d\u00f3nde deben ser colocados, cu\u00e1les son los cuidados durante el procedimiento y cu\u00e1les son las zonas que muestran mejores resultados. Adem\u00e1s de un contenido ameno y did\u00e1ctico ofrece esquemas y cuadros que facilitan la comprensi\u00f3n.<\/p><p>El cap\u00edtulo final, \u00abLos mejores consejos para un tratamiento exitoso\u00bb, har\u00e1 de este libro un aliado del m\u00e9dico en la pr\u00e1ctica diaria y ser\u00e1 de gran valor en la comunicaci\u00f3n con sus pacientes a la hora de destacar las ventajas de estas t\u00e9cnicas.<\/p>\t\t\t\t\t\t\t\t<\/div>\n\t\t\t\t<\/div>\n\t\t\t\t\t<\/div>\n\t\t\t\t<\/div>\n\t\t\t\t<\/div>\n\t\t","protected":false},"excerpt":{"rendered":"<p><strong>Autores:<\/strong>\u00a0Padin, Vilmauc.<br \/>\n<strong>ISBN:<\/strong>\u00a09789874922519<br \/>\n<strong>Editorial:<\/strong>\u00a0Ediciones Journal<br \/>\n<strong>Edici\u00f3n:<\/strong>\u00a01\u00aa<br \/>\n<strong>Especialidad<\/strong>: Cirug\u00eda Pl\u00e1stica<br \/>\n<strong>P\u00e1ginas<\/strong>: 196<br \/>\n\u00a9 2020<\/p>\n","protected":false},"featured_media":12444,"comment_status":"open","ping_status":"open","template":"","meta":{"_joinchat":[]},"product_cat":[177],"product_tag":[178,110],"class_list":{"0":"post-12443","1":"product","2":"type-product","3":"status-publish","4":"has-post-thumbnail","6":"product_cat-cirugia-plastica","7":"product_tag-cirugia-plastica","8":"product_tag-ediciones-journal","10":"first","11":"outofstock","12":"featured","13":"taxable","14":"shipping-taxable","15":"purchasable","16":"product-type-simple"},"_links":{"self":[{"href":"https:\/\/edimeinter.com\/libreria\/wp-json\/wp\/v2\/product\/12443","targetHints":{"allow":["GET"]}}],"collection":[{"href":"https:\/\/edimeinter.com\/libreria\/wp-json\/wp\/v2\/product"}],"about":[{"href":"https:\/\/edimeinter.com\/libreria\/wp-json\/wp\/v2\/types\/product"}],"replies":[{"embeddable":true,"href":"https:\/\/edimeinter.com\/libreria\/wp-json\/wp\/v2\/comments?post=12443"}],"version-history":[{"count":1,"href":"https:\/\/edimeinter.com\/libreria\/wp-json\/wp\/v2\/product\/12443\/revisions"}],"predecessor-version":[{"id":15410,"href":"https:\/\/edimeinter.com\/libreria\/wp-json\/wp\/v2\/product\/12443\/revisions\/15410"}],"wp:featuredmedia":[{"embeddable":true,"href":"https:\/\/edimeinter.com\/libreria\/wp-json\/wp\/v2\/media\/12444"}],"wp:attachment":[{"href":"https:\/\/edimeinter.com\/libreria\/wp-json\/wp\/v2\/media?parent=12443"}],"wp:term":[{"taxonomy":"product_cat","embeddable":true,"href":"https:\/\/edimeinter.com\/libreria\/wp-json\/wp\/v2\/product_cat?post=12443"},{"taxonomy":"product_tag","embeddable":true,"href":"https:\/\/edimeinter.com\/libreria\/wp-json\/wp\/v2\/product_tag?post=12443"}],"curies":[{"name":"wp","href":"https:\/\/api.w.org\/{rel}","templated":true}]}}