{"id":12456,"date":"2025-02-11T23:08:27","date_gmt":"2025-02-11T23:08:27","guid":{"rendered":"https:\/\/edimeinter.com\/libreria\/?post_type=product&#038;p=12456"},"modified":"2025-03-04T18:46:36","modified_gmt":"2025-03-04T18:46:36","slug":"tecnicas-miofasciales-avanzadas-obra-completa-2-vols-1a-edicion","status":"publish","type":"product","link":"https:\/\/edimeinter.com\/libreria\/product\/tecnicas-miofasciales-avanzadas-obra-completa-2-vols-1a-edicion\/","title":{"rendered":"T\u00e9cnicas miofasciales avanzadas \u2013 Obra completa 2 Vols. 1\u00aa Edici\u00f3n"},"content":{"rendered":"\t\t<div data-elementor-type=\"wp-post\" data-elementor-id=\"12456\" class=\"elementor elementor-12456\">\n\t\t\t\t<div class=\"elementor-element elementor-element-2612b12 e-flex e-con-boxed e-con e-parent\" data-id=\"2612b12\" data-element_type=\"container\" data-e-type=\"container\">\n\t\t\t\t\t<div class=\"e-con-inner\">\n\t\t\n\t\t<div class=\"elementor-element elementor-element-498707ae elementor-widget elementor-widget-text-editor\" data-id=\"498707ae\" data-element_type=\"widget\" data-e-type=\"widget\" data-widget_type=\"text-editor.default\">\n\t\t\t\t<div class=\"elementor-widget-container\">\n\t\t\t\t\t\t\t\t\t<p>OBRA COMPLETA) 2 Vols. T\u00e9cnicas miofasciales avanzadas (volumen 1) es la primera de dos excelentes gu\u00edas repletas de informaci\u00f3n sobre t\u00e9cnicas de terapia manual altamente efectivas. El volumen 1 se concentra en las alteraciones del hombro, la mu\u00f1eca, la pelvis, el sacro, la pierna y el pie, y proporciona una variedad de herramientas para tratar algunos de los trastornos m\u00e1s frecuentes. Con instrucciones paso a paso e ilustraciones espectaculares, cada volumen se convierte en una valiosa colecci\u00f3n de abordajes manuales para restaurar la funci\u00f3n, refinar la propiocepci\u00f3n y disminuir el dolor. Cada cap\u00edtulo incluye: \u00bb Ilustraciones anat\u00f3micas asombrosas basadas en cuerpos vivos reales, que permiten visualizar, rotar y representar en capas tridimensionales la anatom\u00eda del cuerpo. \u00bb Textos claros, concisos y descriptivos con referencias a las \u00faltimas investigaciones. \u00bb Objetivos terap\u00e9uticos, precauciones y puntos clave. \u00bb Gu\u00eda de estudio con preguntas para revisar el contenido e instrucciones t\u00e9cnicas de uso. Escrita con un estilo claro y preciso, T\u00e9cnicas miofasciales avanzadas les ofrece a los terapistas manuales (entrenadores f\u00edsicos, operadores de integraci\u00f3n estructural, fisioterapistas y fisicoterapistas, craneoterapistas, masajistas, oste\u00f3patas, acupunturistas y quiropr\u00e1cticos, entre otros) herramientas pr\u00e1cticas que pueden incluir en su trabajo. Por sus excelentes y claras ilustraciones, tambi\u00e9n ser\u00e1 de gran utilidad para todos aquellos que trabajan con el movimiento del cuerpo: entrenadores f\u00edsicos y deportivos, directores t\u00e9cnicos, instructores de yoga y de pilates, y muchos m\u00e1s.<\/p><p>T\u00e9cnicas miofasciales avanzadas (volumen 2), es la segunda de dos excelentes gu\u00edas repletas de informaci\u00f3n sobre t\u00e9cnicas de terapia manual altamente efectivas. El volumen 2 se concentra en las alteraciones del cuello, la cabeza, la mand\u00edbula, la columna, el abdomen, el t\u00f3rax y las costillas, y proporciona una variedad de herramientas para tratar algunos de los trastornos m\u00e1s frecuentes. Con instrucciones paso a paso e ilustraciones espectaculares, cada volumen se convierte en una valiosa colecci\u00f3n con abordajes manuales para restaurar la funci\u00f3n, refinar la propiocepci\u00f3n y disminuir el dolor.<\/p>\t\t\t\t\t\t\t\t<\/div>\n\t\t\t\t<\/div>\n\t\t\t\t\t<\/div>\n\t\t\t\t<\/div>\n\t\t\t\t<\/div>\n\t\t","protected":false},"excerpt":{"rendered":"<p><strong>Autores:<\/strong>\u00a0Luchau.<br \/>\n<strong>ISBN:<\/strong>\u00a09789874922090<br \/>\n<strong>Editorial:<\/strong>\u00a0Ediciones Journal<br \/>\n<strong>Edici\u00f3n:<\/strong>\u00a01\u00aa<br \/>\n<strong>Especialidad<\/strong>: Fisioterapia<br \/>\n<strong>P\u00e1ginas<\/strong>: 448<br \/>\n\u00a9 2019<\/p>\n","protected":false},"featured_media":12457,"comment_status":"open","ping_status":"open","template":"","meta":{"_joinchat":[]},"product_cat":[111],"product_tag":[110,112],"class_list":{"0":"post-12456","1":"product","2":"type-product","3":"status-publish","4":"has-post-thumbnail","6":"product_cat-fisioterapia","7":"product_tag-ediciones-journal","8":"product_tag-fisioterapia","10":"first","11":"outofstock","12":"featured","13":"taxable","14":"shipping-taxable","15":"purchasable","16":"product-type-simple"},"_links":{"self":[{"href":"https:\/\/edimeinter.com\/libreria\/wp-json\/wp\/v2\/product\/12456","targetHints":{"allow":["GET"]}}],"collection":[{"href":"https:\/\/edimeinter.com\/libreria\/wp-json\/wp\/v2\/product"}],"about":[{"href":"https:\/\/edimeinter.com\/libreria\/wp-json\/wp\/v2\/types\/product"}],"replies":[{"embeddable":true,"href":"https:\/\/edimeinter.com\/libreria\/wp-json\/wp\/v2\/comments?post=12456"}],"version-history":[{"count":1,"href":"https:\/\/edimeinter.com\/libreria\/wp-json\/wp\/v2\/product\/12456\/revisions"}],"predecessor-version":[{"id":15412,"href":"https:\/\/edimeinter.com\/libreria\/wp-json\/wp\/v2\/product\/12456\/revisions\/15412"}],"wp:featuredmedia":[{"embeddable":true,"href":"https:\/\/edimeinter.com\/libreria\/wp-json\/wp\/v2\/media\/12457"}],"wp:attachment":[{"href":"https:\/\/edimeinter.com\/libreria\/wp-json\/wp\/v2\/media?parent=12456"}],"wp:term":[{"taxonomy":"product_cat","embeddable":true,"href":"https:\/\/edimeinter.com\/libreria\/wp-json\/wp\/v2\/product_cat?post=12456"},{"taxonomy":"product_tag","embeddable":true,"href":"https:\/\/edimeinter.com\/libreria\/wp-json\/wp\/v2\/product_tag?post=12456"}],"curies":[{"name":"wp","href":"https:\/\/api.w.org\/{rel}","templated":true}]}}