{"id":12462,"date":"2025-02-11T23:11:18","date_gmt":"2025-02-11T23:11:18","guid":{"rendered":"https:\/\/edimeinter.com\/libreria\/?post_type=product&#038;p=12462"},"modified":"2025-03-04T18:58:21","modified_gmt":"2025-03-04T18:58:21","slug":"glaucoma-1a-edicion","status":"publish","type":"product","link":"https:\/\/edimeinter.com\/libreria\/product\/glaucoma-1a-edicion\/","title":{"rendered":"Glaucoma. 1\u00aa Edici\u00f3n"},"content":{"rendered":"\t\t<div data-elementor-type=\"wp-post\" data-elementor-id=\"12462\" class=\"elementor elementor-12462\">\n\t\t\t\t<div class=\"elementor-element elementor-element-2612b12 e-flex e-con-boxed e-con e-parent\" data-id=\"2612b12\" data-element_type=\"container\" data-e-type=\"container\">\n\t\t\t\t\t<div class=\"e-con-inner\">\n\t\t\n\t\t<div class=\"elementor-element elementor-element-498707ae elementor-widget elementor-widget-text-editor\" data-id=\"498707ae\" data-element_type=\"widget\" data-e-type=\"widget\" data-widget_type=\"text-editor.default\">\n\t\t\t\t<div class=\"elementor-widget-container\">\n\t\t\t\t\t\t\t\t\t<p>En los \u00faltimos 10 a\u00f1os hubo grandes avances en todas las \u00e1reas relacionadas con el glaucoma, que transformaron el diagn\u00f3stico y tratamiento de esta enfermedad. Glaucoma es la primera obra en espa\u00f1ol que ofrece una amplia visi\u00f3n acerca de este tema complejo y apasionante. Estructurado en cinco grandes secciones que agrupan 66 cap\u00edtulos, el libro ofrece tanto conocimientos cl\u00e1sicos sobre el glaucoma como los avances m\u00e1s recientes en temas como: presi\u00f3n intraocular y tonometr\u00eda, tomograf\u00eda de coherencia \u00f3ptica del segmento anterior y posterior, angiotomograf\u00eda, calidad de vida, nuevas drogas y sistemas de liberaci\u00f3n controlada, enfermedad de la superficie ocular y glaucoma, y todo el espectro de cirug\u00edas existentes para el glaucoma. Incluye, adem\u00e1s, tres cap\u00edtulos dedicados especialmente a las nuevas cirug\u00edas m\u00ednimamente invasivas (MIGS).<\/p>\t\t\t\t\t\t\t\t<\/div>\n\t\t\t\t<\/div>\n\t\t\t\t\t<\/div>\n\t\t\t\t<\/div>\n\t\t\t\t<\/div>\n\t\t","protected":false},"excerpt":{"rendered":"<p><strong>Autores:<\/strong>\u00a0Lerner, S. Fabi\u00e1n Garc\u00eda Feij\u00f3o, Juli\u00e1n J\u00falvez Pablo, Luis E.<br \/>\n<strong>ISBN:<\/strong>\u00a09789874922724<br \/>\n<strong>Editorial:<\/strong>\u00a0Ediciones Journal<br \/>\n<strong>Edici\u00f3n:<\/strong>\u00a01\u00aa<br \/>\n<strong>Especialidad<\/strong>:\u00a0Oftalmolog\u00eda<br \/>\n<strong>P\u00e1ginas<\/strong>: 489<br \/>\n\u00a9 2021<\/p>\n","protected":false},"featured_media":12463,"comment_status":"open","ping_status":"open","template":"","meta":{"_joinchat":[]},"product_cat":[95],"product_tag":[110,96],"class_list":{"0":"post-12462","1":"product","2":"type-product","3":"status-publish","4":"has-post-thumbnail","6":"product_cat-oftalmologia-y-optometria","7":"product_tag-ediciones-journal","8":"product_tag-oftalmologia-y-optometria","10":"first","11":"outofstock","12":"featured","13":"taxable","14":"shipping-taxable","15":"purchasable","16":"product-type-simple"},"_links":{"self":[{"href":"https:\/\/edimeinter.com\/libreria\/wp-json\/wp\/v2\/product\/12462","targetHints":{"allow":["GET"]}}],"collection":[{"href":"https:\/\/edimeinter.com\/libreria\/wp-json\/wp\/v2\/product"}],"about":[{"href":"https:\/\/edimeinter.com\/libreria\/wp-json\/wp\/v2\/types\/product"}],"replies":[{"embeddable":true,"href":"https:\/\/edimeinter.com\/libreria\/wp-json\/wp\/v2\/comments?post=12462"}],"version-history":[{"count":1,"href":"https:\/\/edimeinter.com\/libreria\/wp-json\/wp\/v2\/product\/12462\/revisions"}],"predecessor-version":[{"id":15413,"href":"https:\/\/edimeinter.com\/libreria\/wp-json\/wp\/v2\/product\/12462\/revisions\/15413"}],"wp:featuredmedia":[{"embeddable":true,"href":"https:\/\/edimeinter.com\/libreria\/wp-json\/wp\/v2\/media\/12463"}],"wp:attachment":[{"href":"https:\/\/edimeinter.com\/libreria\/wp-json\/wp\/v2\/media?parent=12462"}],"wp:term":[{"taxonomy":"product_cat","embeddable":true,"href":"https:\/\/edimeinter.com\/libreria\/wp-json\/wp\/v2\/product_cat?post=12462"},{"taxonomy":"product_tag","embeddable":true,"href":"https:\/\/edimeinter.com\/libreria\/wp-json\/wp\/v2\/product_tag?post=12462"}],"curies":[{"name":"wp","href":"https:\/\/api.w.org\/{rel}","templated":true}]}}