{"id":12477,"date":"2025-02-11T23:24:56","date_gmt":"2025-02-11T23:24:56","guid":{"rendered":"https:\/\/edimeinter.com\/libreria\/?post_type=product&#038;p=12477"},"modified":"2025-03-04T18:59:57","modified_gmt":"2025-03-04T18:59:57","slug":"deglucion-de-la-a-a-la-z-2a-edicion","status":"publish","type":"product","link":"https:\/\/edimeinter.com\/libreria\/product\/deglucion-de-la-a-a-la-z-2a-edicion\/","title":{"rendered":"Degluci\u00f3n de la A a la Z. 2\u00aa Edici\u00f3n"},"content":{"rendered":"\t\t<div data-elementor-type=\"wp-post\" data-elementor-id=\"12477\" class=\"elementor elementor-12477\">\n\t\t\t\t<div class=\"elementor-element elementor-element-2612b12 e-flex e-con-boxed e-con e-parent\" data-id=\"2612b12\" data-element_type=\"container\" data-e-type=\"container\">\n\t\t\t\t\t<div class=\"e-con-inner\">\n\t\t\n\t\t<div class=\"elementor-element elementor-element-498707ae elementor-widget elementor-widget-text-editor\" data-id=\"498707ae\" data-element_type=\"widget\" data-e-type=\"widget\" data-widget_type=\"text-editor.default\">\n\t\t\t\t<div class=\"elementor-widget-container\">\n\t\t\t\t\t\t\t\t\t<p>Los trastornos deglutorios pueden ser la manifestaci\u00f3n de m\u00faltiples enfermedades y est\u00e1n asociados a complicaciones tales como d\u00e9ficits nutricionales, deshidrataci\u00f3n, riesgos de aspiraci\u00f3n, neumon\u00eda y muerte. En ocasiones, la disfagia no es detectada, por lo que es necesario conocer los m\u00e9todos actuales de evaluaci\u00f3n cl\u00ednica y los estudios complementarios para realizar un diagn\u00f3stico precoz y fiable, que permita planificar la necesidad de tratamiento y la v\u00eda de alimentaci\u00f3n.<\/p><p>La rehabilitaci\u00f3n de la degluci\u00f3n constituye uno de los desaf\u00edos m\u00e1s importantes para los profesionales de la salud, ya que la degluci\u00f3n debe ser segura y eficaz para evitar complicaciones, tales como infecciones respiratorias, desnutrici\u00f3n y deshidrataci\u00f3n. La demora en la toma de decisiones tiene un gran impacto en la calidad de vida de los pacientes, debido a la utilizaci\u00f3n cr\u00f3nica de c\u00e1nulas de traqueostom\u00eda y de dispositivos para la alimentaci\u00f3n, como sondas nasog\u00e1stricas y gastrostom\u00edas.<\/p><p>La encrucijada aerodigestiva plantea una de las mayores dificultades en el manejo de los pacientes con v\u00eda a\u00e9rea artificial, por lo que es relevante la participaci\u00f3n del equipo interdisciplinario.<\/p>\t\t\t\t\t\t\t\t<\/div>\n\t\t\t\t<\/div>\n\t\t\t\t\t<\/div>\n\t\t\t\t<\/div>\n\t\t\t\t<\/div>\n\t\t","protected":false},"excerpt":{"rendered":"<p><strong>Autores:<\/strong>\u00a0C\u00e1mpora, Horacio Falduti, Alejandra.<br \/>\n<strong>ISBN:<\/strong>\u00a09789874922366<br \/>\n<strong>Editorial:<\/strong>\u00a0Ediciones Journal<br \/>\n<strong>Edici\u00f3n:<\/strong>\u00a02\u00aa<br \/>\n<strong>Especialidad<\/strong>: Nutrici\u00f3n y Dietoterapia<br \/>\n<strong>P\u00e1ginas<\/strong>: 367<br \/>\n\u00a9 2020<\/p>\n","protected":false},"featured_media":12478,"comment_status":"open","ping_status":"open","template":"","meta":{"_joinchat":[]},"product_cat":[106],"product_tag":[110,107],"class_list":{"0":"post-12477","1":"product","2":"type-product","3":"status-publish","4":"has-post-thumbnail","6":"product_cat-nutricion-y-dietoterapia","7":"product_tag-ediciones-journal","8":"product_tag-nutricion-y-dietoterapia","10":"first","11":"instock","12":"featured","13":"taxable","14":"shipping-taxable","15":"purchasable","16":"product-type-simple"},"_links":{"self":[{"href":"https:\/\/edimeinter.com\/libreria\/wp-json\/wp\/v2\/product\/12477","targetHints":{"allow":["GET"]}}],"collection":[{"href":"https:\/\/edimeinter.com\/libreria\/wp-json\/wp\/v2\/product"}],"about":[{"href":"https:\/\/edimeinter.com\/libreria\/wp-json\/wp\/v2\/types\/product"}],"replies":[{"embeddable":true,"href":"https:\/\/edimeinter.com\/libreria\/wp-json\/wp\/v2\/comments?post=12477"}],"version-history":[{"count":1,"href":"https:\/\/edimeinter.com\/libreria\/wp-json\/wp\/v2\/product\/12477\/revisions"}],"predecessor-version":[{"id":15416,"href":"https:\/\/edimeinter.com\/libreria\/wp-json\/wp\/v2\/product\/12477\/revisions\/15416"}],"wp:featuredmedia":[{"embeddable":true,"href":"https:\/\/edimeinter.com\/libreria\/wp-json\/wp\/v2\/media\/12478"}],"wp:attachment":[{"href":"https:\/\/edimeinter.com\/libreria\/wp-json\/wp\/v2\/media?parent=12477"}],"wp:term":[{"taxonomy":"product_cat","embeddable":true,"href":"https:\/\/edimeinter.com\/libreria\/wp-json\/wp\/v2\/product_cat?post=12477"},{"taxonomy":"product_tag","embeddable":true,"href":"https:\/\/edimeinter.com\/libreria\/wp-json\/wp\/v2\/product_tag?post=12477"}],"curies":[{"name":"wp","href":"https:\/\/api.w.org\/{rel}","templated":true}]}}