{"id":12484,"date":"2025-02-11T23:33:21","date_gmt":"2025-02-11T23:33:21","guid":{"rendered":"https:\/\/edimeinter.com\/libreria\/?post_type=product&#038;p=12484"},"modified":"2025-03-04T19:00:47","modified_gmt":"2025-03-04T19:00:47","slug":"manual-de-asistencia-respiratoria-en-neonatologia-4a-edicion","status":"publish","type":"product","link":"https:\/\/edimeinter.com\/libreria\/product\/manual-de-asistencia-respiratoria-en-neonatologia-4a-edicion\/","title":{"rendered":"Manual de Asistencia Respiratoria en Neonatolog\u00eda. 4\u00aa Edici\u00f3n"},"content":{"rendered":"\t\t<div data-elementor-type=\"wp-post\" data-elementor-id=\"12484\" class=\"elementor elementor-12484\">\n\t\t\t\t<div class=\"elementor-element elementor-element-2612b12 e-flex e-con-boxed e-con e-parent\" data-id=\"2612b12\" data-element_type=\"container\" data-e-type=\"container\">\n\t\t\t\t\t<div class=\"e-con-inner\">\n\t\t\n\t\t<div class=\"elementor-element elementor-element-498707ae elementor-widget elementor-widget-text-editor\" data-id=\"498707ae\" data-element_type=\"widget\" data-e-type=\"widget\" data-widget_type=\"text-editor.default\">\n\t\t\t\t<div class=\"elementor-widget-container\">\n\t\t\t\t\t\t\t\t\t<p>La cuarta edici\u00f3n del Manual de asistencia respiratoria en Neonatolog\u00eda es una actualizaci\u00f3n exhaustiva y una fuente \u00fatil de informaci\u00f3n pr\u00e1ctica sobre fisiolog\u00eda respiratoria, t\u00e9cnicas de evaluaci\u00f3n, procedimientos, radiograf\u00eda, ventilaci\u00f3n, tratamiento del dolor, transporte y planificaci\u00f3n del alta, que toma en cuenta los \u00faltimos avances en el equipamiento y en la pr\u00e1ctica de la asistencia respiratoria de los reci\u00e9n nacidos. Caracter\u00edsticas de esta edici\u00f3n: -Nuevos cap\u00edtulos que abordan las estrategias para tratar la insuficiencia respiratoria: insuflaci\u00f3n sostenida, optimizaci\u00f3n del volumen pulmonar y uso de capnograf\u00eda volum\u00e9trica, terapia con aerosol y tratamiento del quilot\u00f3rax.<\/p>\t\t\t\t\t\t\t\t<\/div>\n\t\t\t\t<\/div>\n\t\t\t\t\t<\/div>\n\t\t\t\t<\/div>\n\t\t\t\t<\/div>\n\t\t","protected":false},"excerpt":{"rendered":"<p><strong>Autores:<\/strong>\u00a0Donn, Steven M. Sinha, Sunil.<br \/>\n<strong>ISBN:<\/strong>\u00a09789874922144<br \/>\n<strong>Editorial:<\/strong>\u00a0Ediciones Journal<br \/>\n<strong>Edici\u00f3n:<\/strong>\u00a04\u00aa<br \/>\n<strong>Especialidad<\/strong>: Pediatr\u00eda<br \/>\n<strong>P\u00e1ginas<\/strong>: 638<br \/>\n\u00a9 2020<\/p>\n","protected":false},"featured_media":12485,"comment_status":"open","ping_status":"open","template":"","meta":{"_joinchat":[]},"product_cat":[130],"product_tag":[110,131],"class_list":{"0":"post-12484","1":"product","2":"type-product","3":"status-publish","4":"has-post-thumbnail","6":"product_cat-pediatria-y-neonatologia","7":"product_tag-ediciones-journal","8":"product_tag-pediatria-y-neonatologia","10":"first","11":"instock","12":"featured","13":"taxable","14":"shipping-taxable","15":"purchasable","16":"product-type-simple"},"_links":{"self":[{"href":"https:\/\/edimeinter.com\/libreria\/wp-json\/wp\/v2\/product\/12484","targetHints":{"allow":["GET"]}}],"collection":[{"href":"https:\/\/edimeinter.com\/libreria\/wp-json\/wp\/v2\/product"}],"about":[{"href":"https:\/\/edimeinter.com\/libreria\/wp-json\/wp\/v2\/types\/product"}],"replies":[{"embeddable":true,"href":"https:\/\/edimeinter.com\/libreria\/wp-json\/wp\/v2\/comments?post=12484"}],"version-history":[{"count":1,"href":"https:\/\/edimeinter.com\/libreria\/wp-json\/wp\/v2\/product\/12484\/revisions"}],"predecessor-version":[{"id":15417,"href":"https:\/\/edimeinter.com\/libreria\/wp-json\/wp\/v2\/product\/12484\/revisions\/15417"}],"wp:featuredmedia":[{"embeddable":true,"href":"https:\/\/edimeinter.com\/libreria\/wp-json\/wp\/v2\/media\/12485"}],"wp:attachment":[{"href":"https:\/\/edimeinter.com\/libreria\/wp-json\/wp\/v2\/media?parent=12484"}],"wp:term":[{"taxonomy":"product_cat","embeddable":true,"href":"https:\/\/edimeinter.com\/libreria\/wp-json\/wp\/v2\/product_cat?post=12484"},{"taxonomy":"product_tag","embeddable":true,"href":"https:\/\/edimeinter.com\/libreria\/wp-json\/wp\/v2\/product_tag?post=12484"}],"curies":[{"name":"wp","href":"https:\/\/api.w.org\/{rel}","templated":true}]}}