{"id":12503,"date":"2025-02-11T23:58:23","date_gmt":"2025-02-11T23:58:23","guid":{"rendered":"https:\/\/edimeinter.com\/libreria\/?post_type=product&#038;p=12503"},"modified":"2025-03-04T19:04:42","modified_gmt":"2025-03-04T19:04:42","slug":"introduccion-a-la-neurocirugia-3a-edicion","status":"publish","type":"product","link":"https:\/\/edimeinter.com\/libreria\/product\/introduccion-a-la-neurocirugia-3a-edicion\/","title":{"rendered":"Introducci\u00f3n a la Neurocirug\u00eda. 3\u00aa Edici\u00f3n"},"content":{"rendered":"\t\t<div data-elementor-type=\"wp-post\" data-elementor-id=\"12503\" class=\"elementor elementor-12503\">\n\t\t\t\t<div class=\"elementor-element elementor-element-2612b12 e-flex e-con-boxed e-con e-parent\" data-id=\"2612b12\" data-element_type=\"container\" data-e-type=\"container\">\n\t\t\t\t\t<div class=\"e-con-inner\">\n\t\t\n\t\t<div class=\"elementor-element elementor-element-498707ae elementor-widget elementor-widget-text-editor\" data-id=\"498707ae\" data-element_type=\"widget\" data-e-type=\"widget\" data-widget_type=\"text-editor.default\">\n\t\t\t\t<div class=\"elementor-widget-container\">\n\t\t\t\t\t\t\t\t\t<p>Introducci\u00f3n a la Neurocirug\u00eda -tercera edici\u00f3n- es una obra imprescindible para los alumnos de la formaci\u00f3n de grado en la carrera de Medicina y para quienes reci\u00e9n se acercan a la especialidad. La experiencia ganada en las dos ediciones previas y las devoluciones recibidas de los lectores han enriquecido esta tercera edici\u00f3n. Si bien se mantiene la estructura de las ediciones anteriores, los contenidos se han renovado de acuerdo con los conocimientos m\u00e1s actuales de la especialidad.<\/p>\t\t\t\t\t\t\t\t<\/div>\n\t\t\t\t<\/div>\n\t\t\t\t\t<\/div>\n\t\t\t\t<\/div>\n\t\t\t\t<\/div>\n\t\t","protected":false},"excerpt":{"rendered":"<p><strong>Autores:<\/strong>\u00a0Mezzadri, Juan Jos\u00e9 Goland, Javier, Socolovsky, Mariano.<br \/>\n<strong>ISBN:<\/strong>\u00a09789874922427<br \/>\n<strong>Editorial:<\/strong>\u00a0Ediciones Journal<br \/>\n<strong>Edici\u00f3n:<\/strong>\u00a03\u00aa<br \/>\n<strong>Especialidad<\/strong>: Neurolog\u00eda y Neurocirug\u00eda<br \/>\n<strong>P\u00e1ginas<\/strong>: 291<br \/>\n\u00a9 2020<\/p>\n","protected":false},"featured_media":12504,"comment_status":"open","ping_status":"open","template":"","meta":{"_joinchat":[]},"product_cat":[166],"product_tag":[110,167],"class_list":{"0":"post-12503","1":"product","2":"type-product","3":"status-publish","4":"has-post-thumbnail","6":"product_cat-neurologia-y-neurocirugia","7":"product_tag-ediciones-journal","8":"product_tag-neurologia-y-neurocirugia","10":"first","11":"outofstock","12":"featured","13":"taxable","14":"shipping-taxable","15":"purchasable","16":"product-type-simple"},"_links":{"self":[{"href":"https:\/\/edimeinter.com\/libreria\/wp-json\/wp\/v2\/product\/12503","targetHints":{"allow":["GET"]}}],"collection":[{"href":"https:\/\/edimeinter.com\/libreria\/wp-json\/wp\/v2\/product"}],"about":[{"href":"https:\/\/edimeinter.com\/libreria\/wp-json\/wp\/v2\/types\/product"}],"replies":[{"embeddable":true,"href":"https:\/\/edimeinter.com\/libreria\/wp-json\/wp\/v2\/comments?post=12503"}],"version-history":[{"count":1,"href":"https:\/\/edimeinter.com\/libreria\/wp-json\/wp\/v2\/product\/12503\/revisions"}],"predecessor-version":[{"id":15420,"href":"https:\/\/edimeinter.com\/libreria\/wp-json\/wp\/v2\/product\/12503\/revisions\/15420"}],"wp:featuredmedia":[{"embeddable":true,"href":"https:\/\/edimeinter.com\/libreria\/wp-json\/wp\/v2\/media\/12504"}],"wp:attachment":[{"href":"https:\/\/edimeinter.com\/libreria\/wp-json\/wp\/v2\/media?parent=12503"}],"wp:term":[{"taxonomy":"product_cat","embeddable":true,"href":"https:\/\/edimeinter.com\/libreria\/wp-json\/wp\/v2\/product_cat?post=12503"},{"taxonomy":"product_tag","embeddable":true,"href":"https:\/\/edimeinter.com\/libreria\/wp-json\/wp\/v2\/product_tag?post=12503"}],"curies":[{"name":"wp","href":"https:\/\/api.w.org\/{rel}","templated":true}]}}