{"id":12509,"date":"2025-02-12T00:01:18","date_gmt":"2025-02-12T00:01:18","guid":{"rendered":"https:\/\/edimeinter.com\/libreria\/?post_type=product&#038;p=12509"},"modified":"2025-03-04T19:07:53","modified_gmt":"2025-03-04T19:07:53","slug":"manual-de-neurologia-4a-edicion","status":"publish","type":"product","link":"https:\/\/edimeinter.com\/libreria\/product\/manual-de-neurologia-4a-edicion\/","title":{"rendered":"Manual de neurolog\u00eda. 4\u00aa Edici\u00f3n"},"content":{"rendered":"\t\t<div data-elementor-type=\"wp-post\" data-elementor-id=\"12509\" class=\"elementor elementor-12509\">\n\t\t\t\t<div class=\"elementor-element elementor-element-2612b12 e-flex e-con-boxed e-con e-parent\" data-id=\"2612b12\" data-element_type=\"container\" data-e-type=\"container\">\n\t\t\t\t\t<div class=\"e-con-inner\">\n\t\t\n\t\t<div class=\"elementor-element elementor-element-498707ae elementor-widget elementor-widget-text-editor\" data-id=\"498707ae\" data-element_type=\"widget\" data-e-type=\"widget\" data-widget_type=\"text-editor.default\">\n\t\t\t\t<div class=\"elementor-widget-container\">\n\t\t\t\t\t\t\t\t\t<p>En esta cuarta edici\u00f3n del Manual de Neurolog\u00eda, los autores han puesto especial \u00e9nfasis y cuidado en las clasificaciones actuales, los m\u00e9todos de diagn\u00f3stico recomendados y la revisi\u00f3n de los tratamientos de acuerdo con las nuevas recomendaciones de consensos y paneles de expertos. Han incorporado conceptos fisiopatol\u00f3gicos actualizados y han efectuado un control riguroso de los f\u00e1rmacos, sus dosis y v\u00edas de administraci\u00f3n. Los contenidos de todos los cap\u00edtulos han sido corregidos y actualizados. Aspectos destacados de la cuarta edici\u00f3n: \u00bb Informaci\u00f3n concisa y ordenada que mejora el aprendizaje. \u00bb Amplias modificaciones de los cap\u00edtulos de epilepsia, enfermedades desmielinizantes y musculares. \u00bb Agrupaci\u00f3n de nervios craneales en los apartados Neuroftalmolog\u00eda y Neurootolog\u00eda. \u00ab<\/p>\t\t\t\t\t\t\t\t<\/div>\n\t\t\t\t<\/div>\n\t\t\t\t\t<\/div>\n\t\t\t\t<\/div>\n\t\t\t\t<\/div>\n\t\t","protected":false},"excerpt":{"rendered":"<p><strong>Autores:<\/strong>\u00a0Casas Parera, Ignacio Campero, \u00c1lvaro Freue, Roberto.<br \/>\n<strong>ISBN:<\/strong>\u00a09789874922632<br \/>\n<strong>Editorial:<\/strong>\u00a0Ediciones Journal<br \/>\n<strong>Edici\u00f3n:<\/strong>\u00a04\u00aa<br \/>\n<strong>Especialidad<\/strong>: Neurolog\u00eda y Neurocirug\u00eda<br \/>\n<strong>P\u00e1ginas<\/strong>: 366<br \/>\n\u00a9 2020<\/p>\n","protected":false},"featured_media":12510,"comment_status":"open","ping_status":"open","template":"","meta":{"_joinchat":[]},"product_cat":[166],"product_tag":[110,167],"class_list":{"0":"post-12509","1":"product","2":"type-product","3":"status-publish","4":"has-post-thumbnail","6":"product_cat-neurologia-y-neurocirugia","7":"product_tag-ediciones-journal","8":"product_tag-neurologia-y-neurocirugia","10":"first","11":"instock","12":"featured","13":"taxable","14":"shipping-taxable","15":"purchasable","16":"product-type-simple"},"_links":{"self":[{"href":"https:\/\/edimeinter.com\/libreria\/wp-json\/wp\/v2\/product\/12509","targetHints":{"allow":["GET"]}}],"collection":[{"href":"https:\/\/edimeinter.com\/libreria\/wp-json\/wp\/v2\/product"}],"about":[{"href":"https:\/\/edimeinter.com\/libreria\/wp-json\/wp\/v2\/types\/product"}],"replies":[{"embeddable":true,"href":"https:\/\/edimeinter.com\/libreria\/wp-json\/wp\/v2\/comments?post=12509"}],"version-history":[{"count":1,"href":"https:\/\/edimeinter.com\/libreria\/wp-json\/wp\/v2\/product\/12509\/revisions"}],"predecessor-version":[{"id":15421,"href":"https:\/\/edimeinter.com\/libreria\/wp-json\/wp\/v2\/product\/12509\/revisions\/15421"}],"wp:featuredmedia":[{"embeddable":true,"href":"https:\/\/edimeinter.com\/libreria\/wp-json\/wp\/v2\/media\/12510"}],"wp:attachment":[{"href":"https:\/\/edimeinter.com\/libreria\/wp-json\/wp\/v2\/media?parent=12509"}],"wp:term":[{"taxonomy":"product_cat","embeddable":true,"href":"https:\/\/edimeinter.com\/libreria\/wp-json\/wp\/v2\/product_cat?post=12509"},{"taxonomy":"product_tag","embeddable":true,"href":"https:\/\/edimeinter.com\/libreria\/wp-json\/wp\/v2\/product_tag?post=12509"}],"curies":[{"name":"wp","href":"https:\/\/api.w.org\/{rel}","templated":true}]}}