{"id":12522,"date":"2025-02-12T17:37:23","date_gmt":"2025-02-12T17:37:23","guid":{"rendered":"https:\/\/edimeinter.com\/libreria\/?post_type=product&#038;p=12522"},"modified":"2025-03-04T19:10:11","modified_gmt":"2025-03-04T19:10:11","slug":"manejo-perioperatorio-del-paciente-con-cancer-1a-edicion","status":"publish","type":"product","link":"https:\/\/edimeinter.com\/libreria\/product\/manejo-perioperatorio-del-paciente-con-cancer-1a-edicion\/","title":{"rendered":"Manejo perioperatorio del paciente con c\u00e1ncer. 1\u00aa Edici\u00f3n"},"content":{"rendered":"\t\t<div data-elementor-type=\"wp-post\" data-elementor-id=\"12522\" class=\"elementor elementor-12522\">\n\t\t\t\t<div class=\"elementor-element elementor-element-2612b12 e-flex e-con-boxed e-con e-parent\" data-id=\"2612b12\" data-element_type=\"container\" data-e-type=\"container\">\n\t\t\t\t\t<div class=\"e-con-inner\">\n\t\t\n\t\t<div class=\"elementor-element elementor-element-498707ae elementor-widget elementor-widget-text-editor\" data-id=\"498707ae\" data-element_type=\"widget\" data-e-type=\"widget\" data-widget_type=\"text-editor.default\">\n\t\t\t\t<div class=\"elementor-widget-container\">\n\t\t\t\t\t\t\t\t\t<p>M\u00e1s del 80% de los pacientes con c\u00e1ncer necesitar\u00e1n de los especialistas de anestesiolog\u00eda y medicina perioperatoria, cuidados intensivos y tratamiento del dolor para ver atendidas sus necesidades diagn\u00f3sticas y terap\u00e9uticas a lo largo del proceso evolutivo de su neoplasia, as\u00ed como para el posterior manejo de recidivas, c\u00e1nceres secundarios y posibles necesidades quir\u00fargicas no oncol\u00f3gicas. Manejo perioperatorio del paciente con c\u00e1ncer es el texto m\u00e1s completo y actualizado sobre el tratamiento de los pacientes quir\u00fargicos con c\u00e1ncer, y ha sido elaborado por un equipo internacional de reputados expertos en esta especialidad emergente y din\u00e1mica.<\/p>\t\t\t\t\t\t\t\t<\/div>\n\t\t\t\t<\/div>\n\t\t\t\t\t<\/div>\n\t\t\t\t<\/div>\n\t\t\t\t<\/div>\n\t\t","protected":false},"excerpt":{"rendered":"<p><strong>Autores:<\/strong>\u00a0Carin A. Hagberg &amp; Vijaya N.R. Gottumukkala &amp; Berhard P Riedel &amp; Joseph L Nates &amp; Donal Buggy<br \/>\n<strong>ISBN:<\/strong>\u00a09788413824703<br \/>\n<strong>Editorial:<\/strong>\u00a0Elsevier<br \/>\n<strong>Edici\u00f3n:<\/strong>\u00a01\u00aa<br \/>\n<strong>Especialidad<\/strong>: Oncolog\u00eda<br \/>\n<strong>P\u00e1ginas<\/strong>: 648<br \/>\n\u00a9 2023<\/p>\n","protected":false},"featured_media":12523,"comment_status":"open","ping_status":"open","template":"","meta":{"_joinchat":[]},"product_cat":[77],"product_tag":[85,78],"class_list":{"0":"post-12522","1":"product","2":"type-product","3":"status-publish","4":"has-post-thumbnail","6":"product_cat-oncologia","7":"product_tag-elsevier","8":"product_tag-oncologia","10":"first","11":"instock","12":"featured","13":"taxable","14":"shipping-taxable","15":"purchasable","16":"product-type-simple"},"_links":{"self":[{"href":"https:\/\/edimeinter.com\/libreria\/wp-json\/wp\/v2\/product\/12522","targetHints":{"allow":["GET"]}}],"collection":[{"href":"https:\/\/edimeinter.com\/libreria\/wp-json\/wp\/v2\/product"}],"about":[{"href":"https:\/\/edimeinter.com\/libreria\/wp-json\/wp\/v2\/types\/product"}],"replies":[{"embeddable":true,"href":"https:\/\/edimeinter.com\/libreria\/wp-json\/wp\/v2\/comments?post=12522"}],"version-history":[{"count":1,"href":"https:\/\/edimeinter.com\/libreria\/wp-json\/wp\/v2\/product\/12522\/revisions"}],"predecessor-version":[{"id":15423,"href":"https:\/\/edimeinter.com\/libreria\/wp-json\/wp\/v2\/product\/12522\/revisions\/15423"}],"wp:featuredmedia":[{"embeddable":true,"href":"https:\/\/edimeinter.com\/libreria\/wp-json\/wp\/v2\/media\/12523"}],"wp:attachment":[{"href":"https:\/\/edimeinter.com\/libreria\/wp-json\/wp\/v2\/media?parent=12522"}],"wp:term":[{"taxonomy":"product_cat","embeddable":true,"href":"https:\/\/edimeinter.com\/libreria\/wp-json\/wp\/v2\/product_cat?post=12522"},{"taxonomy":"product_tag","embeddable":true,"href":"https:\/\/edimeinter.com\/libreria\/wp-json\/wp\/v2\/product_tag?post=12522"}],"curies":[{"name":"wp","href":"https:\/\/api.w.org\/{rel}","templated":true}]}}