{"id":12535,"date":"2025-02-12T17:46:58","date_gmt":"2025-02-12T17:46:58","guid":{"rendered":"https:\/\/edimeinter.com\/libreria\/?post_type=product&#038;p=12535"},"modified":"2025-03-04T19:13:19","modified_gmt":"2025-03-04T19:13:19","slug":"endocrinologia-del-envejecimiento-1a-edicion","status":"publish","type":"product","link":"https:\/\/edimeinter.com\/libreria\/product\/endocrinologia-del-envejecimiento-1a-edicion\/","title":{"rendered":"Endocrinolog\u00eda del envejecimiento. 1\u00aa Edici\u00f3n"},"content":{"rendered":"\t\t<div data-elementor-type=\"wp-post\" data-elementor-id=\"12535\" class=\"elementor elementor-12535\">\n\t\t\t\t<div class=\"elementor-element elementor-element-2612b12 e-flex e-con-boxed e-con e-parent\" data-id=\"2612b12\" data-element_type=\"container\" data-e-type=\"container\">\n\t\t\t\t\t<div class=\"e-con-inner\">\n\t\t\n\t\t<div class=\"elementor-element elementor-element-498707ae elementor-widget elementor-widget-text-editor\" data-id=\"498707ae\" data-element_type=\"widget\" data-e-type=\"widget\" data-widget_type=\"text-editor.default\">\n\t\t\t\t<div class=\"elementor-widget-container\">\n\t\t\t\t\t\t\t\t\t<p>La Organizaci\u00f3n de las Naciones Unidas prev\u00e9 que la poblaci\u00f3n mundial de 60 a\u00f1os o m\u00e1s ser\u00e1 de 1.400 millones en 2030 y de 2.100 millones en 2050. A medida que la poblaci\u00f3n mundial envejece, aumenta la necesidad de una comprensi\u00f3n m\u00e1s profunda de la patolog\u00eda geri\u00e1trica y, con ello, la exigencia de acceder a recursos educativos que permitan comprender mejor la endocrinolog\u00eda y el metabolismo del envejecimiento, pues tanto endocrin\u00f3logos como m\u00e9dicos generalistas se enfrentar\u00e1n al desaf\u00edo de cuidar de la salud de personas de edad cada vez m\u00e1s avanzada, para lo que necesitar\u00e1n incorporar los principios geri\u00e1tricos a su pr\u00e1ctica cl\u00ednica.<\/p><p><i>Endocrinolog\u00eda del envejecimiento. Aspectos cl\u00ednicos en esquemas e im\u00e1genes<\/i>\u00a0presenta el contenido de una forma que permite asimilar los conceptos y los conocimientos fundamentales sobre temas endocrinos complejos de una manera esquem\u00e1tica y visual. Dirigida especialmente a educadores y especialistas relacionados con la endocrinolog\u00eda y la geriatr\u00eda, tambi\u00e9n ser\u00e1 de inter\u00e9s para los profesionales de la medicina interna y la medicina familiar.<\/p>\t\t\t\t\t\t\t\t<\/div>\n\t\t\t\t<\/div>\n\t\t\t\t\t<\/div>\n\t\t\t\t<\/div>\n\t\t\t\t<\/div>\n\t\t","protected":false},"excerpt":{"rendered":"<p><strong>Autores:<\/strong>\u00a0Emiliano Corpas<br \/>\n<strong>ISBN:<\/strong>\u00a09788491139690<br \/>\n<strong>Editorial:<\/strong>\u00a0Elsevier<br \/>\n<strong>Edici\u00f3n:<\/strong>\u00a01\u00aa<br \/>\n<strong>Especialidad<\/strong>: Endocrinolog\u00eda<br \/>\n<strong>P\u00e1ginas<\/strong>: 634<br \/>\n\u00a9 2023<\/p>\n","protected":false},"featured_media":12536,"comment_status":"open","ping_status":"open","template":"","meta":{"_joinchat":[]},"product_cat":[93],"product_tag":[85,94],"class_list":{"0":"post-12535","1":"product","2":"type-product","3":"status-publish","4":"has-post-thumbnail","6":"product_cat-endocrinologia","7":"product_tag-elsevier","8":"product_tag-endocrinologia","10":"first","11":"instock","12":"featured","13":"taxable","14":"shipping-taxable","15":"purchasable","16":"product-type-simple"},"_links":{"self":[{"href":"https:\/\/edimeinter.com\/libreria\/wp-json\/wp\/v2\/product\/12535","targetHints":{"allow":["GET"]}}],"collection":[{"href":"https:\/\/edimeinter.com\/libreria\/wp-json\/wp\/v2\/product"}],"about":[{"href":"https:\/\/edimeinter.com\/libreria\/wp-json\/wp\/v2\/types\/product"}],"replies":[{"embeddable":true,"href":"https:\/\/edimeinter.com\/libreria\/wp-json\/wp\/v2\/comments?post=12535"}],"version-history":[{"count":1,"href":"https:\/\/edimeinter.com\/libreria\/wp-json\/wp\/v2\/product\/12535\/revisions"}],"predecessor-version":[{"id":15425,"href":"https:\/\/edimeinter.com\/libreria\/wp-json\/wp\/v2\/product\/12535\/revisions\/15425"}],"wp:featuredmedia":[{"embeddable":true,"href":"https:\/\/edimeinter.com\/libreria\/wp-json\/wp\/v2\/media\/12536"}],"wp:attachment":[{"href":"https:\/\/edimeinter.com\/libreria\/wp-json\/wp\/v2\/media?parent=12535"}],"wp:term":[{"taxonomy":"product_cat","embeddable":true,"href":"https:\/\/edimeinter.com\/libreria\/wp-json\/wp\/v2\/product_cat?post=12535"},{"taxonomy":"product_tag","embeddable":true,"href":"https:\/\/edimeinter.com\/libreria\/wp-json\/wp\/v2\/product_tag?post=12535"}],"curies":[{"name":"wp","href":"https:\/\/api.w.org\/{rel}","templated":true}]}}