{"id":12541,"date":"2025-02-12T17:58:17","date_gmt":"2025-02-12T17:58:17","guid":{"rendered":"https:\/\/edimeinter.com\/libreria\/?post_type=product&#038;p=12541"},"modified":"2025-03-04T19:14:26","modified_gmt":"2025-03-04T19:14:26","slug":"netter-flashcards-de-neurociencia-4a-edicion","status":"publish","type":"product","link":"https:\/\/edimeinter.com\/libreria\/product\/netter-flashcards-de-neurociencia-4a-edicion\/","title":{"rendered":"Netter. Flashcards de neurociencia. 4\u00aa Edici\u00f3n"},"content":{"rendered":"\t\t<div data-elementor-type=\"wp-post\" data-elementor-id=\"12541\" class=\"elementor elementor-12541\">\n\t\t\t\t<div class=\"elementor-element elementor-element-2612b12 e-flex e-con-boxed e-con e-parent\" data-id=\"2612b12\" data-element_type=\"container\" data-e-type=\"container\">\n\t\t\t\t\t<div class=\"e-con-inner\">\n\t\t\n\t\t<div class=\"elementor-element elementor-element-498707ae elementor-widget elementor-widget-text-editor\" data-id=\"498707ae\" data-element_type=\"widget\" data-e-type=\"widget\" data-widget_type=\"text-editor.default\">\n\t\t\t\t<div class=\"elementor-widget-container\">\n\t\t\t\t\t\t\t\t\t<p>Nueva edici\u00f3n de las Netter. Flashcards de Neurociencia, vinculadas a la 4\u00aa ed de la obra de referencia Netter, Atlas de neurociencia 4\u00aa ed publicada en 2022, de la que se extrae un gran n\u00famero de ilustraciones y en las que se reflejan las mismas novedades que en el Atlas.De nuevo se presentan como la perfecta herramienta para memorizar y reconocer las estructuras y \u00f3rganos m\u00e1s representativos de esta parte tan importante de la anatom\u00eda que es la neuroanatom\u00eda; tradicionalmente la m\u00e1s compleja tanto por su estructura como por su propio grado de dificultad. Se organizan en 4 grandes secciones: -Visi\u00f3n general del Sistema Nervioso, -Neurociencia regional, -Neurociencia de sistemas y \u2013 Funciones cerebrales espinales, sumando un total de 228 cards.\u00a0La nueva edici\u00f3n da una mayor cobertura a contenidos referentes a Cannabinoides y opioides, al PTSD, OCD y al envejecimiento y funci\u00f3n cerebral. Igualmente se incluye m\u00e1s contenido de correlaci\u00f3n cl\u00ednica en el dorso de las fichas.\u00a0Otro hecho diferencial es que se presenta un mayor \u00e9nfasis en el enfoque integrado de la neuroanatom\u00eda con la biolog\u00eda celular, la anatom\u00eda vascular y la neurofisiolog\u00eda\u00a0La nueva ed tiene acceso a contenido en ingl\u00e9s a trav\u00e9s de la plataforma de e-books+ en la que se encuentra la totalidad de la Secci\u00f3n 5 dedicada a la Neuroanatom\u00eda Seccional.<\/p>\t\t\t\t\t\t\t\t<\/div>\n\t\t\t\t<\/div>\n\t\t\t\t\t<\/div>\n\t\t\t\t<\/div>\n\t\t\t\t<\/div>\n\t\t","protected":false},"excerpt":{"rendered":"<p><strong>Autores:<\/strong>\u00a0David L. Felten<br \/>\n<strong>ISBN:<\/strong>\u00a09788413825069<br \/>\n<strong>Editorial:<\/strong>\u00a0Elsevier<br \/>\n<strong>Edici\u00f3n:<\/strong>\u00a04\u00aa<br \/>\n<strong>Especialidad<\/strong>: Neurolog\u00eda y Neurocirug\u00eda<br \/>\n<strong>P\u00e1ginas<\/strong>: 478<br \/>\n\u00a9 2023<\/p>\n","protected":false},"featured_media":12542,"comment_status":"open","ping_status":"open","template":"","meta":{"_joinchat":[]},"product_cat":[166],"product_tag":[85,167],"class_list":{"0":"post-12541","1":"product","2":"type-product","3":"status-publish","4":"has-post-thumbnail","6":"product_cat-neurologia-y-neurocirugia","7":"product_tag-elsevier","8":"product_tag-neurologia-y-neurocirugia","10":"first","11":"instock","12":"featured","13":"taxable","14":"shipping-taxable","15":"purchasable","16":"product-type-simple"},"_links":{"self":[{"href":"https:\/\/edimeinter.com\/libreria\/wp-json\/wp\/v2\/product\/12541","targetHints":{"allow":["GET"]}}],"collection":[{"href":"https:\/\/edimeinter.com\/libreria\/wp-json\/wp\/v2\/product"}],"about":[{"href":"https:\/\/edimeinter.com\/libreria\/wp-json\/wp\/v2\/types\/product"}],"replies":[{"embeddable":true,"href":"https:\/\/edimeinter.com\/libreria\/wp-json\/wp\/v2\/comments?post=12541"}],"version-history":[{"count":1,"href":"https:\/\/edimeinter.com\/libreria\/wp-json\/wp\/v2\/product\/12541\/revisions"}],"predecessor-version":[{"id":15426,"href":"https:\/\/edimeinter.com\/libreria\/wp-json\/wp\/v2\/product\/12541\/revisions\/15426"}],"wp:featuredmedia":[{"embeddable":true,"href":"https:\/\/edimeinter.com\/libreria\/wp-json\/wp\/v2\/media\/12542"}],"wp:attachment":[{"href":"https:\/\/edimeinter.com\/libreria\/wp-json\/wp\/v2\/media?parent=12541"}],"wp:term":[{"taxonomy":"product_cat","embeddable":true,"href":"https:\/\/edimeinter.com\/libreria\/wp-json\/wp\/v2\/product_cat?post=12541"},{"taxonomy":"product_tag","embeddable":true,"href":"https:\/\/edimeinter.com\/libreria\/wp-json\/wp\/v2\/product_tag?post=12541"}],"curies":[{"name":"wp","href":"https:\/\/api.w.org\/{rel}","templated":true}]}}