{"id":12556,"date":"2025-02-12T18:32:22","date_gmt":"2025-02-12T18:32:22","guid":{"rendered":"https:\/\/edimeinter.com\/libreria\/?post_type=product&#038;p=12556"},"modified":"2026-04-17T22:12:46","modified_gmt":"2026-04-17T22:12:46","slug":"brenner-y-stevens-farmacologia-basica-6a-edicion","status":"publish","type":"product","link":"https:\/\/edimeinter.com\/libreria\/product\/brenner-y-stevens-farmacologia-basica-6a-edicion\/","title":{"rendered":"Brenner y Stevens. Farmacolog\u00eda b\u00e1sica. 6\u00aa Edici\u00f3n"},"content":{"rendered":"\t\t<div data-elementor-type=\"wp-post\" data-elementor-id=\"12556\" class=\"elementor elementor-12556\">\n\t\t\t\t<div class=\"elementor-element elementor-element-2612b12 e-flex e-con-boxed e-con e-parent\" data-id=\"2612b12\" data-element_type=\"container\" data-e-type=\"container\">\n\t\t\t\t\t<div class=\"e-con-inner\">\n\t\t\n\t\t<div class=\"elementor-element elementor-element-498707ae elementor-widget elementor-widget-text-editor\" data-id=\"498707ae\" data-element_type=\"widget\" data-e-type=\"widget\" data-widget_type=\"text-editor.default\">\n\t\t\t\t<div class=\"elementor-widget-container\">\n\t\t\t\t\t\t\t\t\t<p>Nueva edici\u00f3n del texto de Farmacolog\u00eda que presenta de forma muy concisa y estructurada los conceptos fundamentales de la disciplina siguiendo la filosof\u00eda \u00abmust know\u00bbEntre las principales novedades cabe destacar la inclusi\u00f3n de un nuevo cap\u00edtulo dedicado a la\u00a0<span lang=\"ES\">Inmunoterapia y a las mas modernas terapias con agentes biol\u00f3gicos. Otra de las novedades a destacar es la especial actualizaci\u00f3n sufrida en los siguientes campos: toxicolog\u00eda y tratamiento en los procesos de envenenamiento, los f\u00e1rmacos ansiol\u00edticos e hipn\u00f3tico-sedativos, los f\u00e1rmacos psicoterap\u00e9uticos, los opioides, los f\u00e1rmacos para las enfermedades neurodegenerativas y las utilizadas para el tratamiento de las cefaleas.\u00a0<\/span><span lang=\"ES\">La nueva edici\u00f3n incluye nuevas tablas resumen y enfatiza la correlaci\u00f3n cl\u00ednica\u00a0<\/span><span lang=\"ES\">Incluye acceso a e-book+\u00a0en el que se encuentra disponible el e-book junto con otros elementos did\u00e1cticos.<\/span><\/p>\t\t\t\t\t\t\t\t<\/div>\n\t\t\t\t<\/div>\n\t\t\t\t\t<\/div>\n\t\t\t\t<\/div>\n\t\t\t\t<\/div>\n\t\t","protected":false},"excerpt":{"rendered":"<p><strong>Autores:<\/strong>\u00a0Craig W. Stevens<br \/>\n<strong>ISBN:<\/strong>\u00a09788413824963<br \/>\n<strong>Editorial:<\/strong>\u00a0Elsevier<br \/>\n<strong>Edici\u00f3n:<\/strong>\u00a06\u00aa<br \/>\n<strong>Especialidad<\/strong>: Farmacolog\u00eda<br \/>\n<strong>P\u00e1ginas<\/strong>: 592<br \/>\n\u00a9 2023<\/p>\n","protected":false},"featured_media":12557,"comment_status":"open","ping_status":"closed","template":"","meta":{"_joinchat":[]},"product_cat":[152],"product_tag":[85,153],"class_list":{"0":"post-12556","1":"product","2":"type-product","3":"status-publish","4":"has-post-thumbnail","6":"product_cat-farmacologia","7":"product_tag-elsevier","8":"product_tag-farmacologia","10":"first","11":"outofstock","12":"featured","13":"taxable","14":"shipping-taxable","15":"purchasable","16":"product-type-simple"},"_links":{"self":[{"href":"https:\/\/edimeinter.com\/libreria\/wp-json\/wp\/v2\/product\/12556","targetHints":{"allow":["GET"]}}],"collection":[{"href":"https:\/\/edimeinter.com\/libreria\/wp-json\/wp\/v2\/product"}],"about":[{"href":"https:\/\/edimeinter.com\/libreria\/wp-json\/wp\/v2\/types\/product"}],"replies":[{"embeddable":true,"href":"https:\/\/edimeinter.com\/libreria\/wp-json\/wp\/v2\/comments?post=12556"}],"version-history":[{"count":1,"href":"https:\/\/edimeinter.com\/libreria\/wp-json\/wp\/v2\/product\/12556\/revisions"}],"predecessor-version":[{"id":15428,"href":"https:\/\/edimeinter.com\/libreria\/wp-json\/wp\/v2\/product\/12556\/revisions\/15428"}],"wp:featuredmedia":[{"embeddable":true,"href":"https:\/\/edimeinter.com\/libreria\/wp-json\/wp\/v2\/media\/12557"}],"wp:attachment":[{"href":"https:\/\/edimeinter.com\/libreria\/wp-json\/wp\/v2\/media?parent=12556"}],"wp:term":[{"taxonomy":"product_cat","embeddable":true,"href":"https:\/\/edimeinter.com\/libreria\/wp-json\/wp\/v2\/product_cat?post=12556"},{"taxonomy":"product_tag","embeddable":true,"href":"https:\/\/edimeinter.com\/libreria\/wp-json\/wp\/v2\/product_tag?post=12556"}],"curies":[{"name":"wp","href":"https:\/\/api.w.org\/{rel}","templated":true}]}}