{"id":12562,"date":"2025-02-12T18:41:41","date_gmt":"2025-02-12T18:41:41","guid":{"rendered":"https:\/\/edimeinter.com\/libreria\/?post_type=product&#038;p=12562"},"modified":"2025-03-04T19:50:05","modified_gmt":"2025-03-04T19:50:05","slug":"fisiopatologia-y-patologia-general-basicas-para-ciencias-de-la-salud-2a-edicion","status":"publish","type":"product","link":"https:\/\/edimeinter.com\/libreria\/product\/fisiopatologia-y-patologia-general-basicas-para-ciencias-de-la-salud-2a-edicion\/","title":{"rendered":"Fisiopatolog\u00eda y patolog\u00eda general b\u00e1sicas para ciencias de la salud. 2\u00aa Edici\u00f3n"},"content":{"rendered":"\t\t<div data-elementor-type=\"wp-post\" data-elementor-id=\"12562\" class=\"elementor elementor-12562\">\n\t\t\t\t<div class=\"elementor-element elementor-element-2612b12 e-flex e-con-boxed e-con e-parent\" data-id=\"2612b12\" data-element_type=\"container\" data-e-type=\"container\">\n\t\t\t\t\t<div class=\"e-con-inner\">\n\t\t\n\t\t<div class=\"elementor-element elementor-element-498707ae elementor-widget elementor-widget-text-editor\" data-id=\"498707ae\" data-element_type=\"widget\" data-e-type=\"widget\" data-widget_type=\"text-editor.default\">\n\t\t\t\t<div class=\"elementor-widget-container\">\n\t\t\t\t\t\t\t\t\t<p>Aborda de manera clara y concisa las causas de las enfermedades, las lesiones que estas producen y c\u00f3mo alteran el funcionamiento de los diferentes \u00f3rganos y aparatos.<\/p><p>Estructurada en 14 secciones que abordan los distintos aparatos o sistemas.\u00a0Cuenta con cap\u00edtulos introductorios de repaso de la anatom\u00eda y la fisiolog\u00eda b\u00e1sicas en cada secci\u00f3n.<\/p><p>Revisada y actualizada seg\u00fan las m\u00e1s recientes gu\u00edas cl\u00ednicas, incorpora nuevos temas de plena vigencia como la COVID-19.<\/p><p>Amplia el contenido sobre las alteraciones de la motilidad intestinal, la enfermedad hep\u00e1tica por el alcohol y la enfermedad de Parkinson, entre otros.<\/p><p>Profusamente ilustrada con m\u00e1s de 350 ilustraciones y esquemas de gran calidad que facilitan la comprensi\u00f3n del texto y acercan al estudiante a las t\u00e9cnicas diagn\u00f3sticas m\u00e1s modernas.<\/p><p>Incluye un anexo con los valores de referencia de las determinaciones anal\u00edticas m\u00e1s importantes.<\/p>\t\t\t\t\t\t\t\t<\/div>\n\t\t\t\t<\/div>\n\t\t\t\t\t<\/div>\n\t\t\t\t<\/div>\n\t\t\t\t<\/div>\n\t\t","protected":false},"excerpt":{"rendered":"<p><strong>Autores:<\/strong>\u00a0Juan Pastrana Delgado &amp; Gonzalo Garc\u00eda de Casasola S\u00e1nchez<br \/>\n<strong>ISBN:<\/strong>\u00a09788413821641<br \/>\n<strong>Editorial:<\/strong>\u00a0Elsevier<br \/>\n<strong>Edici\u00f3n:<\/strong>\u00a02\u00aa<br \/>\n<strong>Especialidad<\/strong>: Fisiopatolog\u00eda<br \/>\n<strong>P\u00e1ginas<\/strong>: 506<br \/>\n\u00a9 2023<\/p>\n","protected":false},"featured_media":12563,"comment_status":"open","ping_status":"open","template":"","meta":{"_joinchat":[]},"product_cat":[170],"product_tag":[85,171],"class_list":{"0":"post-12562","1":"product","2":"type-product","3":"status-publish","4":"has-post-thumbnail","6":"product_cat-fisiopatologia","7":"product_tag-elsevier","8":"product_tag-fisiopatologia","10":"first","11":"instock","12":"featured","13":"taxable","14":"shipping-taxable","15":"purchasable","16":"product-type-simple"},"_links":{"self":[{"href":"https:\/\/edimeinter.com\/libreria\/wp-json\/wp\/v2\/product\/12562","targetHints":{"allow":["GET"]}}],"collection":[{"href":"https:\/\/edimeinter.com\/libreria\/wp-json\/wp\/v2\/product"}],"about":[{"href":"https:\/\/edimeinter.com\/libreria\/wp-json\/wp\/v2\/types\/product"}],"replies":[{"embeddable":true,"href":"https:\/\/edimeinter.com\/libreria\/wp-json\/wp\/v2\/comments?post=12562"}],"version-history":[{"count":1,"href":"https:\/\/edimeinter.com\/libreria\/wp-json\/wp\/v2\/product\/12562\/revisions"}],"predecessor-version":[{"id":15429,"href":"https:\/\/edimeinter.com\/libreria\/wp-json\/wp\/v2\/product\/12562\/revisions\/15429"}],"wp:featuredmedia":[{"embeddable":true,"href":"https:\/\/edimeinter.com\/libreria\/wp-json\/wp\/v2\/media\/12563"}],"wp:attachment":[{"href":"https:\/\/edimeinter.com\/libreria\/wp-json\/wp\/v2\/media?parent=12562"}],"wp:term":[{"taxonomy":"product_cat","embeddable":true,"href":"https:\/\/edimeinter.com\/libreria\/wp-json\/wp\/v2\/product_cat?post=12562"},{"taxonomy":"product_tag","embeddable":true,"href":"https:\/\/edimeinter.com\/libreria\/wp-json\/wp\/v2\/product_tag?post=12562"}],"curies":[{"name":"wp","href":"https:\/\/api.w.org\/{rel}","templated":true}]}}