{"id":12568,"date":"2025-02-12T18:44:03","date_gmt":"2025-02-12T18:44:03","guid":{"rendered":"https:\/\/edimeinter.com\/libreria\/?post_type=product&#038;p=12568"},"modified":"2025-03-04T19:50:56","modified_gmt":"2025-03-04T19:50:56","slug":"manual-de-medicina-intensiva-para-mir-1a-edicion","status":"publish","type":"product","link":"https:\/\/edimeinter.com\/libreria\/product\/manual-de-medicina-intensiva-para-mir-1a-edicion\/","title":{"rendered":"Manual de medicina intensiva para MIR. 1\u00aa Edici\u00f3n"},"content":{"rendered":"\t\t<div data-elementor-type=\"wp-post\" data-elementor-id=\"12568\" class=\"elementor elementor-12568\">\n\t\t\t\t<div class=\"elementor-element elementor-element-2612b12 e-flex e-con-boxed e-con e-parent\" data-id=\"2612b12\" data-element_type=\"container\" data-e-type=\"container\">\n\t\t\t\t\t<div class=\"e-con-inner\">\n\t\t\n\t\t<div class=\"elementor-element elementor-element-498707ae elementor-widget elementor-widget-text-editor\" data-id=\"498707ae\" data-element_type=\"widget\" data-e-type=\"widget\" data-widget_type=\"text-editor.default\">\n\t\t\t\t<div class=\"elementor-widget-container\">\n\t\t\t\t\t\t\t\t\t<p>La formaci\u00f3n de los m\u00e9dicos internos residentes (MIR) es un reto en cualquier servicio asistencial, tanto para quienes asumen el rol de tutor docente como para los futuros especialistas. Manual de medicina intensiva para MIR pretende arrojar luz sobre las bases te\u00f3ricas y pr\u00e1cticas necesarias para afrontar los primeros a\u00f1os de residencia en una especialidad tan compleja y singular como la medicina intensiva. Concebido como un proyecto colaborativo que recoge la experiencia y el conocimiento de los especialistas en ejercicio y las inquietudes cient\u00edficas y asistenciales de los futuros especialistas, este manual constituye un recurso pr\u00e1ctico y polivalente tanto para los residentes en intensivos como para aquellos otros residentes que realizan rotaciones cl\u00ednicas en dichos servicios.<\/p>\t\t\t\t\t\t\t\t<\/div>\n\t\t\t\t<\/div>\n\t\t\t\t\t<\/div>\n\t\t\t\t<\/div>\n\t\t\t\t<\/div>\n\t\t","protected":false},"excerpt":{"rendered":"<p><strong>Autores:<\/strong>\u00a0Antonio C\u00e1rdenas Cruz<br \/>\n<strong>ISBN:<\/strong>\u00a09788413822938<br \/>\n<strong>Editorial:<\/strong>\u00a0Elsevier<br \/>\n<strong>Edici\u00f3n:<\/strong>\u00a01\u00aa<br \/>\n<strong>Especialidad<\/strong>: Cuidados Intensivos<br \/>\n<strong>P\u00e1ginas<\/strong>: 350<br \/>\n\u00a9 2023<\/p>\n","protected":false},"featured_media":12569,"comment_status":"open","ping_status":"open","template":"","meta":{"_joinchat":[]},"product_cat":[179],"product_tag":[180,85],"class_list":{"0":"post-12568","1":"product","2":"type-product","3":"status-publish","4":"has-post-thumbnail","6":"product_cat-cuidados-intensivos","7":"product_tag-cuidados-intensivos","8":"product_tag-elsevier","10":"first","11":"instock","12":"featured","13":"taxable","14":"shipping-taxable","15":"purchasable","16":"product-type-simple"},"_links":{"self":[{"href":"https:\/\/edimeinter.com\/libreria\/wp-json\/wp\/v2\/product\/12568","targetHints":{"allow":["GET"]}}],"collection":[{"href":"https:\/\/edimeinter.com\/libreria\/wp-json\/wp\/v2\/product"}],"about":[{"href":"https:\/\/edimeinter.com\/libreria\/wp-json\/wp\/v2\/types\/product"}],"replies":[{"embeddable":true,"href":"https:\/\/edimeinter.com\/libreria\/wp-json\/wp\/v2\/comments?post=12568"}],"version-history":[{"count":1,"href":"https:\/\/edimeinter.com\/libreria\/wp-json\/wp\/v2\/product\/12568\/revisions"}],"predecessor-version":[{"id":15430,"href":"https:\/\/edimeinter.com\/libreria\/wp-json\/wp\/v2\/product\/12568\/revisions\/15430"}],"wp:featuredmedia":[{"embeddable":true,"href":"https:\/\/edimeinter.com\/libreria\/wp-json\/wp\/v2\/media\/12569"}],"wp:attachment":[{"href":"https:\/\/edimeinter.com\/libreria\/wp-json\/wp\/v2\/media?parent=12568"}],"wp:term":[{"taxonomy":"product_cat","embeddable":true,"href":"https:\/\/edimeinter.com\/libreria\/wp-json\/wp\/v2\/product_cat?post=12568"},{"taxonomy":"product_tag","embeddable":true,"href":"https:\/\/edimeinter.com\/libreria\/wp-json\/wp\/v2\/product_tag?post=12568"}],"curies":[{"name":"wp","href":"https:\/\/api.w.org\/{rel}","templated":true}]}}