{"id":12575,"date":"2025-02-12T18:52:35","date_gmt":"2025-02-12T18:52:35","guid":{"rendered":"https:\/\/edimeinter.com\/libreria\/?post_type=product&#038;p=12575"},"modified":"2025-03-04T19:51:44","modified_gmt":"2025-03-04T19:51:44","slug":"biologia-celular-biomedica-2a-edicion","status":"publish","type":"product","link":"https:\/\/edimeinter.com\/libreria\/product\/biologia-celular-biomedica-2a-edicion\/","title":{"rendered":"Biolog\u00eda celular biom\u00e9dica. 2\u00aa Edici\u00f3n"},"content":{"rendered":"\t\t<div data-elementor-type=\"wp-post\" data-elementor-id=\"12575\" class=\"elementor elementor-12575\">\n\t\t\t\t<div class=\"elementor-element elementor-element-2612b12 e-flex e-con-boxed e-con e-parent\" data-id=\"2612b12\" data-element_type=\"container\" data-e-type=\"container\">\n\t\t\t\t\t<div class=\"e-con-inner\">\n\t\t\n\t\t<div class=\"elementor-element elementor-element-498707ae elementor-widget elementor-widget-text-editor\" data-id=\"498707ae\" data-element_type=\"widget\" data-e-type=\"widget\" data-widget_type=\"text-editor.default\">\n\t\t\t\t<div class=\"elementor-widget-container\">\n\t\t\t\t\t\t\t\t\t<p>Nueva edici\u00f3n del texto magn\u00edficamente dirigido por el Dr. Alfonso Calvo en el que se aborda la tem\u00e1tica de la biolog\u00eda celular biom\u00e9dica haciendo especial \u00e9nfasis en las patolog\u00edas causadas por alteraciones celulares.<\/p><p>En la obra ha participado un nutrido grupo de colaboradores tanto espa\u00f1oles como mexicanos y argentinos. Cada uno de ellos expertos en diferentes campos, desde la Biolog\u00eda celular, la Patolog\u00eda , Oncolog\u00eda y\u00a0otras especialidades cl\u00ednicas que aportan sus conocimientos y perspectivas para poder tener como resultado un texto integrado y actualizado.<\/p><p>Se recogen los aspectos m\u00e1s novedosos de las tem\u00e1ticas m\u00e1s punteras en el campo de labiolog\u00eda celular, tales como las c\u00e9lulas madre, la terapia celular, la regeneraci\u00f3n y la bioingenier\u00eda de tejidos, as\u00ed como el posible desarrollo de \u00f3rganos en el laboratorio<\/p><p>La obra cuenta con un extenso material complementario disponible online a trav\u00e9s de la plataforma de SC.es en la que se encuentra casos cl\u00ednicos, presentaciones ppt, problemas y actividades practicas, preguntas de autoevaluaci\u00f3n y videos.<\/p>\t\t\t\t\t\t\t\t<\/div>\n\t\t\t\t<\/div>\n\t\t\t\t\t<\/div>\n\t\t\t\t<\/div>\n\t\t\t\t<\/div>\n\t\t","protected":false},"excerpt":{"rendered":"<p><strong>Autores:<\/strong>\u00a0Alfonso Calvo Gonz\u00e1lez<br \/>\n<strong>ISBN:<\/strong>\u00a09788491139591<br \/>\n<strong>Editorial:<\/strong>\u00a0Elsevier<br \/>\n<strong>Edici\u00f3n:<\/strong>\u00a02\u00aa<br \/>\n<strong>Especialidad<\/strong>: Biolog\u00eda<br \/>\n<strong>P\u00e1ginas<\/strong>: 472<br \/>\n\u00a9 2023<\/p>\n","protected":false},"featured_media":12576,"comment_status":"open","ping_status":"open","template":"","meta":{"_joinchat":[]},"product_cat":[205],"product_tag":[206,85],"class_list":{"0":"post-12575","1":"product","2":"type-product","3":"status-publish","4":"has-post-thumbnail","6":"product_cat-biologia","7":"product_tag-biologia","8":"product_tag-elsevier","10":"first","11":"instock","12":"featured","13":"taxable","14":"shipping-taxable","15":"purchasable","16":"product-type-simple"},"_links":{"self":[{"href":"https:\/\/edimeinter.com\/libreria\/wp-json\/wp\/v2\/product\/12575","targetHints":{"allow":["GET"]}}],"collection":[{"href":"https:\/\/edimeinter.com\/libreria\/wp-json\/wp\/v2\/product"}],"about":[{"href":"https:\/\/edimeinter.com\/libreria\/wp-json\/wp\/v2\/types\/product"}],"replies":[{"embeddable":true,"href":"https:\/\/edimeinter.com\/libreria\/wp-json\/wp\/v2\/comments?post=12575"}],"version-history":[{"count":1,"href":"https:\/\/edimeinter.com\/libreria\/wp-json\/wp\/v2\/product\/12575\/revisions"}],"predecessor-version":[{"id":15431,"href":"https:\/\/edimeinter.com\/libreria\/wp-json\/wp\/v2\/product\/12575\/revisions\/15431"}],"wp:featuredmedia":[{"embeddable":true,"href":"https:\/\/edimeinter.com\/libreria\/wp-json\/wp\/v2\/media\/12576"}],"wp:attachment":[{"href":"https:\/\/edimeinter.com\/libreria\/wp-json\/wp\/v2\/media?parent=12575"}],"wp:term":[{"taxonomy":"product_cat","embeddable":true,"href":"https:\/\/edimeinter.com\/libreria\/wp-json\/wp\/v2\/product_cat?post=12575"},{"taxonomy":"product_tag","embeddable":true,"href":"https:\/\/edimeinter.com\/libreria\/wp-json\/wp\/v2\/product_tag?post=12575"}],"curies":[{"name":"wp","href":"https:\/\/api.w.org\/{rel}","templated":true}]}}