{"id":12583,"date":"2025-02-12T18:59:06","date_gmt":"2025-02-12T18:59:06","guid":{"rendered":"https:\/\/edimeinter.com\/libreria\/?post_type=product&#038;p=12583"},"modified":"2025-03-04T19:52:37","modified_gmt":"2025-03-04T19:52:37","slug":"microbiologia-en-ciencias-de-la-salud-3a-edicion","status":"publish","type":"product","link":"https:\/\/edimeinter.com\/libreria\/product\/microbiologia-en-ciencias-de-la-salud-3a-edicion\/","title":{"rendered":"Microbiolog\u00eda en ciencias de la Salud. 3\u00aa Edici\u00f3n"},"content":{"rendered":"\t\t<div data-elementor-type=\"wp-post\" data-elementor-id=\"12583\" class=\"elementor elementor-12583\">\n\t\t\t\t<div class=\"elementor-element elementor-element-2612b12 e-flex e-con-boxed e-con e-parent\" data-id=\"2612b12\" data-element_type=\"container\" data-e-type=\"container\">\n\t\t\t\t\t<div class=\"e-con-inner\">\n\t\t\n\t\t<div class=\"elementor-element elementor-element-498707ae elementor-widget elementor-widget-text-editor\" data-id=\"498707ae\" data-element_type=\"widget\" data-e-type=\"widget\" data-widget_type=\"text-editor.default\">\n\t\t\t\t<div class=\"elementor-widget-container\">\n\t\t\t\t\t\t\t\t\t<p class=\"Text\"><span lang=\"ES\">El objetivo del libro es convertirse en un texto \u00abf\u00e1cil de usar\u00bb para los estudiantes y que presente el contenido de forma eficaz para adaptarse a los diferentes niveles de comprensi\u00f3n de la ciencia b\u00e1sica y, tambi\u00e9n actualizar el material para indicar los nuevos conceptos, la informaci\u00f3n y los avances que han salido a la luz desde que se public\u00f3 la primera edici\u00f3n.<\/span><\/p><p class=\"Text\"><span lang=\"ES\">Esta tercera edici\u00f3n se ha reorganizado para mejorar el planteamiento original, progresivo y por bloques para facilitar el proceso l\u00f3gico de aprendizaje. Para poder estudiar con m\u00e1s detalle, se ha incluido material de consulta en un cap\u00edtulo de Bibliograf\u00eda y recursos de internet.<\/span><\/p><p class=\"Text2\"><span lang=\"ES\">Adem\u00e1s de crear un texto de f\u00e1cil comprensi\u00f3n para los estudiantes resulta \u00fatil para los profesionales de la salud. Se han dise\u00f1ado numerosas tablas que condensan y organizan algunos de los puntos m\u00e1s destacados del texto para acceder a la informaci\u00f3n de forma r\u00e1pida y sencilla. Las tablas sobre enfermedades espec\u00edficas se han reorganizado y se han ampliado para incluir informaci\u00f3n sobre enfermedades, microorganismos, transmisi\u00f3n, diana(s), signos y s\u00edntomas y tratamiento.<\/span><\/p><p class=\"Text2\"><span lang=\"ES\">Presenta versiones actualizadas y ampliadas de los siguientes cuadros y tablas: \u00abPor qu\u00e9 necesita conocer\u00bb; \u00abAspectos m\u00e9dicos destacados\u00bb, \u00abRecursos de la vida\u00bb y \u00abAplicaci\u00f3n sanitaria\u00bb. Asimismo, se han a\u00f1adido los recuadros: \u00abTecnolog\u00eda\u00bb que destacan los \u00faltimos avances tecnol\u00f3gicos relacionados con los temas del cap\u00edtulo y \u00abEl panorama general\u00bb, la conexi\u00f3n de los sistemas org\u00e1nicos mostrando c\u00f3mo una enfermedad puede afectar a otros sistemas.<\/span><\/p>\t\t\t\t\t\t\t\t<\/div>\n\t\t\t\t<\/div>\n\t\t\t\t\t<\/div>\n\t\t\t\t<\/div>\n\t\t\t\t<\/div>\n\t\t","protected":false},"excerpt":{"rendered":"<p><strong>Autores:<\/strong>\u00a0Karin C. VanMeter &amp; Robert J. Hubert<br \/>\n<strong>ISBN:<\/strong>\u00a09788413824192<br \/>\n<strong>Editorial:<\/strong>\u00a0Elsevier<br \/>\n<strong>Edici\u00f3n:<\/strong>\u00a03\u00aa<br \/>\n<strong>Especialidad<\/strong>: Microbiolog\u00eda<br \/>\n<strong>P\u00e1ginas<\/strong>: 472<br \/>\n\u00a9 2023<\/p>\n","protected":false},"featured_media":12584,"comment_status":"open","ping_status":"open","template":"","meta":{"_joinchat":[]},"product_cat":[116],"product_tag":[85,117],"class_list":{"0":"post-12583","1":"product","2":"type-product","3":"status-publish","4":"has-post-thumbnail","6":"product_cat-microbiologia","7":"product_tag-elsevier","8":"product_tag-microbiologia","10":"first","11":"instock","12":"featured","13":"taxable","14":"shipping-taxable","15":"purchasable","16":"product-type-simple"},"_links":{"self":[{"href":"https:\/\/edimeinter.com\/libreria\/wp-json\/wp\/v2\/product\/12583","targetHints":{"allow":["GET"]}}],"collection":[{"href":"https:\/\/edimeinter.com\/libreria\/wp-json\/wp\/v2\/product"}],"about":[{"href":"https:\/\/edimeinter.com\/libreria\/wp-json\/wp\/v2\/types\/product"}],"replies":[{"embeddable":true,"href":"https:\/\/edimeinter.com\/libreria\/wp-json\/wp\/v2\/comments?post=12583"}],"version-history":[{"count":1,"href":"https:\/\/edimeinter.com\/libreria\/wp-json\/wp\/v2\/product\/12583\/revisions"}],"predecessor-version":[{"id":15432,"href":"https:\/\/edimeinter.com\/libreria\/wp-json\/wp\/v2\/product\/12583\/revisions\/15432"}],"wp:featuredmedia":[{"embeddable":true,"href":"https:\/\/edimeinter.com\/libreria\/wp-json\/wp\/v2\/media\/12584"}],"wp:attachment":[{"href":"https:\/\/edimeinter.com\/libreria\/wp-json\/wp\/v2\/media?parent=12583"}],"wp:term":[{"taxonomy":"product_cat","embeddable":true,"href":"https:\/\/edimeinter.com\/libreria\/wp-json\/wp\/v2\/product_cat?post=12583"},{"taxonomy":"product_tag","embeddable":true,"href":"https:\/\/edimeinter.com\/libreria\/wp-json\/wp\/v2\/product_tag?post=12583"}],"curies":[{"name":"wp","href":"https:\/\/api.w.org\/{rel}","templated":true}]}}