{"id":12611,"date":"2025-02-12T19:24:14","date_gmt":"2025-02-12T19:24:14","guid":{"rendered":"https:\/\/edimeinter.com\/libreria\/?post_type=product&#038;p=12611"},"modified":"2025-03-04T19:56:01","modified_gmt":"2025-03-04T19:56:01","slug":"psiquiatria-de-las-adicciones-1a-edicion","status":"publish","type":"product","link":"https:\/\/edimeinter.com\/libreria\/product\/psiquiatria-de-las-adicciones-1a-edicion\/","title":{"rendered":"Psiquiatr\u00eda de las adicciones. 1\u00aa Edici\u00f3n"},"content":{"rendered":"\t\t<div data-elementor-type=\"wp-post\" data-elementor-id=\"12611\" class=\"elementor elementor-12611\">\n\t\t\t\t<div class=\"elementor-element elementor-element-2612b12 e-flex e-con-boxed e-con e-parent\" data-id=\"2612b12\" data-element_type=\"container\" data-e-type=\"container\">\n\t\t\t\t\t<div class=\"e-con-inner\">\n\t\t\n\t\t<div class=\"elementor-element elementor-element-498707ae elementor-widget elementor-widget-text-editor\" data-id=\"498707ae\" data-element_type=\"widget\" data-e-type=\"widget\" data-widget_type=\"text-editor.default\">\n\t\t\t\t<div class=\"elementor-widget-container\">\n\t\t\t\t\t\t\t\t\t<p class=\"Text\"><i>Psiquiatr\u00eda de las adicciones. Revisi\u00f3n integral<\/i>\u00a0es una obra de f\u00e1cil consulta y lectura que aporta una revisi\u00f3n sistem\u00e1tica y exhaustiva de todas las enfermedades y los trastornos frecuentes en psiquiatr\u00eda y medicina de las adicciones. Este conciso manual aborda los temas m\u00e1s importantes de la especialidad, incluyendo el alcohol, los sedantes, los opi\u00e1ceos, el tabaco, el cannabis y los estimulantes; cada cap\u00edtulo finaliza con una secci\u00f3n de preguntas de autoevaluaci\u00f3n. Al final del libro se incluye adem\u00e1s una secci\u00f3n adicional integrada por tres bloques de 50 preguntas, que constituye un recurso excelente para ayudar a los profesionales a interactuar de forma eficaz con pacientes con trastornos por consumo de sustancias.<\/p>\t\t\t\t\t\t\t\t<\/div>\n\t\t\t\t<\/div>\n\t\t\t\t\t<\/div>\n\t\t\t\t<\/div>\n\t\t\t\t<\/div>\n\t\t","protected":false},"excerpt":{"rendered":"<p><strong>Autores:<\/strong>\u00a0H\u00e9ctor Col\u00f3n-Rivera &amp; Elie G. Aoun &amp; Leila M. Vaezazizi<br \/>\n<strong>ISBN:<\/strong>\u00a09788413824406<br \/>\n<strong>Editorial:<\/strong>\u00a0Elsevier<br \/>\n<strong>Edici\u00f3n:<\/strong>\u00a01\u00aa<br \/>\n<strong>Especialidad<\/strong>: Psiquiatr\u00eda<br \/>\n<strong>P\u00e1ginas<\/strong>:\u00a0200<br \/>\n\u00a9 2023<\/p>\n","protected":false},"featured_media":12612,"comment_status":"open","ping_status":"open","template":"","meta":{"_joinchat":[]},"product_cat":[68],"product_tag":[85,69],"class_list":{"0":"post-12611","1":"product","2":"type-product","3":"status-publish","4":"has-post-thumbnail","6":"product_cat-psiquiatria","7":"product_tag-elsevier","8":"product_tag-psiquiatria","10":"first","11":"instock","12":"featured","13":"taxable","14":"shipping-taxable","15":"purchasable","16":"product-type-simple"},"_links":{"self":[{"href":"https:\/\/edimeinter.com\/libreria\/wp-json\/wp\/v2\/product\/12611","targetHints":{"allow":["GET"]}}],"collection":[{"href":"https:\/\/edimeinter.com\/libreria\/wp-json\/wp\/v2\/product"}],"about":[{"href":"https:\/\/edimeinter.com\/libreria\/wp-json\/wp\/v2\/types\/product"}],"replies":[{"embeddable":true,"href":"https:\/\/edimeinter.com\/libreria\/wp-json\/wp\/v2\/comments?post=12611"}],"version-history":[{"count":2,"href":"https:\/\/edimeinter.com\/libreria\/wp-json\/wp\/v2\/product\/12611\/revisions"}],"predecessor-version":[{"id":15437,"href":"https:\/\/edimeinter.com\/libreria\/wp-json\/wp\/v2\/product\/12611\/revisions\/15437"}],"wp:featuredmedia":[{"embeddable":true,"href":"https:\/\/edimeinter.com\/libreria\/wp-json\/wp\/v2\/media\/12612"}],"wp:attachment":[{"href":"https:\/\/edimeinter.com\/libreria\/wp-json\/wp\/v2\/media?parent=12611"}],"wp:term":[{"taxonomy":"product_cat","embeddable":true,"href":"https:\/\/edimeinter.com\/libreria\/wp-json\/wp\/v2\/product_cat?post=12611"},{"taxonomy":"product_tag","embeddable":true,"href":"https:\/\/edimeinter.com\/libreria\/wp-json\/wp\/v2\/product_tag?post=12611"}],"curies":[{"name":"wp","href":"https:\/\/api.w.org\/{rel}","templated":true}]}}