{"id":12645,"date":"2025-02-12T20:42:06","date_gmt":"2025-02-12T20:42:06","guid":{"rendered":"https:\/\/edimeinter.com\/libreria\/?post_type=product&#038;p=12645"},"modified":"2025-03-04T19:57:01","modified_gmt":"2025-03-04T19:57:01","slug":"dermatitis-atopica-1a-edicion","status":"publish","type":"product","link":"https:\/\/edimeinter.com\/libreria\/product\/dermatitis-atopica-1a-edicion\/","title":{"rendered":"Dermatitis at\u00f3pica. 1\u00aa Edici\u00f3n"},"content":{"rendered":"\t\t<div data-elementor-type=\"wp-post\" data-elementor-id=\"12645\" class=\"elementor elementor-12645\">\n\t\t\t\t<div class=\"elementor-element elementor-element-2612b12 e-flex e-con-boxed e-con e-parent\" data-id=\"2612b12\" data-element_type=\"container\" data-e-type=\"container\">\n\t\t\t\t\t<div class=\"e-con-inner\">\n\t\t\n\t\t<div class=\"elementor-element elementor-element-498707ae elementor-widget elementor-widget-text-editor\" data-id=\"498707ae\" data-element_type=\"widget\" data-e-type=\"widget\" data-widget_type=\"text-editor.default\">\n\t\t\t\t<div class=\"elementor-widget-container\">\n\t\t\t\t\t\t\t\t\t<p class=\"Text\">La dermatitis at\u00f3pica (eccema) es una de las afecciones cut\u00e1neas m\u00e1s frecuentes y m\u00e1s dif\u00edciles de tratar, tanto para los pacientes como para los profesionales. Organizado por etiolog\u00edas intr\u00ednsecas y extr\u00ednsecas,\u00a0<i>Dermatitis at\u00f3pica<\/i>\u00a0examina una gran diversidad de causas que parten tanto del interior del cuerpo como del entorno externo, lo que ofrece a los m\u00e9dicos formas pr\u00e1cticas de dise\u00f1ar tratamientos que aborden espec\u00edficamente estas causas. Los doctores Lawrence S. Chan y Vivian Y. Shi, junto con un equipo de colaboradores expertos, examinan la etiolog\u00eda de este complejo trastorno y proporcionan soluciones espec\u00edficas y exhaustivas, as\u00ed como los planes terap\u00e9uticos m\u00e1s \u00fatiles basados en la fisiopatolog\u00eda, incluido el abordaje integrador basado en la evidencia.<\/p>\t\t\t\t\t\t\t\t<\/div>\n\t\t\t\t<\/div>\n\t\t\t\t\t<\/div>\n\t\t\t\t<\/div>\n\t\t\t\t<\/div>\n\t\t","protected":false},"excerpt":{"rendered":"<p><strong>Autores:<\/strong>\u00a0Lawrence S Chan &amp; Vivian Y. Shi<br \/>\n<strong>ISBN:<\/strong>\u00a09788413824413<br \/>\n<strong>Editorial:<\/strong>\u00a0Elsevier<br \/>\n<strong>Edici\u00f3n:<\/strong>\u00a01\u00aa<br \/>\n<strong>Especialidad<\/strong>: Dermatolog\u00eda<br \/>\n<strong>P\u00e1ginas<\/strong>: 320<br \/>\n\u00a9 2023<\/p>\n","protected":false},"featured_media":12646,"comment_status":"open","ping_status":"open","template":"","meta":{"_joinchat":[]},"product_cat":[108],"product_tag":[109,85],"class_list":{"0":"post-12645","1":"product","2":"type-product","3":"status-publish","4":"has-post-thumbnail","6":"product_cat-dermatologia","7":"product_tag-dermatologia","8":"product_tag-elsevier","10":"first","11":"instock","12":"featured","13":"taxable","14":"shipping-taxable","15":"purchasable","16":"product-type-simple"},"_links":{"self":[{"href":"https:\/\/edimeinter.com\/libreria\/wp-json\/wp\/v2\/product\/12645","targetHints":{"allow":["GET"]}}],"collection":[{"href":"https:\/\/edimeinter.com\/libreria\/wp-json\/wp\/v2\/product"}],"about":[{"href":"https:\/\/edimeinter.com\/libreria\/wp-json\/wp\/v2\/types\/product"}],"replies":[{"embeddable":true,"href":"https:\/\/edimeinter.com\/libreria\/wp-json\/wp\/v2\/comments?post=12645"}],"version-history":[{"count":2,"href":"https:\/\/edimeinter.com\/libreria\/wp-json\/wp\/v2\/product\/12645\/revisions"}],"predecessor-version":[{"id":15439,"href":"https:\/\/edimeinter.com\/libreria\/wp-json\/wp\/v2\/product\/12645\/revisions\/15439"}],"wp:featuredmedia":[{"embeddable":true,"href":"https:\/\/edimeinter.com\/libreria\/wp-json\/wp\/v2\/media\/12646"}],"wp:attachment":[{"href":"https:\/\/edimeinter.com\/libreria\/wp-json\/wp\/v2\/media?parent=12645"}],"wp:term":[{"taxonomy":"product_cat","embeddable":true,"href":"https:\/\/edimeinter.com\/libreria\/wp-json\/wp\/v2\/product_cat?post=12645"},{"taxonomy":"product_tag","embeddable":true,"href":"https:\/\/edimeinter.com\/libreria\/wp-json\/wp\/v2\/product_tag?post=12645"}],"curies":[{"name":"wp","href":"https:\/\/api.w.org\/{rel}","templated":true}]}}