{"id":12663,"date":"2025-02-12T21:12:32","date_gmt":"2025-02-12T21:12:32","guid":{"rendered":"https:\/\/edimeinter.com\/libreria\/?post_type=product&#038;p=12663"},"modified":"2025-09-04T20:56:45","modified_gmt":"2025-09-04T20:56:45","slug":"cirugia-oral-y-maxilofacial-incluye-version-digital-1a-edicion","status":"publish","type":"product","link":"https:\/\/edimeinter.com\/libreria\/product\/cirugia-oral-y-maxilofacial-incluye-version-digital-1a-edicion\/","title":{"rendered":"Cirug\u00eda Oral y Maxilofacial (incluye versi\u00f3n digital). 1\u00aa Edici\u00f3n"},"content":{"rendered":"\t\t<div data-elementor-type=\"wp-post\" data-elementor-id=\"12663\" class=\"elementor elementor-12663\">\n\t\t\t\t<div class=\"elementor-element elementor-element-2612b12 e-flex e-con-boxed e-con e-parent\" data-id=\"2612b12\" data-element_type=\"container\" data-e-type=\"container\">\n\t\t\t\t\t<div class=\"e-con-inner\">\n\t\t\n\t\t<div class=\"elementor-element elementor-element-498707ae elementor-widget elementor-widget-text-editor\" data-id=\"498707ae\" data-element_type=\"widget\" data-e-type=\"widget\" data-widget_type=\"text-editor.default\">\n\t\t\t\t<div class=\"elementor-widget-container\">\n\t\t\t\t\t\t\t\t\t<p>La Cirug\u00eda Oral y Maxilofacial es la especialidad m\u00e9dico-quir\u00fargica que se ocupa de la prevenci\u00f3n, diagn\u00f3stico, tratamiento y rehabilitaci\u00f3n de las enfermedades cong\u00e9nitas y adquiridas de la regi\u00f3n de cabeza y cuello, que incluye la cavidad oral y orofaringe, la cara, la regi\u00f3n cervical y el esqueleto craneofacial. El \u00e1mbito de actuaci\u00f3n se basa en la concepci\u00f3n integral, con bases m\u00e9dicas y odontol\u00f3gicas, del manejo de dichas patolog\u00edas, incluyendo el empleo de todos los procedimientos espec\u00edficos para la reparaci\u00f3n pl\u00e1stica, est\u00e9tica y funcional de las mismas.<\/p><p>Gracias al profundo conocimiento de esta \u00e1rea anat\u00f3mica y de su complejidad, la especialidad contin\u00faa su expansi\u00f3n imparable. Sus dos principios b\u00e1sicos, la est\u00e9tica y la funci\u00f3n, deben regir en todos los procedimientos reconstructivos de cabeza y cuello. Este Atlas ha surgido para plasmar estos conocimientos de una forma racional y exhaustiva.<\/p><p>Cirug\u00eda Oral y Maxilofacial. Atlas de procedimientos y t\u00e9cnicas quir\u00fargicas es el fruto del trabajo en com\u00fan de un reputado conjunto de especialistas, compuesto en su gran mayor\u00eda de miembros de SECOM-CyC, junto a la inestimable ayuda de colegas y expertos de nuestro pa\u00eds y extranjeros.<\/p><p>La obra cuenta, adem\u00e1s, con una bibliograf\u00eda recomendada y material on-line que incluye casos cl\u00ednicos y v\u00eddeos, lo que le aporta un singular valor a\u00f1adido.<\/p><p>Se trata de un proyecto de equipo, una obra de todos (Sociedad Espa\u00f1ola de Cirug\u00eda Oral y Maxilofacial y de Cabeza y Cuello), que intenta sentar las bases de una obra que debe estar en constante actualizaci\u00f3n y puesta al d\u00eda, para poder servir de ayuda tanto a cirujanos en per\u00edodo de especializaci\u00f3n como a los ya experimentados.<\/p>\t\t\t\t\t\t\t\t<\/div>\n\t\t\t\t<\/div>\n\t\t\t\t\t<\/div>\n\t\t\t\t<\/div>\n\t\t\t\t<\/div>\n\t\t","protected":false},"excerpt":{"rendered":"<p><strong>Autores:<\/strong>\u00a0SECOM Sociedad Espa\u00f1ola de Cirug\u00eda Oral y Maxilofacial, Jose Luis L\u00f3pez-Cedr\u00fan Cembranos<br \/>\n<strong>ISBN:<\/strong>\u00a09788491101123<br \/>\n<strong>Editorial:<\/strong>\u00a0Panamericana<br \/>\n<strong>Edici\u00f3n:<\/strong>\u00a01\u00aa<br \/>\n<strong>Especialidad<\/strong>:\u00a0Cirug\u00eda<br \/>\n<strong>P\u00e1ginas:\u00a0<\/strong>1200<br \/>\n\u00a9 2018<\/p>\n","protected":false},"featured_media":12664,"comment_status":"open","ping_status":"closed","template":"","meta":{"_joinchat":[]},"product_cat":[175],"product_tag":[176,70],"class_list":{"0":"post-12663","1":"product","2":"type-product","3":"status-publish","4":"has-post-thumbnail","6":"product_cat-cirugia","7":"product_tag-cirugia","8":"product_tag-panamericana","10":"first","11":"outofstock","12":"featured","13":"taxable","14":"shipping-taxable","15":"purchasable","16":"product-type-simple"},"_links":{"self":[{"href":"https:\/\/edimeinter.com\/libreria\/wp-json\/wp\/v2\/product\/12663","targetHints":{"allow":["GET"]}}],"collection":[{"href":"https:\/\/edimeinter.com\/libreria\/wp-json\/wp\/v2\/product"}],"about":[{"href":"https:\/\/edimeinter.com\/libreria\/wp-json\/wp\/v2\/types\/product"}],"replies":[{"embeddable":true,"href":"https:\/\/edimeinter.com\/libreria\/wp-json\/wp\/v2\/comments?post=12663"}],"version-history":[{"count":1,"href":"https:\/\/edimeinter.com\/libreria\/wp-json\/wp\/v2\/product\/12663\/revisions"}],"predecessor-version":[{"id":15442,"href":"https:\/\/edimeinter.com\/libreria\/wp-json\/wp\/v2\/product\/12663\/revisions\/15442"}],"wp:featuredmedia":[{"embeddable":true,"href":"https:\/\/edimeinter.com\/libreria\/wp-json\/wp\/v2\/media\/12664"}],"wp:attachment":[{"href":"https:\/\/edimeinter.com\/libreria\/wp-json\/wp\/v2\/media?parent=12663"}],"wp:term":[{"taxonomy":"product_cat","embeddable":true,"href":"https:\/\/edimeinter.com\/libreria\/wp-json\/wp\/v2\/product_cat?post=12663"},{"taxonomy":"product_tag","embeddable":true,"href":"https:\/\/edimeinter.com\/libreria\/wp-json\/wp\/v2\/product_tag?post=12663"}],"curies":[{"name":"wp","href":"https:\/\/api.w.org\/{rel}","templated":true}]}}