{"id":12677,"date":"2025-02-12T21:30:12","date_gmt":"2025-02-12T21:30:12","guid":{"rendered":"https:\/\/edimeinter.com\/libreria\/?post_type=product&#038;p=12677"},"modified":"2025-03-04T20:00:17","modified_gmt":"2025-03-04T20:00:17","slug":"manual-de-urgencias-en-cirugia-oral-y-maxilofacial-incluye-version-digital-1a-edicion","status":"publish","type":"product","link":"https:\/\/edimeinter.com\/libreria\/product\/manual-de-urgencias-en-cirugia-oral-y-maxilofacial-incluye-version-digital-1a-edicion\/","title":{"rendered":"Manual de Urgencias en Cirug\u00eda Oral y Maxilofacial (incluye versi\u00f3n digital). 1\u00aa Edici\u00f3n"},"content":{"rendered":"\t\t<div data-elementor-type=\"wp-post\" data-elementor-id=\"12677\" class=\"elementor elementor-12677\">\n\t\t\t\t<div class=\"elementor-element elementor-element-2612b12 e-flex e-con-boxed e-con e-parent\" data-id=\"2612b12\" data-element_type=\"container\" data-e-type=\"container\">\n\t\t\t\t\t<div class=\"e-con-inner\">\n\t\t\n\t\t<div class=\"elementor-element elementor-element-498707ae elementor-widget elementor-widget-text-editor\" data-id=\"498707ae\" data-element_type=\"widget\" data-e-type=\"widget\" data-widget_type=\"text-editor.default\">\n\t\t\t\t<div class=\"elementor-widget-container\">\n\t\t\t\t\t\t\t\t\t<p>Las urgencias en cirug\u00eda oral y maxilofacial suponen un amplio grupo de patolog\u00edas de diversa gravedad, que en ocasiones pueden llegar a suponer un grave riesgo para la vida del paciente. La obra Manual de Urgencias en Cirug\u00eda Oral y Maxilofacial contempla el manejo diagn\u00f3stico y terap\u00e9utico tanto de urgencias hospitalarias de pacientes de patolog\u00eda maxilofacial como de urgencias de cirug\u00eda oral, fundamentalmente las de tipo infeccioso y traum\u00e1tico, derivadas a los hospitales desde cl\u00ednicas o centros dentales.<\/p>\t\t\t\t\t\t\t\t<\/div>\n\t\t\t\t<\/div>\n\t\t\t\t\t<\/div>\n\t\t\t\t<\/div>\n\t\t\t\t<\/div>\n\t\t","protected":false},"excerpt":{"rendered":"<p><strong>Autores:<\/strong>\u00a0Manuel Fern\u00e1ndez Dom\u00ednguez, Jos\u00e9 Luis del Castillo Pardo de Vera<br \/>\n<strong>ISBN:<\/strong>\u00a09788498358728<br \/>\n<strong>Editorial:<\/strong>\u00a0Panamericana<br \/>\n<strong>Edici\u00f3n:<\/strong>\u00a01\u00aa<br \/>\n<strong>Especialidad<\/strong>:\u00a0Odontolog\u00eda<br \/>\n<strong>P\u00e1ginas:\u00a0<\/strong>250<br \/>\n\u00a9 2018<\/p>\n","protected":false},"featured_media":12678,"comment_status":"open","ping_status":"open","template":"","meta":{"_joinchat":[]},"product_cat":[140],"product_tag":[141,70],"class_list":{"0":"post-12677","1":"product","2":"type-product","3":"status-publish","4":"has-post-thumbnail","6":"product_cat-odontologia-y-ortodoncia","7":"product_tag-odontologia-y-ortodoncia","8":"product_tag-panamericana","10":"first","11":"instock","12":"featured","13":"taxable","14":"shipping-taxable","15":"purchasable","16":"product-type-simple"},"_links":{"self":[{"href":"https:\/\/edimeinter.com\/libreria\/wp-json\/wp\/v2\/product\/12677","targetHints":{"allow":["GET"]}}],"collection":[{"href":"https:\/\/edimeinter.com\/libreria\/wp-json\/wp\/v2\/product"}],"about":[{"href":"https:\/\/edimeinter.com\/libreria\/wp-json\/wp\/v2\/types\/product"}],"replies":[{"embeddable":true,"href":"https:\/\/edimeinter.com\/libreria\/wp-json\/wp\/v2\/comments?post=12677"}],"version-history":[{"count":1,"href":"https:\/\/edimeinter.com\/libreria\/wp-json\/wp\/v2\/product\/12677\/revisions"}],"predecessor-version":[{"id":15444,"href":"https:\/\/edimeinter.com\/libreria\/wp-json\/wp\/v2\/product\/12677\/revisions\/15444"}],"wp:featuredmedia":[{"embeddable":true,"href":"https:\/\/edimeinter.com\/libreria\/wp-json\/wp\/v2\/media\/12678"}],"wp:attachment":[{"href":"https:\/\/edimeinter.com\/libreria\/wp-json\/wp\/v2\/media?parent=12677"}],"wp:term":[{"taxonomy":"product_cat","embeddable":true,"href":"https:\/\/edimeinter.com\/libreria\/wp-json\/wp\/v2\/product_cat?post=12677"},{"taxonomy":"product_tag","embeddable":true,"href":"https:\/\/edimeinter.com\/libreria\/wp-json\/wp\/v2\/product_tag?post=12677"}],"curies":[{"name":"wp","href":"https:\/\/api.w.org\/{rel}","templated":true}]}}