{"id":12720,"date":"2025-02-12T22:15:06","date_gmt":"2025-02-12T22:15:06","guid":{"rendered":"https:\/\/edimeinter.com\/libreria\/?post_type=product&#038;p=12720"},"modified":"2025-12-12T22:34:06","modified_gmt":"2025-12-12T22:34:06","slug":"enfermeria-en-cuidados-intensivos-incluye-version-digital-2a-edicion","status":"publish","type":"product","link":"https:\/\/edimeinter.com\/libreria\/product\/enfermeria-en-cuidados-intensivos-incluye-version-digital-2a-edicion\/","title":{"rendered":"Enfermer\u00eda en Cuidados Intensivos (Incluye versi\u00f3n digital). 2\u00aa Edici\u00f3n"},"content":{"rendered":"\t\t<div data-elementor-type=\"wp-post\" data-elementor-id=\"12720\" class=\"elementor elementor-12720\">\n\t\t\t\t<div class=\"elementor-element elementor-element-2612b12 e-flex e-con-boxed e-con e-parent\" data-id=\"2612b12\" data-element_type=\"container\" data-e-type=\"container\">\n\t\t\t\t\t<div class=\"e-con-inner\">\n\t\t\n\t\t<div class=\"elementor-element elementor-element-498707ae elementor-widget elementor-widget-text-editor\" data-id=\"498707ae\" data-element_type=\"widget\" data-e-type=\"widget\" data-widget_type=\"text-editor.default\">\n\t\t\t\t<div class=\"elementor-widget-container\">\n\t\t\t\t\t\t\t\t\t<p>En su tarea cotidiana en la unidad de cuidados intensivos, el enfermero intensivista debe aplicar sus conocimientos y demostrar sus habilidades para ofrecer siempre una atenci\u00f3n segura a los pacientes. Por lo tanto, en este escenario de acciones y cuidados extremadamente especializados, es fundamental el desarrollo de competencias t\u00e9cnico-cient\u00edficas para la atenci\u00f3n en el proceso de salud-enfermedad, teniendo en cuenta tambi\u00e9n los aspectos de orden biol\u00f3gico, social y humanitario.<\/p><p>Enfermer\u00eda en Cuidados Intensivos. Pr\u00e1cticas integradoras, representa la madurez de la enfermer\u00eda en cuidados intensivos en Am\u00e9rica Latina y nace con el sello de calidad y prestigio de dos importantes Sociedades de cuidados intensivos: la Asociaci\u00f3n Brasilera de Terapia Intensiva (AMIB) y la Sociedad Argentina de Terapia Intensiva (SATI).<\/p><p>Un libro que, sin duda, contribuir\u00e1 al aprendizaje y al mejor desempe\u00f1o de los profesionales de enfermer\u00eda, cualquiera que sea el lugar donde act\u00faen o la fase de la carrera en la que se encuentren, que merece ser adoptado como referencia por todos aquellos que se especializan en cuidados intensivos.<\/p>\t\t\t\t\t\t\t\t<\/div>\n\t\t\t\t<\/div>\n\t\t\t\t\t<\/div>\n\t\t\t\t<\/div>\n\t\t\t\t<\/div>\n\t\t","protected":false},"excerpt":{"rendered":"<p><strong>Autores:<\/strong>\u00a0Renata Andr\u00e9a Pietro Pereira Viana, Cecilia Mariana Torre, SATI (Sociedad Argentina de Terapia Intensiva), AMIB (Associa\u00e7\u00e3o de Medicina Intensiva Brasileira)<br \/>\n<strong>ISBN:<\/strong>\u00a09789500695749<br \/>\n<strong>Editorial:<\/strong>\u00a0Panamericana<br \/>\n<strong>Edici\u00f3n:<\/strong>\u00a02\u00aa<br \/>\n<strong>Especialidad<\/strong>: Enfermer\u00eda<br \/>\n<strong>P\u00e1ginas:\u00a0<\/strong>768<br \/>\n\u00a9 2019<\/p>\n","protected":false},"featured_media":12721,"comment_status":"open","ping_status":"closed","template":"","meta":{"_joinchat":[]},"product_cat":[115],"product_tag":[82,70],"class_list":{"0":"post-12720","1":"product","2":"type-product","3":"status-publish","4":"has-post-thumbnail","6":"product_cat-enfermeria","7":"product_tag-enfermeria","8":"product_tag-panamericana","10":"first","11":"outofstock","12":"featured","13":"taxable","14":"shipping-taxable","15":"purchasable","16":"product-type-simple"},"_links":{"self":[{"href":"https:\/\/edimeinter.com\/libreria\/wp-json\/wp\/v2\/product\/12720","targetHints":{"allow":["GET"]}}],"collection":[{"href":"https:\/\/edimeinter.com\/libreria\/wp-json\/wp\/v2\/product"}],"about":[{"href":"https:\/\/edimeinter.com\/libreria\/wp-json\/wp\/v2\/types\/product"}],"replies":[{"embeddable":true,"href":"https:\/\/edimeinter.com\/libreria\/wp-json\/wp\/v2\/comments?post=12720"}],"version-history":[{"count":1,"href":"https:\/\/edimeinter.com\/libreria\/wp-json\/wp\/v2\/product\/12720\/revisions"}],"predecessor-version":[{"id":15456,"href":"https:\/\/edimeinter.com\/libreria\/wp-json\/wp\/v2\/product\/12720\/revisions\/15456"}],"wp:featuredmedia":[{"embeddable":true,"href":"https:\/\/edimeinter.com\/libreria\/wp-json\/wp\/v2\/media\/12721"}],"wp:attachment":[{"href":"https:\/\/edimeinter.com\/libreria\/wp-json\/wp\/v2\/media?parent=12720"}],"wp:term":[{"taxonomy":"product_cat","embeddable":true,"href":"https:\/\/edimeinter.com\/libreria\/wp-json\/wp\/v2\/product_cat?post=12720"},{"taxonomy":"product_tag","embeddable":true,"href":"https:\/\/edimeinter.com\/libreria\/wp-json\/wp\/v2\/product_tag?post=12720"}],"curies":[{"name":"wp","href":"https:\/\/api.w.org\/{rel}","templated":true}]}}