{"id":12727,"date":"2025-02-12T22:18:16","date_gmt":"2025-02-12T22:18:16","guid":{"rendered":"https:\/\/edimeinter.com\/libreria\/?post_type=product&#038;p=12727"},"modified":"2025-03-04T20:34:37","modified_gmt":"2025-03-04T20:34:37","slug":"psicobiologia-incluye-acceso-a-eva-entorno-virtual-de-aprendizaje-1a-edicion","status":"publish","type":"product","link":"https:\/\/edimeinter.com\/libreria\/product\/psicobiologia-incluye-acceso-a-eva-entorno-virtual-de-aprendizaje-1a-edicion\/","title":{"rendered":"Psicobiolog\u00eda (Incluye acceso a EVA \u2013 Entorno Virtual de Aprendizaje). 1\u00aa Edici\u00f3n"},"content":{"rendered":"\t\t<div data-elementor-type=\"wp-post\" data-elementor-id=\"12727\" class=\"elementor elementor-12727\">\n\t\t\t\t<div class=\"elementor-element elementor-element-2612b12 e-flex e-con-boxed e-con e-parent\" data-id=\"2612b12\" data-element_type=\"container\" data-e-type=\"container\">\n\t\t\t\t\t<div class=\"e-con-inner\">\n\t\t\n\t\t<div class=\"elementor-element elementor-element-498707ae elementor-widget elementor-widget-text-editor\" data-id=\"498707ae\" data-element_type=\"widget\" data-e-type=\"widget\" data-widget_type=\"text-editor.default\">\n\t\t\t\t<div class=\"elementor-widget-container\">\n\t\t\t\t\t\t\t\t\t<p>El objeto de la Psicobiolog\u00eda es el an\u00e1lisis de la conducta, como un proceso biol\u00f3gico que permite al ser humano interactuar de forma adaptativa en un entorno cambiante, y de los procesos mentales que la sustentan.<\/p><p>La obra permitir\u00e1 al lector, de un forma clara y sencilla, entender y reflexionar sobre los diferentes mecanismos y sistemas de funcionamiento del sistema nervioso humano, conociendo los diferentes m\u00e9todos y estrategias utilizadas para el estudio de estas funciones, as\u00ed como relacionar e integrar toda esta informaci\u00f3n funcional con sus bases fisiol\u00f3gicas, celulares, bioqu\u00edmicas y anat\u00f3micas en relaci\u00f3n con la producci\u00f3n y regulaci\u00f3n de la conducta y la cognici\u00f3n humanas.<\/p>\t\t\t\t\t\t\t\t<\/div>\n\t\t\t\t<\/div>\n\t\t\t\t\t<\/div>\n\t\t\t\t<\/div>\n\t\t\t\t<\/div>\n\t\t","protected":false},"excerpt":{"rendered":"<p><strong>Autores:<\/strong>\u00a0Diego Redolar Ripoll<br \/>\n<strong>ISBN:<\/strong>\u00a09788498359268<br \/>\n<strong>Editorial:<\/strong>\u00a0Panamericana<br \/>\n<strong>Edici\u00f3n:<\/strong>\u00a01\u00aa<br \/>\n<strong>Especialidad<\/strong>: Psicolog\u00eda<br \/>\n<strong>P\u00e1ginas:\u00a0<\/strong>700<br \/>\n\u00a9 2018<\/p>\n","protected":false},"featured_media":12728,"comment_status":"open","ping_status":"open","template":"","meta":{"_joinchat":[]},"product_cat":[88],"product_tag":[70,89],"class_list":{"0":"post-12727","1":"product","2":"type-product","3":"status-publish","4":"has-post-thumbnail","6":"product_cat-psicologia","7":"product_tag-panamericana","8":"product_tag-psicologia","10":"first","11":"instock","12":"featured","13":"taxable","14":"shipping-taxable","15":"purchasable","16":"product-type-simple"},"_links":{"self":[{"href":"https:\/\/edimeinter.com\/libreria\/wp-json\/wp\/v2\/product\/12727","targetHints":{"allow":["GET"]}}],"collection":[{"href":"https:\/\/edimeinter.com\/libreria\/wp-json\/wp\/v2\/product"}],"about":[{"href":"https:\/\/edimeinter.com\/libreria\/wp-json\/wp\/v2\/types\/product"}],"replies":[{"embeddable":true,"href":"https:\/\/edimeinter.com\/libreria\/wp-json\/wp\/v2\/comments?post=12727"}],"version-history":[{"count":1,"href":"https:\/\/edimeinter.com\/libreria\/wp-json\/wp\/v2\/product\/12727\/revisions"}],"predecessor-version":[{"id":15457,"href":"https:\/\/edimeinter.com\/libreria\/wp-json\/wp\/v2\/product\/12727\/revisions\/15457"}],"wp:featuredmedia":[{"embeddable":true,"href":"https:\/\/edimeinter.com\/libreria\/wp-json\/wp\/v2\/media\/12728"}],"wp:attachment":[{"href":"https:\/\/edimeinter.com\/libreria\/wp-json\/wp\/v2\/media?parent=12727"}],"wp:term":[{"taxonomy":"product_cat","embeddable":true,"href":"https:\/\/edimeinter.com\/libreria\/wp-json\/wp\/v2\/product_cat?post=12727"},{"taxonomy":"product_tag","embeddable":true,"href":"https:\/\/edimeinter.com\/libreria\/wp-json\/wp\/v2\/product_tag?post=12727"}],"curies":[{"name":"wp","href":"https:\/\/api.w.org\/{rel}","templated":true}]}}