{"id":12763,"date":"2025-02-12T22:45:52","date_gmt":"2025-02-12T22:45:52","guid":{"rendered":"https:\/\/edimeinter.com\/libreria\/?post_type=product&#038;p=12763"},"modified":"2025-03-04T20:46:14","modified_gmt":"2025-03-04T20:46:14","slug":"anestesia-y-reanimacion-en-cirugia-toracica-incluye-version-digital-6a-edicion","status":"publish","type":"product","link":"https:\/\/edimeinter.com\/libreria\/product\/anestesia-y-reanimacion-en-cirugia-toracica-incluye-version-digital-6a-edicion\/","title":{"rendered":"Anestesia y Reanimaci\u00f3n en Cirug\u00eda Tor\u00e1cica (incluye versi\u00f3n digital). 6\u00aa Edici\u00f3n"},"content":{"rendered":"\t\t<div data-elementor-type=\"wp-post\" data-elementor-id=\"12763\" class=\"elementor elementor-12763\">\n\t\t\t\t<div class=\"elementor-element elementor-element-2612b12 e-flex e-con-boxed e-con e-parent\" data-id=\"2612b12\" data-element_type=\"container\" data-e-type=\"container\">\n\t\t\t\t\t<div class=\"e-con-inner\">\n\t\t\n\t\t<div class=\"elementor-element elementor-element-498707ae elementor-widget elementor-widget-text-editor\" data-id=\"498707ae\" data-element_type=\"widget\" data-e-type=\"widget\" data-widget_type=\"text-editor.default\">\n\t\t\t\t<div class=\"elementor-widget-container\">\n\t\t\t\t\t\t\t\t\t<p>La obra Anestesia y Reanimaci\u00f3n en Cirug\u00eda Tor\u00e1cica, trata con gran profundidad y rigor los avances en la especialidad de anestesia y reanimaci\u00f3n en la cirug\u00eda tor\u00e1cica. Revisa los aspectos m\u00e1s relevantes de esta materia mediante la colaboraci\u00f3n interdisciplinar de anestesi\u00f3logos, cirujanos tor\u00e1cicos y neum\u00f3logos, expertos con gran prestigio en el tema y pertenecientes a diversos pa\u00edses del mundo.<\/p><p>En esta nueva edici\u00f3n se revisan los aspectos m\u00e1s importantes de la evaluaci\u00f3n preoperatoria, el manejo de la ventilaci\u00f3n perioperatoria, los m\u00e9todos espec\u00edficos de abordaje de la v\u00eda a\u00e9rea, las t\u00e9cnicas analg\u00e9sicas m\u00e1s id\u00f3neas, as\u00ed como la estrategia de cuidados postoperatorios tras la cirug\u00eda tor\u00e1cica.<\/p>\t\t\t\t\t\t\t\t<\/div>\n\t\t\t\t<\/div>\n\t\t\t\t\t<\/div>\n\t\t\t\t<\/div>\n\t\t\t\t<\/div>\n\t\t","protected":false},"excerpt":{"rendered":"<p><strong>Autores:<\/strong>\u00a0Manuel Granell Gil<br \/>\n<strong>ISBN:<\/strong>\u00a09788491101499<br \/>\n<strong>Editorial:<\/strong>\u00a0Panamericana<br \/>\n<strong>Edici\u00f3n:<\/strong>\u00a06\u00aa<br \/>\n<strong>Especialidad<\/strong>: Anestesiolog\u00eda<br \/>\n<strong>P\u00e1ginas:\u00a0<\/strong>380<br \/>\n\u00a9 2019<\/p>\n","protected":false},"featured_media":12764,"comment_status":"open","ping_status":"open","template":"","meta":{"_joinchat":[]},"product_cat":[86],"product_tag":[87,70],"class_list":{"0":"post-12763","1":"product","2":"type-product","3":"status-publish","4":"has-post-thumbnail","6":"product_cat-anestesiologia-y-reanimacion","7":"product_tag-anestesiologia-y-reanimacion","8":"product_tag-panamericana","10":"first","11":"instock","12":"featured","13":"taxable","14":"shipping-taxable","15":"purchasable","16":"product-type-simple"},"_links":{"self":[{"href":"https:\/\/edimeinter.com\/libreria\/wp-json\/wp\/v2\/product\/12763","targetHints":{"allow":["GET"]}}],"collection":[{"href":"https:\/\/edimeinter.com\/libreria\/wp-json\/wp\/v2\/product"}],"about":[{"href":"https:\/\/edimeinter.com\/libreria\/wp-json\/wp\/v2\/types\/product"}],"replies":[{"embeddable":true,"href":"https:\/\/edimeinter.com\/libreria\/wp-json\/wp\/v2\/comments?post=12763"}],"version-history":[{"count":1,"href":"https:\/\/edimeinter.com\/libreria\/wp-json\/wp\/v2\/product\/12763\/revisions"}],"predecessor-version":[{"id":15463,"href":"https:\/\/edimeinter.com\/libreria\/wp-json\/wp\/v2\/product\/12763\/revisions\/15463"}],"wp:featuredmedia":[{"embeddable":true,"href":"https:\/\/edimeinter.com\/libreria\/wp-json\/wp\/v2\/media\/12764"}],"wp:attachment":[{"href":"https:\/\/edimeinter.com\/libreria\/wp-json\/wp\/v2\/media?parent=12763"}],"wp:term":[{"taxonomy":"product_cat","embeddable":true,"href":"https:\/\/edimeinter.com\/libreria\/wp-json\/wp\/v2\/product_cat?post=12763"},{"taxonomy":"product_tag","embeddable":true,"href":"https:\/\/edimeinter.com\/libreria\/wp-json\/wp\/v2\/product_tag?post=12763"}],"curies":[{"name":"wp","href":"https:\/\/api.w.org\/{rel}","templated":true}]}}