{"id":12775,"date":"2025-02-12T23:01:49","date_gmt":"2025-02-12T23:01:49","guid":{"rendered":"https:\/\/edimeinter.com\/libreria\/?post_type=product&#038;p=12775"},"modified":"2025-03-04T20:48:05","modified_gmt":"2025-03-04T20:48:05","slug":"medicina-estetica-y-antienvejecimiento-incluye-version-digital-2a-edicion","status":"publish","type":"product","link":"https:\/\/edimeinter.com\/libreria\/product\/medicina-estetica-y-antienvejecimiento-incluye-version-digital-2a-edicion\/","title":{"rendered":"Medicina Est\u00e9tica y Antienvejecimiento (incluye versi\u00f3n digital). 2\u00aa Edici\u00f3n"},"content":{"rendered":"\t\t<div data-elementor-type=\"wp-post\" data-elementor-id=\"12775\" class=\"elementor elementor-12775\">\n\t\t\t\t\n<div class=\"elementor-element elementor-element-2612b12 e-flex e-con-boxed e-con e-parent\" data-id=\"2612b12\" data-element_type=\"container\" data-e-type=\"container\">\n\t\t\t\t\t<div class=\"e-con-inner\">\n\t\t\n\t\t<div class=\"elementor-element elementor-element-498707ae elementor-widget elementor-widget-text-editor\" data-id=\"498707ae\" data-element_type=\"widget\" data-e-type=\"widget\" data-widget_type=\"text-editor.default\">\n\t\t\t\t<div class=\"elementor-widget-container\">\n\t\t\t\t\t\t\t\t\t<p>Medicina est\u00e9tica y antienvejecimiento 2\u00aa ed., es una obra que aborda de forma integral la medicina est\u00e9tica, lo hace de una manera did\u00e1ctica y f\u00e1cilmente comprensible. Los autores son prestigiosos profesionales con gran experiencia en cada uno de sus campos, muchos de ellos investigadores punteros que han contribuido con sus trabajos al avance de esta rama de la medicina.<\/p>\t\t\t\t\t\t\t\t<\/div>\n\t\t\t\t<\/div>\n\t\t\t\t\t<\/div>\n\t\t\t\t<\/div>\n\t\t\t\t<\/div>\n\t\t","protected":false},"excerpt":{"rendered":"<p><strong>Autores:<\/strong>\u00a0Jes\u00fas Fern\u00e1ndez-Tresguerres Hern\u00e1ndez<br \/>\n<strong>ISBN:<\/strong>\u00a09788491101352<br \/>\n<strong>Editorial:<\/strong>\u00a0Panamericana<br \/>\n<strong>Edici\u00f3n:<\/strong>\u00a02\u00aa<br \/>\n<strong>Especialidad<\/strong>: Medicina Est\u00e9tica<br \/>\n<strong>P\u00e1ginas:\u00a0<\/strong>916<br \/>\n\u00a9 2018<\/p>\n","protected":false},"featured_media":12776,"comment_status":"open","ping_status":"open","template":"","meta":{"_joinchat":[]},"product_cat":[191],"product_tag":[192,70],"class_list":{"0":"post-12775","1":"product","2":"type-product","3":"status-publish","4":"has-post-thumbnail","6":"product_cat-medicina-estetica","7":"product_tag-medicina-estetica","8":"product_tag-panamericana","10":"first","11":"instock","12":"featured","13":"taxable","14":"shipping-taxable","15":"purchasable","16":"product-type-simple"},"_links":{"self":[{"href":"https:\/\/edimeinter.com\/libreria\/wp-json\/wp\/v2\/product\/12775","targetHints":{"allow":["GET"]}}],"collection":[{"href":"https:\/\/edimeinter.com\/libreria\/wp-json\/wp\/v2\/product"}],"about":[{"href":"https:\/\/edimeinter.com\/libreria\/wp-json\/wp\/v2\/types\/product"}],"replies":[{"embeddable":true,"href":"https:\/\/edimeinter.com\/libreria\/wp-json\/wp\/v2\/comments?post=12775"}],"version-history":[{"count":1,"href":"https:\/\/edimeinter.com\/libreria\/wp-json\/wp\/v2\/product\/12775\/revisions"}],"predecessor-version":[{"id":15466,"href":"https:\/\/edimeinter.com\/libreria\/wp-json\/wp\/v2\/product\/12775\/revisions\/15466"}],"wp:featuredmedia":[{"embeddable":true,"href":"https:\/\/edimeinter.com\/libreria\/wp-json\/wp\/v2\/media\/12776"}],"wp:attachment":[{"href":"https:\/\/edimeinter.com\/libreria\/wp-json\/wp\/v2\/media?parent=12775"}],"wp:term":[{"taxonomy":"product_cat","embeddable":true,"href":"https:\/\/edimeinter.com\/libreria\/wp-json\/wp\/v2\/product_cat?post=12775"},{"taxonomy":"product_tag","embeddable":true,"href":"https:\/\/edimeinter.com\/libreria\/wp-json\/wp\/v2\/product_tag?post=12775"}],"curies":[{"name":"wp","href":"https:\/\/api.w.org\/{rel}","templated":true}]}}