{"id":12781,"date":"2025-02-12T23:23:30","date_gmt":"2025-02-12T23:23:30","guid":{"rendered":"https:\/\/edimeinter.com\/libreria\/?post_type=product&#038;p=12781"},"modified":"2025-03-04T20:48:52","modified_gmt":"2025-03-04T20:48:52","slug":"fisiologia-humana-incluye-version-digital-2a-edicion","status":"publish","type":"product","link":"https:\/\/edimeinter.com\/libreria\/product\/fisiologia-humana-incluye-version-digital-2a-edicion\/","title":{"rendered":"Fisiolog\u00eda Humana (incluye versi\u00f3n digital). 2\u00aa Edici\u00f3n"},"content":{"rendered":"\t\t<div data-elementor-type=\"wp-post\" data-elementor-id=\"12781\" class=\"elementor elementor-12781\">\n\t\t\t\t<div class=\"elementor-element elementor-element-2612b12 e-flex e-con-boxed e-con e-parent\" data-id=\"2612b12\" data-element_type=\"container\" data-e-type=\"container\">\n\t\t\t\t\t<div class=\"e-con-inner\">\n\t\t\n\t\t<div class=\"elementor-element elementor-element-498707ae elementor-widget elementor-widget-text-editor\" data-id=\"498707ae\" data-element_type=\"widget\" data-e-type=\"widget\" data-widget_type=\"text-editor.default\">\n\t\t\t\t<div class=\"elementor-widget-container\">\n\t\t\t\t\t\t\t\t\t<p>El esp\u00edritu que ha guiado Fisiolog\u00eda humana. Aplicaci\u00f3n a la actividad f\u00edsica 2\u00aa ed. es comprender la respuesta y la adaptaci\u00f3n del organismo al ejercicio y al entrenamiento mediante el razonamiento l\u00f3gico y sobre la base del estudio de las funciones fisiol\u00f3gicas en reposo.<\/p><p>En esta segunda edici\u00f3n se expone por un lado la respuesta y la adaptaci\u00f3n en personas sanas y por otro la respuesta y la adaptaci\u00f3n en personas con determinadas patolog\u00edas.<\/p><p>Esta obra representa una labor minuciosa y reflexiva, con puntos de vista desde m\u00faltiples \u00e1mbitos de la biolog\u00eda, la medicina, la biof\u00edsica, la patolog\u00eda y el ejercicio. Al mismo tiempo presenta los conocimientos de fisiolog\u00eda humana expuestos de la forma m\u00e1s sencilla y clara posible. El n\u00famero de cap\u00edtulos no ha cambiado, sin embargo, se han reestructurado, al conceder la importancia que tiene a la neurofisiolog\u00eda. Cada cap\u00edtulo est\u00e1 dise\u00f1ado de manera uniforme, y apoyado con iconos y elementos que facilitan su comprensi\u00f3n.<\/p>\t\t\t\t\t\t\t\t<\/div>\n\t\t\t\t<\/div>\n\t\t\t\t\t<\/div>\n\t\t\t\t<\/div>\n\t\t\t\t<\/div>\n\t\t","protected":false},"excerpt":{"rendered":"<p><strong>Autores:<\/strong>\u00a0Francisco Javier Calderon Montero<br \/>\n<strong>ISBN:<\/strong>\u00a09788491102045<br \/>\n<strong>Editorial:<\/strong>\u00a0Panamericana<br \/>\n<strong>Edici\u00f3n:<\/strong>\u00a02\u00aa<br \/>\n<strong>Especialidad<\/strong>: Fisiolog\u00eda<br \/>\n<strong>P\u00e1ginas:\u00a0<\/strong>450<br \/>\n\u00a9 2019<\/p>\n","protected":false},"featured_media":12782,"comment_status":"open","ping_status":"open","template":"","meta":{"_joinchat":[]},"product_cat":[209],"product_tag":[210,70],"class_list":{"0":"post-12781","1":"product","2":"type-product","3":"status-publish","4":"has-post-thumbnail","6":"product_cat-fisiologia","7":"product_tag-fisiologia","8":"product_tag-panamericana","10":"first","11":"instock","12":"featured","13":"taxable","14":"shipping-taxable","15":"purchasable","16":"product-type-simple"},"_links":{"self":[{"href":"https:\/\/edimeinter.com\/libreria\/wp-json\/wp\/v2\/product\/12781","targetHints":{"allow":["GET"]}}],"collection":[{"href":"https:\/\/edimeinter.com\/libreria\/wp-json\/wp\/v2\/product"}],"about":[{"href":"https:\/\/edimeinter.com\/libreria\/wp-json\/wp\/v2\/types\/product"}],"replies":[{"embeddable":true,"href":"https:\/\/edimeinter.com\/libreria\/wp-json\/wp\/v2\/comments?post=12781"}],"version-history":[{"count":1,"href":"https:\/\/edimeinter.com\/libreria\/wp-json\/wp\/v2\/product\/12781\/revisions"}],"predecessor-version":[{"id":15467,"href":"https:\/\/edimeinter.com\/libreria\/wp-json\/wp\/v2\/product\/12781\/revisions\/15467"}],"wp:featuredmedia":[{"embeddable":true,"href":"https:\/\/edimeinter.com\/libreria\/wp-json\/wp\/v2\/media\/12782"}],"wp:attachment":[{"href":"https:\/\/edimeinter.com\/libreria\/wp-json\/wp\/v2\/media?parent=12781"}],"wp:term":[{"taxonomy":"product_cat","embeddable":true,"href":"https:\/\/edimeinter.com\/libreria\/wp-json\/wp\/v2\/product_cat?post=12781"},{"taxonomy":"product_tag","embeddable":true,"href":"https:\/\/edimeinter.com\/libreria\/wp-json\/wp\/v2\/product_tag?post=12781"}],"curies":[{"name":"wp","href":"https:\/\/api.w.org\/{rel}","templated":true}]}}