{"id":12805,"date":"2025-02-13T13:53:02","date_gmt":"2025-02-13T13:53:02","guid":{"rendered":"https:\/\/edimeinter.com\/libreria\/?post_type=product&#038;p=12805"},"modified":"2025-05-13T19:25:02","modified_gmt":"2025-05-13T19:25:02","slug":"fisiologia-medica-del-razonamiento-fisiologico-al-razonamiento-clinico-2a-edicion","status":"publish","type":"product","link":"https:\/\/edimeinter.com\/libreria\/product\/fisiologia-medica-del-razonamiento-fisiologico-al-razonamiento-clinico-2a-edicion\/","title":{"rendered":"Fisiolog\u00eda M\u00e9dica \u2013 Del razonamiento fisiol\u00f3gico al razonamiento cl\u00ednico. 2\u00aa Edici\u00f3n"},"content":{"rendered":"\t\t<div data-elementor-type=\"wp-post\" data-elementor-id=\"12805\" class=\"elementor elementor-12805\">\n\t\t\t\t<div class=\"elementor-element elementor-element-2612b12 e-flex e-con-boxed e-con e-parent\" data-id=\"2612b12\" data-element_type=\"container\" data-e-type=\"container\">\n\t\t\t\t\t<div class=\"e-con-inner\">\n\t\t\n\t\t<div class=\"elementor-element elementor-element-498707ae elementor-widget elementor-widget-text-editor\" data-id=\"498707ae\" data-element_type=\"widget\" data-e-type=\"widget\" data-widget_type=\"text-editor.default\">\n\t\t\t\t<div class=\"elementor-widget-container\">\n\t\t\t\t\t\t\t\t\t<p>La fisiolog\u00eda, es una ciencia multidisciplinar, que utiliza diferentes lenguajes y estudia un conjunto de propiedades emergentes que no surgen de la simple suma de datos biof\u00edsicos o bioqu\u00edmicos, sino de la selecci\u00f3n de aquellos que son realmente signifi cativos sobre el ruido de fondo.<\/p><p>En esta 2\u00aa edici\u00f3n, se muestra una perspectiva global de la homeostasis del organismo, que es el car\u00e1cter distintivo de la fi siolog\u00eda, sin pretender que el conjunto sea un tratado exhaustivo. Adem\u00e1s, se identifican y defi nen las principales variables fi siol\u00f3gicas y se establecen entre ellas relaciones causaefecto, desde las m\u00e1s inmediatas hasta las m\u00e1s complejas.<\/p>\t\t\t\t\t\t\t\t<\/div>\n\t\t\t\t<\/div>\n\t\t\t\t\t<\/div>\n\t\t\t\t<\/div>\n\t\t\t\t<\/div>\n\t\t","protected":false},"excerpt":{"rendered":"<p><strong>Autores:<\/strong>\u00a0Crist\u00f3bal Mezquita Pla<br \/>\n<strong>ISBN:<\/strong>\u00a09788498359329<br \/>\n<strong>Editorial:<\/strong>\u00a0Panamericana<br \/>\n<strong>Edici\u00f3n:<\/strong>\u00a02\u00aa<br \/>\n<strong>Especialidad<\/strong>: Fisiolog\u00eda<br \/>\n<strong>P\u00e1ginas:\u00a0<\/strong>520<br \/>\n\u00a9 2018<\/p>\n","protected":false},"featured_media":12806,"comment_status":"open","ping_status":"closed","template":"","meta":{"_joinchat":[]},"product_cat":[209],"product_tag":[210,70],"class_list":{"0":"post-12805","1":"product","2":"type-product","3":"status-publish","4":"has-post-thumbnail","6":"product_cat-fisiologia","7":"product_tag-fisiologia","8":"product_tag-panamericana","10":"first","11":"instock","12":"featured","13":"taxable","14":"shipping-taxable","15":"purchasable","16":"product-type-simple"},"_links":{"self":[{"href":"https:\/\/edimeinter.com\/libreria\/wp-json\/wp\/v2\/product\/12805","targetHints":{"allow":["GET"]}}],"collection":[{"href":"https:\/\/edimeinter.com\/libreria\/wp-json\/wp\/v2\/product"}],"about":[{"href":"https:\/\/edimeinter.com\/libreria\/wp-json\/wp\/v2\/types\/product"}],"replies":[{"embeddable":true,"href":"https:\/\/edimeinter.com\/libreria\/wp-json\/wp\/v2\/comments?post=12805"}],"version-history":[{"count":1,"href":"https:\/\/edimeinter.com\/libreria\/wp-json\/wp\/v2\/product\/12805\/revisions"}],"predecessor-version":[{"id":15471,"href":"https:\/\/edimeinter.com\/libreria\/wp-json\/wp\/v2\/product\/12805\/revisions\/15471"}],"wp:featuredmedia":[{"embeddable":true,"href":"https:\/\/edimeinter.com\/libreria\/wp-json\/wp\/v2\/media\/12806"}],"wp:attachment":[{"href":"https:\/\/edimeinter.com\/libreria\/wp-json\/wp\/v2\/media?parent=12805"}],"wp:term":[{"taxonomy":"product_cat","embeddable":true,"href":"https:\/\/edimeinter.com\/libreria\/wp-json\/wp\/v2\/product_cat?post=12805"},{"taxonomy":"product_tag","embeddable":true,"href":"https:\/\/edimeinter.com\/libreria\/wp-json\/wp\/v2\/product_tag?post=12805"}],"curies":[{"name":"wp","href":"https:\/\/api.w.org\/{rel}","templated":true}]}}