{"id":12826,"date":"2025-02-13T14:20:25","date_gmt":"2025-02-13T14:20:25","guid":{"rendered":"https:\/\/edimeinter.com\/libreria\/?post_type=product&#038;p=12826"},"modified":"2025-03-04T20:54:29","modified_gmt":"2025-03-04T20:54:29","slug":"sistema-cardiovascular-metodos-fisioterapia-clinica-y-afecciones-para-fisioterapeutas-1a-edicion","status":"publish","type":"product","link":"https:\/\/edimeinter.com\/libreria\/product\/sistema-cardiovascular-metodos-fisioterapia-clinica-y-afecciones-para-fisioterapeutas-1a-edicion\/","title":{"rendered":"Sistema Cardiovascular \u2013 M\u00e9todos, fisioterapia cl\u00ednica y afecciones para fisioterapeutas. 1\u00aa Edici\u00f3n"},"content":{"rendered":"\t\t<div data-elementor-type=\"wp-post\" data-elementor-id=\"12826\" class=\"elementor elementor-12826\">\n\t\t\t\t<div class=\"elementor-element elementor-element-2612b12 e-flex e-con-boxed e-con e-parent\" data-id=\"2612b12\" data-element_type=\"container\" data-e-type=\"container\">\n\t\t\t\t\t<div class=\"e-con-inner\">\n\t\t\n\t\t<div class=\"elementor-element elementor-element-498707ae elementor-widget elementor-widget-text-editor\" data-id=\"498707ae\" data-element_type=\"widget\" data-e-type=\"widget\" data-widget_type=\"text-editor.default\">\n\t\t\t\t<div class=\"elementor-widget-container\">\n\t\t\t\t\t\t\t\t\t<div class=\"accordionContent pulir\"><p>Sistema cardiovascular. M\u00e9todos, fisioterapia cl\u00ednica y afecciones para fisioterapeutas propone una visi\u00f3n global del sistema cardiovascular desde una perspectiva orientada al fisioterapeuta, en un campo profesional muy relevante ya que trata de alteraciones graves de la salud cuya demanda asistencial es creciente en nuestro entorno social.<\/p><p>Estrechamente relacionado con los dise\u00f1os curriculares de las asignaturas acad\u00e9micas.Una obra pensada para estimular el razonamiento cl\u00ednico del lector, tanto estudiante como profesional en ejercicio, y dise\u00f1ada para favorecer la adquisici\u00f3n de competencias mediante una formaci\u00f3n aplicada en la que confluyen investigaci\u00f3n cient\u00edfica y praxis profesional.<\/p><\/div>\t\t\t\t\t\t\t\t<\/div>\n\t\t\t\t<\/div>\n\t\t\t\t\t<\/div>\n\t\t\t\t<\/div>\n\t\t\t\t<\/div>\n\t\t","protected":false},"excerpt":{"rendered":"<p><strong>Autores:<\/strong>\u00a0Jes\u00fas Seco Calvo<br \/>\n<strong>ISBN:<\/strong>\u00a09788491102014<br \/>\n<strong>Editorial:<\/strong>\u00a0Panamericana<br \/>\n<strong>Edici\u00f3n:<\/strong>\u00a01\u00aa<br \/>\n<strong>Especialidad<\/strong>: Fisioterapia<br \/>\n<strong>P\u00e1ginas:\u00a0<\/strong>300<br \/>\n\u00a9 2018<\/p>\n","protected":false},"featured_media":12827,"comment_status":"open","ping_status":"open","template":"","meta":{"_joinchat":[]},"product_cat":[111],"product_tag":[112,70],"class_list":{"0":"post-12826","1":"product","2":"type-product","3":"status-publish","4":"has-post-thumbnail","6":"product_cat-fisioterapia","7":"product_tag-fisioterapia","8":"product_tag-panamericana","10":"first","11":"instock","12":"featured","13":"taxable","14":"shipping-taxable","15":"purchasable","16":"product-type-simple"},"_links":{"self":[{"href":"https:\/\/edimeinter.com\/libreria\/wp-json\/wp\/v2\/product\/12826","targetHints":{"allow":["GET"]}}],"collection":[{"href":"https:\/\/edimeinter.com\/libreria\/wp-json\/wp\/v2\/product"}],"about":[{"href":"https:\/\/edimeinter.com\/libreria\/wp-json\/wp\/v2\/types\/product"}],"replies":[{"embeddable":true,"href":"https:\/\/edimeinter.com\/libreria\/wp-json\/wp\/v2\/comments?post=12826"}],"version-history":[{"count":1,"href":"https:\/\/edimeinter.com\/libreria\/wp-json\/wp\/v2\/product\/12826\/revisions"}],"predecessor-version":[{"id":15474,"href":"https:\/\/edimeinter.com\/libreria\/wp-json\/wp\/v2\/product\/12826\/revisions\/15474"}],"wp:featuredmedia":[{"embeddable":true,"href":"https:\/\/edimeinter.com\/libreria\/wp-json\/wp\/v2\/media\/12827"}],"wp:attachment":[{"href":"https:\/\/edimeinter.com\/libreria\/wp-json\/wp\/v2\/media?parent=12826"}],"wp:term":[{"taxonomy":"product_cat","embeddable":true,"href":"https:\/\/edimeinter.com\/libreria\/wp-json\/wp\/v2\/product_cat?post=12826"},{"taxonomy":"product_tag","embeddable":true,"href":"https:\/\/edimeinter.com\/libreria\/wp-json\/wp\/v2\/product_tag?post=12826"}],"curies":[{"name":"wp","href":"https:\/\/api.w.org\/{rel}","templated":true}]}}